{"id":5995,"date":"2020-11-26T11:23:10","date_gmt":"2020-11-26T11:23:10","guid":{"rendered":"https:\/\/www.barosa.com\/?post_type=product&#038;p=5995"},"modified":"2025-12-22T17:23:02","modified_gmt":"2025-12-22T16:23:02","slug":"molho-agridoce-250-grs-paladin","status":"publish","type":"product","link":"https:\/\/www.barosa.com\/de\/produto\/molho-agridoce-250-grs-paladin\/","title":{"rendered":"S\u00fc\u00df-saure So\u00dfe 250 g \u201cPaladin\u201d"},"content":{"rendered":"","protected":false},"excerpt":{"rendered":"<p><strong>Format:<\/strong><\/p>\n<ul>\n<li>250g Einheit<\/li>\n<\/ul>\n<pre>HABEN WIR DEM BITTERS\u00dcSSEN EINEN HAUCH VON MAGIE VERLIEHEN\r\nDENN WIR HABEN EINE VORLIEBE F\u00dcR ERFINDUNGEN\r\nH\u00c4HNCHEN UND KRABBEN BEKOMMEN EINEN NEUEN GESCHMACK\r\nUND SOGAR DER CHINESISCHE CR\u00caPE WILL PROBIEREN<\/pre>\n<p><strong>Marke:<\/strong> Paladin<\/p>","protected":false},"featured_media":5994,"template":"","meta":[],"product_brand":[722],"product_cat":[232],"product_tag":[],"class_list":{"0":"post-5995","1":"product","2":"type-product","3":"status-publish","4":"has-post-thumbnail","6":"product_brand-paladin","7":"product_cat-molhos-frios","9":"first","10":"instock","11":"taxable","12":"shipping-taxable","13":"purchasable","14":"product-type-simple"},"yoast_head":"<!-- This site is optimized with the Yoast SEO Premium plugin v27.6 (Yoast SEO v27.6) - https:\/\/yoast.com\/product\/yoast-seo-premium-wordpress\/ -->\n<title>Molho Agridoce 250 grs &quot;Paladin&quot; - BAROSA Congelados | Manuel de Sousa Barosa, Lda.<\/title>\n<meta name=\"description\" content=\"DEMOS AO AGRIDOCE UM TOQUE DE MAGIA PORQUE TEMOS A MANIA DE INVENTAR O FRANGO E O CAMAR\u00c3O GANHAM OUTRA ALEGRIA E AT\u00c9 O CREPE CHIN\u00caS QUER EXPERIMENTAR\" \/>\n<meta name=\"robots\" content=\"index, follow, max-snippet:-1, max-image-preview:large, max-video-preview:-1\" \/>\n<link rel=\"canonical\" href=\"https:\/\/www.barosa.com\/de\/product-2\/molho-agridoce-250-grs-paladin\/\" \/>\n<meta property=\"og:locale\" content=\"de_DE\" \/>\n<meta property=\"og:type\" content=\"article\" \/>\n<meta property=\"og:title\" content=\"Molho Agridoce 250 grs &quot;Paladin&quot;\" \/>\n<meta property=\"og:description\" content=\"DEMOS AO AGRIDOCE UM TOQUE DE MAGIA PORQUE TEMOS A MANIA DE INVENTAR O FRANGO E O CAMAR\u00c3O GANHAM OUTRA ALEGRIA E AT\u00c9 O CREPE CHIN\u00caS QUER EXPERIMENTAR\" \/>\n<meta property=\"og:url\" content=\"https:\/\/www.barosa.com\/de\/product-2\/molho-agridoce-250-grs-paladin\/\" \/>\n<meta property=\"og:site_name\" content=\"BAROSA Congelados | Manuel de Sousa Barosa, Lda.\" \/>\n<meta property=\"article:publisher\" content=\"http:\/\/www.facebook.com\/barosa\/\" \/>\n<meta property=\"article:modified_time\" content=\"2025-12-22T16:23:02+00:00\" \/>\n<meta property=\"og:image\" content=\"https:\/\/www.barosa.com\/wp-content\/uploads\/2020\/11\/Paladin-Molho-Agridoce-205-Grs.jpg\" \/>\n\t<meta property=\"og:image:width\" content=\"1024\" \/>\n\t<meta property=\"og:image:height\" content=\"1024\" \/>\n\t<meta property=\"og:image:type\" content=\"image\/jpeg\" \/>\n<meta name=\"twitter:card\" content=\"summary_large_image\" \/>\n<meta name=\"twitter:site\" content=\"@barosa_lda\" \/>\n<script type=\"application\/ld+json\" class=\"yoast-schema-graph\">{\"@context\":\"https:\\\/\\\/schema.org\",\"@graph\":[{\"@type\":\"WebPage\",\"@id\":\"https:\\\/\\\/www.barosa.com\\\/produto\\\/molho-agridoce-250-grs-paladin\\\/\",\"url\":\"https:\\\/\\\/www.barosa.com\\\/produto\\\/molho-agridoce-250-grs-paladin\\\/\",\"name\":\"Molho Agridoce 250 grs \\\"Paladin\\\" - BAROSA Congelados | Manuel de Sousa Barosa, Lda.\",\"isPartOf\":{\"@id\":\"https:\\\/\\\/www.barosa.com\\\/#website\"},\"primaryImageOfPage\":{\"@id\":\"https:\\\/\\\/www.barosa.com\\\/produto\\\/molho-agridoce-250-grs-paladin\\\/#primaryimage\"},\"image\":{\"@id\":\"https:\\\/\\\/www.barosa.com\\\/produto\\\/molho-agridoce-250-grs-paladin\\\/#primaryimage\"},\"thumbnailUrl\":\"https:\\\/\\\/www.barosa.com\\\/wp-content\\\/uploads\\\/2020\\\/11\\\/Paladin-Molho-Agridoce-205-Grs.jpg\",\"datePublished\":\"2020-11-26T11:23:10+00:00\",\"dateModified\":\"2025-12-22T16:23:02+00:00\",\"description\":\"DEMOS AO AGRIDOCE UM TOQUE DE MAGIA PORQUE TEMOS A MANIA DE INVENTAR O FRANGO E O CAMAR\u00c3O GANHAM OUTRA ALEGRIA E AT\u00c9 O CREPE CHIN\u00caS QUER EXPERIMENTAR\",\"breadcrumb\":{\"@id\":\"https:\\\/\\\/www.barosa.com\\\/produto\\\/molho-agridoce-250-grs-paladin\\\/#breadcrumb\"},\"inLanguage\":\"de\",\"potentialAction\":[{\"@type\":\"ReadAction\",\"target\":[\"https:\\\/\\\/www.barosa.com\\\/produto\\\/molho-agridoce-250-grs-paladin\\\/\"]}]},{\"@type\":\"ImageObject\",\"inLanguage\":\"de\",\"@id\":\"https:\\\/\\\/www.barosa.com\\\/produto\\\/molho-agridoce-250-grs-paladin\\\/#primaryimage\",\"url\":\"https:\\\/\\\/www.barosa.com\\\/wp-content\\\/uploads\\\/2020\\\/11\\\/Paladin-Molho-Agridoce-205-Grs.jpg\",\"contentUrl\":\"https:\\\/\\\/www.barosa.com\\\/wp-content\\\/uploads\\\/2020\\\/11\\\/Paladin-Molho-Agridoce-205-Grs.jpg\",\"width\":1024,\"height\":1024,\"caption\":\"Paladin Molho Agridoce 205 Grs\"},{\"@type\":\"BreadcrumbList\",\"@id\":\"https:\\\/\\\/www.barosa.com\\\/produto\\\/molho-agridoce-250-grs-paladin\\\/#breadcrumb\",\"itemListElement\":[{\"@type\":\"ListItem\",\"position\":1,\"name\":\"In\u00edcio\",\"item\":\"https:\\\/\\\/www.barosa.com\\\/\"},{\"@type\":\"ListItem\",\"position\":2,\"name\":\"Shop\",\"item\":\"https:\\\/\\\/www.barosa.com\\\/shop\\\/\"},{\"@type\":\"ListItem\",\"position\":3,\"name\":\"Molho Agridoce 250 grs &#8220;Paladin&#8221;\"}]},{\"@type\":\"WebSite\",\"@id\":\"https:\\\/\\\/www.barosa.com\\\/#website\",\"url\":\"https:\\\/\\\/www.barosa.com\\\/\",\"name\":\"BAROSA Congelados | Manuel de Sousa Barosa, Lda.\",\"description\":\"Empresa de transforma\u00e7\u00e3o e comercializa\u00e7\u00e3o de produtos alimentares congelados. BAROSA \u00ae Pescados, &quot;N\u00e3o h\u00e1 bom garfo que resista\u00ae&quot;. BAROSA \u00ae FoodService &quot;O lado bom da comida\u00ae&quot;. Pescados Crust\u00e1ceos Mariscos Cefal\u00f3podes Bivalves Padaria Pastelaria Pizzas Sobremesas\",\"publisher\":{\"@id\":\"https:\\\/\\\/www.barosa.com\\\/#organization\"},\"alternateName\":\"BAROSA\u00ae\",\"potentialAction\":[{\"@type\":\"SearchAction\",\"target\":{\"@type\":\"EntryPoint\",\"urlTemplate\":\"https:\\\/\\\/www.barosa.com\\\/?s={search_term_string}\"},\"query-input\":{\"@type\":\"PropertyValueSpecification\",\"valueRequired\":true,\"valueName\":\"search_term_string\"}}],\"inLanguage\":\"de\"},{\"@type\":\"Organization\",\"@id\":\"https:\\\/\\\/www.barosa.com\\\/#organization\",\"name\":\"Manuel de Sousa Barosa, Lda.\",\"alternateName\":\"BAROSA\",\"url\":\"https:\\\/\\\/www.barosa.com\\\/\",\"logo\":{\"@type\":\"ImageObject\",\"inLanguage\":\"de\",\"@id\":\"https:\\\/\\\/www.barosa.com\\\/#\\\/schema\\\/logo\\\/image\\\/\",\"url\":\"https:\\\/\\\/www.barosa.com\\\/wp-content\\\/uploads\\\/2025\\\/03\\\/BAROSA-Logo-696x696-1.jpg\",\"contentUrl\":\"https:\\\/\\\/www.barosa.com\\\/wp-content\\\/uploads\\\/2025\\\/03\\\/BAROSA-Logo-696x696-1.jpg\",\"width\":696,\"height\":696,\"caption\":\"Manuel de Sousa Barosa, Lda.\"},\"image\":{\"@id\":\"https:\\\/\\\/www.barosa.com\\\/#\\\/schema\\\/logo\\\/image\\\/\"},\"sameAs\":[\"http:\\\/\\\/www.facebook.com\\\/barosa\\\/\",\"https:\\\/\\\/x.com\\\/barosa_lda\",\"https:\\\/\\\/www.instagram.com\\\/barosa_lda\\\/\",\"https:\\\/\\\/pt.linkedin.com\\\/company\\\/barosa-lda\"],\"description\":\"Empresa de transforma\u00e7\u00e3o e comercializa\u00e7\u00e3o de produtos alimentares congelados. BAROSA \u00ae Pescados, \\\"N\u00e3o h\u00e1 bom garfo que resista\u00ae\\\". BAROSA \u00ae FoodService \\\"O lado bom da comida!\u00ae\\\"\",\"email\":\"info@barosa.com\",\"telephone\":\"+351 262824403\",\"legalName\":\"Manuel de Sousa Barosa, Lda.\",\"foundingDate\":\"1975-05-21\",\"vatID\":\"503365190\",\"taxID\":\"503365190\",\"duns\":\"452388713\",\"numberOfEmployees\":{\"@type\":\"QuantitativeValue\",\"minValue\":\"11\",\"maxValue\":\"50\"},\"ethicsPolicy\":\"https:\\\/\\\/www.barosa.com\\\/politicaprivacidade\\\/\"}]}<\/script>\n<!-- \/ Yoast SEO Premium plugin. -->","yoast_head_json":{"title":"S\u00fc\u00df-saure Sauce 250 grs \"Paladin\" - BAROSA Congelados | Manuel de Sousa Barosa, Lda.","description":"WIR HABEN DEM S\u00dcSS-SAUREN GERICHT EINEN HAUCH VON MAGIE VERLIEHEN, DENN WIR HABEN EINEN HANG ZUM ERFINDEN, H\u00c4HNCHEN UND GARNELEN BEKOMMEN EINE NEUE FREUDE UND SOGAR DER CHINESISCHE CR\u00caPE WILL ES AUSPROBIEREN","robots":{"index":"index","follow":"follow","max-snippet":"max-snippet:-1","max-image-preview":"max-image-preview:large","max-video-preview":"max-video-preview:-1"},"canonical":"https:\/\/www.barosa.com\/de\/product-2\/molho-agridoce-250-grs-paladin\/","og_locale":"de_DE","og_type":"article","og_title":"Molho Agridoce 250 grs \"Paladin\"","og_description":"DEMOS AO AGRIDOCE UM TOQUE DE MAGIA PORQUE TEMOS A MANIA DE INVENTAR O FRANGO E O CAMAR\u00c3O GANHAM OUTRA ALEGRIA E AT\u00c9 O CREPE CHIN\u00caS QUER EXPERIMENTAR","og_url":"https:\/\/www.barosa.com\/de\/product-2\/molho-agridoce-250-grs-paladin\/","og_site_name":"BAROSA Congelados | Manuel de Sousa Barosa, Lda.","article_publisher":"http:\/\/www.facebook.com\/barosa\/","article_modified_time":"2025-12-22T16:23:02+00:00","og_image":[{"width":1024,"height":1024,"url":"https:\/\/www.barosa.com\/wp-content\/uploads\/2020\/11\/Paladin-Molho-Agridoce-205-Grs.jpg","type":"image\/jpeg"}],"twitter_card":"summary_large_image","twitter_site":"@barosa_lda","schema":{"@context":"https:\/\/schema.org","@graph":[{"@type":"WebPage","@id":"https:\/\/www.barosa.com\/produto\/molho-agridoce-250-grs-paladin\/","url":"https:\/\/www.barosa.com\/produto\/molho-agridoce-250-grs-paladin\/","name":"S\u00fc\u00df-saure Sauce 250 grs \"Paladin\" - BAROSA Congelados | Manuel de Sousa Barosa, Lda.","isPartOf":{"@id":"https:\/\/www.barosa.com\/#website"},"primaryImageOfPage":{"@id":"https:\/\/www.barosa.com\/produto\/molho-agridoce-250-grs-paladin\/#primaryimage"},"image":{"@id":"https:\/\/www.barosa.com\/produto\/molho-agridoce-250-grs-paladin\/#primaryimage"},"thumbnailUrl":"https:\/\/www.barosa.com\/wp-content\/uploads\/2020\/11\/Paladin-Molho-Agridoce-205-Grs.jpg","datePublished":"2020-11-26T11:23:10+00:00","dateModified":"2025-12-22T16:23:02+00:00","description":"WIR HABEN DEM S\u00dcSS-SAUREN GERICHT EINEN HAUCH VON MAGIE VERLIEHEN, DENN WIR HABEN EINEN HANG ZUM ERFINDEN, H\u00c4HNCHEN UND GARNELEN BEKOMMEN EINE NEUE FREUDE UND SOGAR DER CHINESISCHE CR\u00caPE WILL ES AUSPROBIEREN","breadcrumb":{"@id":"https:\/\/www.barosa.com\/produto\/molho-agridoce-250-grs-paladin\/#breadcrumb"},"inLanguage":"de","potentialAction":[{"@type":"ReadAction","target":["https:\/\/www.barosa.com\/produto\/molho-agridoce-250-grs-paladin\/"]}]},{"@type":"ImageObject","inLanguage":"de","@id":"https:\/\/www.barosa.com\/produto\/molho-agridoce-250-grs-paladin\/#primaryimage","url":"https:\/\/www.barosa.com\/wp-content\/uploads\/2020\/11\/Paladin-Molho-Agridoce-205-Grs.jpg","contentUrl":"https:\/\/www.barosa.com\/wp-content\/uploads\/2020\/11\/Paladin-Molho-Agridoce-205-Grs.jpg","width":1024,"height":1024,"caption":"Paladin Molho Agridoce 205 Grs"},{"@type":"BreadcrumbList","@id":"https:\/\/www.barosa.com\/produto\/molho-agridoce-250-grs-paladin\/#breadcrumb","itemListElement":[{"@type":"ListItem","position":1,"name":"In\u00edcio","item":"https:\/\/www.barosa.com\/"},{"@type":"ListItem","position":2,"name":"Shop","item":"https:\/\/www.barosa.com\/shop\/"},{"@type":"ListItem","position":3,"name":"Molho Agridoce 250 grs &#8220;Paladin&#8221;"}]},{"@type":"WebSite","@id":"https:\/\/www.barosa.com\/#website","url":"https:\/\/www.barosa.com\/","name":"BAROSA Congelados | Manuel de Sousa Barosa, Lda.","description":"Ein Unternehmen, das Tiefk\u00fchlkostprodukte verarbeitet und verkauft. BAROSA \u00ae Fisch, \"Keine gute Gabel kann widerstehen\u00ae\". BAROSA \u00ae FoodService \"Die gute Seite des Essens\u00ae\". Fisch Krustentiere Schalentiere Kopff\u00fc\u00dfer Muscheln B\u00e4ckerei Geb\u00e4ck Pizzas Desserts","publisher":{"@id":"https:\/\/www.barosa.com\/#organization"},"alternateName":"BAROSA\u00ae","potentialAction":[{"@type":"SearchAction","target":{"@type":"EntryPoint","urlTemplate":"https:\/\/www.barosa.com\/?s={search_term_string}"},"query-input":{"@type":"PropertyValueSpecification","valueRequired":true,"valueName":"search_term_string"}}],"inLanguage":"de"},{"@type":"Organization","@id":"https:\/\/www.barosa.com\/#organization","name":"Manuel de Sousa Barosa, Lda.","alternateName":"BAROSA","url":"https:\/\/www.barosa.com\/","logo":{"@type":"ImageObject","inLanguage":"de","@id":"https:\/\/www.barosa.com\/#\/schema\/logo\/image\/","url":"https:\/\/www.barosa.com\/wp-content\/uploads\/2025\/03\/BAROSA-Logo-696x696-1.jpg","contentUrl":"https:\/\/www.barosa.com\/wp-content\/uploads\/2025\/03\/BAROSA-Logo-696x696-1.jpg","width":696,"height":696,"caption":"Manuel de Sousa Barosa, Lda."},"image":{"@id":"https:\/\/www.barosa.com\/#\/schema\/logo\/image\/"},"sameAs":["http:\/\/www.facebook.com\/barosa\/","https:\/\/x.com\/barosa_lda","https:\/\/www.instagram.com\/barosa_lda\/","https:\/\/pt.linkedin.com\/company\/barosa-lda"],"description":"Ein Unternehmen, das Tiefk\u00fchlkostprodukte verarbeitet und verkauft. BAROSA \u00ae Fisch, \"Keine gute Gabel kann widerstehen\u00ae\". BAROSA \u00ae FoodService \"Die gute Seite des Essens!\u00ae\"","email":"info@barosa.com","telephone":"+351 262824403","legalName":"Manuel de Sousa Barosa, Lda.","foundingDate":"1975-05-21","vatID":"503365190","taxID":"503365190","duns":"452388713","numberOfEmployees":{"@type":"QuantitativeValue","minValue":"11","maxValue":"50"},"ethicsPolicy":"https:\/\/www.barosa.com\/politicaprivacidade\/"}]}},"_links":{"self":[{"href":"https:\/\/www.barosa.com\/de\/wp-json\/wp\/v2\/product\/5995","targetHints":{"allow":["GET"]}}],"collection":[{"href":"https:\/\/www.barosa.com\/de\/wp-json\/wp\/v2\/product"}],"about":[{"href":"https:\/\/www.barosa.com\/de\/wp-json\/wp\/v2\/types\/product"}],"wp:featuredmedia":[{"embeddable":true,"href":"https:\/\/www.barosa.com\/de\/wp-json\/wp\/v2\/media\/5994"}],"wp:attachment":[{"href":"https:\/\/www.barosa.com\/de\/wp-json\/wp\/v2\/media?parent=5995"}],"wp:term":[{"taxonomy":"product_brand","embeddable":true,"href":"https:\/\/www.barosa.com\/de\/wp-json\/wp\/v2\/product_brand?post=5995"},{"taxonomy":"product_cat","embeddable":true,"href":"https:\/\/www.barosa.com\/de\/wp-json\/wp\/v2\/product_cat?post=5995"},{"taxonomy":"product_tag","embeddable":true,"href":"https:\/\/www.barosa.com\/de\/wp-json\/wp\/v2\/product_tag?post=5995"}],"curies":[{"name":"wp","href":"https:\/\/api.w.org\/{rel}","templated":true}]}}