{"id":5277,"date":"2020-03-20T16:51:14","date_gmt":"2020-03-20T15:51:14","guid":{"rendered":"http:\/\/www.barosa.com\/?post_type=product&#038;p=5277"},"modified":"2023-08-22T17:00:07","modified_gmt":"2023-08-22T16:00:07","slug":"the-vegetarian-butcher-nuggets-de-frango-vegan-1-75kg","status":"publish","type":"product","link":"https:\/\/www.barosa.com\/de\/produto\/the-vegetarian-butcher-nuggets-de-frango-vegan-1-75kg\/","title":{"rendered":"Der Vegetarische Metzger - Vegane \u201cH\u00fchner\u201d-Nuggets 1.75kg"},"content":{"rendered":"","protected":false},"excerpt":{"rendered":"<p>Nuggets \u00e0 base de prote\u00edna de soja n\u00e3o OGM, totalmente vegan, e para alguns, melhores que os nuggets originais. Rico em prote\u00edna, fortalecido com vitamina B12 e ferro.<\/p>\n<p>Tipo de embalagem:<\/p>\n<ul>\n<li>Caixa com 1,75 Kgs<\/li>\n<\/ul>\n<p><strong>Informa\u00e7\u00e3o diet\u00e9tica<\/strong><br \/>\nVegan<\/p>\n<p>Marca: The Vegetarian Butcher<\/p>\n[bg_collapse view=\"link\" color=\"#4a4949\" expand_text=\"Mostrar mais \u25bc\" collapse_text=\"Mostrar menos \u25b2\" ]<\/p>\n<p><strong>Prepara\u00e7\u00e3o<\/strong><br \/>\nNa frigideira: Fritar o produto em \u00f3leo (lume m\u00e9dio) durante aproximadamente 3 a 4 minutos at\u00e9 ficar dourado e estaladi\u00e7o. No forno: Pr\u00e9 aquecer o forno a 200\u00baC e cozinhar o produto durante 10 a 12 minutos.<\/p>\n<p><strong>Rendimento<\/strong><br \/>\nAproximadamente 20 doses<\/p>\n<p><strong>Ingredientes<\/strong><br \/>\npreparado de SOJA (69%) (\u00e1gua, prote\u00edna de SOJA), flocos de milho (milho, a\u00e7\u00facar), \u00f3leo de girassol, farinhas (milho, arroz), fibra de AVEIA, \u00f3leo de colza, aromas naturais, amido, acidificante (\u00e1cido c\u00edtrico), espessante (metilcelulose), amido modificado, sal, difosfato f\u00e9rrico (pirofosfato f\u00e9rrico), vitamina B12. Pode conter ovo, leite e frutos de casca rija.<\/p>\n<p>[\/bg_collapse]\n<p>&nbsp;<\/p>\n<h6><em>Produto congelado<\/em><\/h6>\n","protected":false},"featured_media":5278,"template":"","meta":[],"product_brand":[],"product_cat":[446],"product_tag":[],"class_list":{"0":"post-5277","1":"product","2":"type-product","3":"status-publish","4":"has-post-thumbnail","6":"product_cat-alternativos-a-carne","8":"first","9":"instock","10":"shipping-taxable","11":"purchasable","12":"product-type-simple"},"yoast_head":"<!-- This site is optimized with the Yoast SEO Premium plugin v27.3 (Yoast SEO v27.3) - https:\/\/yoast.com\/product\/yoast-seo-premium-wordpress\/ -->\n<title>The Vegetarian Butcher - Nuggets de \u201cFrango\u201d Vegan 1,75Kg - BAROSA Congelados | Manuel de Sousa Barosa, Lda.<\/title>\n<meta name=\"description\" content=\"Nuggets \u00e0 base de prote\u00edna de soja n\u00e3o OGM, totalmente vegan, e para alguns, melhores que os nuggets originais. Rico em prote\u00edna, fortalecido com vitamina B12 e ferro.\" \/>\n<meta name=\"robots\" content=\"index, follow, max-snippet:-1, max-image-preview:large, max-video-preview:-1\" \/>\n<link rel=\"canonical\" href=\"https:\/\/www.barosa.com\/de\/product-2\/the-vegetarian-butcher-nuggets-de-frango-vegan-1-75kg\/\" \/>\n<meta property=\"og:locale\" content=\"de_DE\" \/>\n<meta property=\"og:type\" content=\"article\" \/>\n<meta property=\"og:title\" content=\"The Vegetarian Butcher - Nuggets de \u201cFrango\u201d Vegan 1,75Kg\" \/>\n<meta property=\"og:description\" content=\"Nuggets \u00e0 base de prote\u00edna de soja n\u00e3o OGM, totalmente vegan, e para alguns, melhores que os nuggets originais. Rico em prote\u00edna, fortalecido com vitamina B12 e ferro.\" \/>\n<meta property=\"og:url\" content=\"https:\/\/www.barosa.com\/de\/product-2\/the-vegetarian-butcher-nuggets-de-frango-vegan-1-75kg\/\" \/>\n<meta property=\"og:site_name\" content=\"BAROSA Congelados | Manuel de Sousa Barosa, Lda.\" \/>\n<meta property=\"article:publisher\" content=\"http:\/\/www.facebook.com\/barosa\/\" \/>\n<meta property=\"article:modified_time\" content=\"2023-08-22T16:00:07+00:00\" \/>\n<meta property=\"og:image\" content=\"https:\/\/www.barosa.com\/wp-content\/uploads\/2020\/03\/F3-67951967.jpg\" \/>\n\t<meta property=\"og:image:width\" content=\"480\" \/>\n\t<meta property=\"og:image:height\" content=\"480\" \/>\n\t<meta property=\"og:image:type\" content=\"image\/jpeg\" \/>\n<meta name=\"twitter:card\" content=\"summary_large_image\" \/>\n<meta name=\"twitter:site\" content=\"@barosa_lda\" \/>\n<script type=\"application\/ld+json\" class=\"yoast-schema-graph\">{\"@context\":\"https:\\\/\\\/schema.org\",\"@graph\":[{\"@type\":\"WebPage\",\"@id\":\"https:\\\/\\\/www.barosa.com\\\/produto\\\/the-vegetarian-butcher-nuggets-de-frango-vegan-1-75kg\\\/\",\"url\":\"https:\\\/\\\/www.barosa.com\\\/produto\\\/the-vegetarian-butcher-nuggets-de-frango-vegan-1-75kg\\\/\",\"name\":\"The Vegetarian Butcher - Nuggets de \u201cFrango\u201d Vegan 1,75Kg - BAROSA Congelados | Manuel de Sousa Barosa, Lda.\",\"isPartOf\":{\"@id\":\"https:\\\/\\\/www.barosa.com\\\/#website\"},\"primaryImageOfPage\":{\"@id\":\"https:\\\/\\\/www.barosa.com\\\/produto\\\/the-vegetarian-butcher-nuggets-de-frango-vegan-1-75kg\\\/#primaryimage\"},\"image\":{\"@id\":\"https:\\\/\\\/www.barosa.com\\\/produto\\\/the-vegetarian-butcher-nuggets-de-frango-vegan-1-75kg\\\/#primaryimage\"},\"thumbnailUrl\":\"https:\\\/\\\/www.barosa.com\\\/wp-content\\\/uploads\\\/2020\\\/03\\\/F3-67951967.jpg\",\"datePublished\":\"2020-03-20T15:51:14+00:00\",\"dateModified\":\"2023-08-22T16:00:07+00:00\",\"description\":\"Nuggets \u00e0 base de prote\u00edna de soja n\u00e3o OGM, totalmente vegan, e para alguns, melhores que os nuggets originais. Rico em prote\u00edna, fortalecido com vitamina B12 e ferro.\",\"breadcrumb\":{\"@id\":\"https:\\\/\\\/www.barosa.com\\\/produto\\\/the-vegetarian-butcher-nuggets-de-frango-vegan-1-75kg\\\/#breadcrumb\"},\"inLanguage\":\"de\",\"potentialAction\":[{\"@type\":\"ReadAction\",\"target\":[\"https:\\\/\\\/www.barosa.com\\\/produto\\\/the-vegetarian-butcher-nuggets-de-frango-vegan-1-75kg\\\/\"]}]},{\"@type\":\"ImageObject\",\"inLanguage\":\"de\",\"@id\":\"https:\\\/\\\/www.barosa.com\\\/produto\\\/the-vegetarian-butcher-nuggets-de-frango-vegan-1-75kg\\\/#primaryimage\",\"url\":\"https:\\\/\\\/www.barosa.com\\\/wp-content\\\/uploads\\\/2020\\\/03\\\/F3-67951967.jpg\",\"contentUrl\":\"https:\\\/\\\/www.barosa.com\\\/wp-content\\\/uploads\\\/2020\\\/03\\\/F3-67951967.jpg\",\"width\":480,\"height\":480,\"caption\":\"The Vegetarian Butcher - Nuggets de \u201cFrango\u201d Vegan 1,75Kg\"},{\"@type\":\"BreadcrumbList\",\"@id\":\"https:\\\/\\\/www.barosa.com\\\/produto\\\/the-vegetarian-butcher-nuggets-de-frango-vegan-1-75kg\\\/#breadcrumb\",\"itemListElement\":[{\"@type\":\"ListItem\",\"position\":1,\"name\":\"In\u00edcio\",\"item\":\"https:\\\/\\\/www.barosa.com\\\/\"},{\"@type\":\"ListItem\",\"position\":2,\"name\":\"Shop\",\"item\":\"https:\\\/\\\/www.barosa.com\\\/shop\\\/\"},{\"@type\":\"ListItem\",\"position\":3,\"name\":\"The Vegetarian Butcher &#8211; Nuggets de \u201cFrango\u201d Vegan 1,75Kg\"}]},{\"@type\":\"WebSite\",\"@id\":\"https:\\\/\\\/www.barosa.com\\\/#website\",\"url\":\"https:\\\/\\\/www.barosa.com\\\/\",\"name\":\"BAROSA Congelados | Manuel de Sousa Barosa, Lda.\",\"description\":\"Empresa de transforma\u00e7\u00e3o e comercializa\u00e7\u00e3o de produtos alimentares congelados. BAROSA \u00ae Pescados, &quot;N\u00e3o h\u00e1 bom garfo que resista\u00ae&quot;. BAROSA \u00ae FoodService &quot;O lado bom da comida\u00ae&quot;. Pescados Crust\u00e1ceos Mariscos Cefal\u00f3podes Bivalves Padaria Pastelaria Pizzas Sobremesas\",\"publisher\":{\"@id\":\"https:\\\/\\\/www.barosa.com\\\/#organization\"},\"alternateName\":\"BAROSA\u00ae\",\"potentialAction\":[{\"@type\":\"SearchAction\",\"target\":{\"@type\":\"EntryPoint\",\"urlTemplate\":\"https:\\\/\\\/www.barosa.com\\\/?s={search_term_string}\"},\"query-input\":{\"@type\":\"PropertyValueSpecification\",\"valueRequired\":true,\"valueName\":\"search_term_string\"}}],\"inLanguage\":\"de\"},{\"@type\":\"Organization\",\"@id\":\"https:\\\/\\\/www.barosa.com\\\/#organization\",\"name\":\"Manuel de Sousa Barosa, Lda.\",\"alternateName\":\"BAROSA\",\"url\":\"https:\\\/\\\/www.barosa.com\\\/\",\"logo\":{\"@type\":\"ImageObject\",\"inLanguage\":\"de\",\"@id\":\"https:\\\/\\\/www.barosa.com\\\/#\\\/schema\\\/logo\\\/image\\\/\",\"url\":\"https:\\\/\\\/www.barosa.com\\\/wp-content\\\/uploads\\\/2025\\\/03\\\/BAROSA-Logo-696x696-1.jpg\",\"contentUrl\":\"https:\\\/\\\/www.barosa.com\\\/wp-content\\\/uploads\\\/2025\\\/03\\\/BAROSA-Logo-696x696-1.jpg\",\"width\":696,\"height\":696,\"caption\":\"Manuel de Sousa Barosa, Lda.\"},\"image\":{\"@id\":\"https:\\\/\\\/www.barosa.com\\\/#\\\/schema\\\/logo\\\/image\\\/\"},\"sameAs\":[\"http:\\\/\\\/www.facebook.com\\\/barosa\\\/\",\"https:\\\/\\\/x.com\\\/barosa_lda\",\"https:\\\/\\\/www.instagram.com\\\/barosa_lda\\\/\",\"https:\\\/\\\/pt.linkedin.com\\\/company\\\/barosa-lda\"],\"description\":\"Empresa de transforma\u00e7\u00e3o e comercializa\u00e7\u00e3o de produtos alimentares congelados. BAROSA \u00ae Pescados, \\\"N\u00e3o h\u00e1 bom garfo que resista\u00ae\\\". BAROSA \u00ae FoodService \\\"O lado bom da comida!\u00ae\\\"\",\"email\":\"info@barosa.com\",\"telephone\":\"+351 262824403\",\"legalName\":\"Manuel de Sousa Barosa, Lda.\",\"foundingDate\":\"1975-05-21\",\"vatID\":\"503365190\",\"taxID\":\"503365190\",\"duns\":\"452388713\",\"numberOfEmployees\":{\"@type\":\"QuantitativeValue\",\"minValue\":\"11\",\"maxValue\":\"50\"},\"ethicsPolicy\":\"https:\\\/\\\/www.barosa.com\\\/politicaprivacidade\\\/\"}]}<\/script>\n<!-- \/ Yoast SEO Premium plugin. -->","yoast_head_json":{"title":"The Vegetarian Butcher - Nuggets de \u201cFrango\u201d Vegan 1,75Kg - BAROSA Congelados | Manuel de Sousa Barosa, Lda.","description":"Nuggets \u00e0 base de prote\u00edna de soja n\u00e3o OGM, totalmente vegan, e para alguns, melhores que os nuggets originais. Rico em prote\u00edna, fortalecido com vitamina B12 e ferro.","robots":{"index":"index","follow":"follow","max-snippet":"max-snippet:-1","max-image-preview":"max-image-preview:large","max-video-preview":"max-video-preview:-1"},"canonical":"https:\/\/www.barosa.com\/de\/product-2\/the-vegetarian-butcher-nuggets-de-frango-vegan-1-75kg\/","og_locale":"de_DE","og_type":"article","og_title":"The Vegetarian Butcher - Nuggets de \u201cFrango\u201d Vegan 1,75Kg","og_description":"Nuggets \u00e0 base de prote\u00edna de soja n\u00e3o OGM, totalmente vegan, e para alguns, melhores que os nuggets originais. Rico em prote\u00edna, fortalecido com vitamina B12 e ferro.","og_url":"https:\/\/www.barosa.com\/de\/product-2\/the-vegetarian-butcher-nuggets-de-frango-vegan-1-75kg\/","og_site_name":"BAROSA Congelados | Manuel de Sousa Barosa, Lda.","article_publisher":"http:\/\/www.facebook.com\/barosa\/","article_modified_time":"2023-08-22T16:00:07+00:00","og_image":[{"width":480,"height":480,"url":"https:\/\/www.barosa.com\/wp-content\/uploads\/2020\/03\/F3-67951967.jpg","type":"image\/jpeg"}],"twitter_card":"summary_large_image","twitter_site":"@barosa_lda","schema":{"@context":"https:\/\/schema.org","@graph":[{"@type":"WebPage","@id":"https:\/\/www.barosa.com\/produto\/the-vegetarian-butcher-nuggets-de-frango-vegan-1-75kg\/","url":"https:\/\/www.barosa.com\/produto\/the-vegetarian-butcher-nuggets-de-frango-vegan-1-75kg\/","name":"The Vegetarian Butcher - Nuggets de \u201cFrango\u201d Vegan 1,75Kg - BAROSA Congelados | Manuel de Sousa Barosa, Lda.","isPartOf":{"@id":"https:\/\/www.barosa.com\/#website"},"primaryImageOfPage":{"@id":"https:\/\/www.barosa.com\/produto\/the-vegetarian-butcher-nuggets-de-frango-vegan-1-75kg\/#primaryimage"},"image":{"@id":"https:\/\/www.barosa.com\/produto\/the-vegetarian-butcher-nuggets-de-frango-vegan-1-75kg\/#primaryimage"},"thumbnailUrl":"https:\/\/www.barosa.com\/wp-content\/uploads\/2020\/03\/F3-67951967.jpg","datePublished":"2020-03-20T15:51:14+00:00","dateModified":"2023-08-22T16:00:07+00:00","description":"Nuggets \u00e0 base de prote\u00edna de soja n\u00e3o OGM, totalmente vegan, e para alguns, melhores que os nuggets originais. Rico em prote\u00edna, fortalecido com vitamina B12 e ferro.","breadcrumb":{"@id":"https:\/\/www.barosa.com\/produto\/the-vegetarian-butcher-nuggets-de-frango-vegan-1-75kg\/#breadcrumb"},"inLanguage":"de","potentialAction":[{"@type":"ReadAction","target":["https:\/\/www.barosa.com\/produto\/the-vegetarian-butcher-nuggets-de-frango-vegan-1-75kg\/"]}]},{"@type":"ImageObject","inLanguage":"de","@id":"https:\/\/www.barosa.com\/produto\/the-vegetarian-butcher-nuggets-de-frango-vegan-1-75kg\/#primaryimage","url":"https:\/\/www.barosa.com\/wp-content\/uploads\/2020\/03\/F3-67951967.jpg","contentUrl":"https:\/\/www.barosa.com\/wp-content\/uploads\/2020\/03\/F3-67951967.jpg","width":480,"height":480,"caption":"The Vegetarian Butcher - Nuggets de \u201cFrango\u201d Vegan 1,75Kg"},{"@type":"BreadcrumbList","@id":"https:\/\/www.barosa.com\/produto\/the-vegetarian-butcher-nuggets-de-frango-vegan-1-75kg\/#breadcrumb","itemListElement":[{"@type":"ListItem","position":1,"name":"In\u00edcio","item":"https:\/\/www.barosa.com\/"},{"@type":"ListItem","position":2,"name":"Shop","item":"https:\/\/www.barosa.com\/shop\/"},{"@type":"ListItem","position":3,"name":"The Vegetarian Butcher &#8211; Nuggets de \u201cFrango\u201d Vegan 1,75Kg"}]},{"@type":"WebSite","@id":"https:\/\/www.barosa.com\/#website","url":"https:\/\/www.barosa.com\/","name":"BAROSA Congelados | Manuel de Sousa Barosa, Lda.","description":"Ein Unternehmen, das Tiefk\u00fchlkostprodukte verarbeitet und verkauft. BAROSA \u00ae Fisch, \"Keine gute Gabel kann widerstehen\u00ae\". BAROSA \u00ae FoodService \"Die gute Seite des Essens\u00ae\". Fisch Krustentiere Schalentiere Kopff\u00fc\u00dfer Muscheln B\u00e4ckerei Geb\u00e4ck Pizzas Desserts","publisher":{"@id":"https:\/\/www.barosa.com\/#organization"},"alternateName":"BAROSA\u00ae","potentialAction":[{"@type":"SearchAction","target":{"@type":"EntryPoint","urlTemplate":"https:\/\/www.barosa.com\/?s={search_term_string}"},"query-input":{"@type":"PropertyValueSpecification","valueRequired":true,"valueName":"search_term_string"}}],"inLanguage":"de"},{"@type":"Organization","@id":"https:\/\/www.barosa.com\/#organization","name":"Manuel de Sousa Barosa, Lda.","alternateName":"BAROSA","url":"https:\/\/www.barosa.com\/","logo":{"@type":"ImageObject","inLanguage":"de","@id":"https:\/\/www.barosa.com\/#\/schema\/logo\/image\/","url":"https:\/\/www.barosa.com\/wp-content\/uploads\/2025\/03\/BAROSA-Logo-696x696-1.jpg","contentUrl":"https:\/\/www.barosa.com\/wp-content\/uploads\/2025\/03\/BAROSA-Logo-696x696-1.jpg","width":696,"height":696,"caption":"Manuel de Sousa Barosa, Lda."},"image":{"@id":"https:\/\/www.barosa.com\/#\/schema\/logo\/image\/"},"sameAs":["http:\/\/www.facebook.com\/barosa\/","https:\/\/x.com\/barosa_lda","https:\/\/www.instagram.com\/barosa_lda\/","https:\/\/pt.linkedin.com\/company\/barosa-lda"],"description":"Ein Unternehmen, das Tiefk\u00fchlkostprodukte verarbeitet und verkauft. BAROSA \u00ae Fisch, \"Keine gute Gabel kann widerstehen\u00ae\". BAROSA \u00ae FoodService \"Die gute Seite des Essens!\u00ae\"","email":"info@barosa.com","telephone":"+351 262824403","legalName":"Manuel de Sousa Barosa, Lda.","foundingDate":"1975-05-21","vatID":"503365190","taxID":"503365190","duns":"452388713","numberOfEmployees":{"@type":"QuantitativeValue","minValue":"11","maxValue":"50"},"ethicsPolicy":"https:\/\/www.barosa.com\/politicaprivacidade\/"}]}},"_links":{"self":[{"href":"https:\/\/www.barosa.com\/de\/wp-json\/wp\/v2\/product\/5277","targetHints":{"allow":["GET"]}}],"collection":[{"href":"https:\/\/www.barosa.com\/de\/wp-json\/wp\/v2\/product"}],"about":[{"href":"https:\/\/www.barosa.com\/de\/wp-json\/wp\/v2\/types\/product"}],"wp:featuredmedia":[{"embeddable":true,"href":"https:\/\/www.barosa.com\/de\/wp-json\/wp\/v2\/media\/5278"}],"wp:attachment":[{"href":"https:\/\/www.barosa.com\/de\/wp-json\/wp\/v2\/media?parent=5277"}],"wp:term":[{"taxonomy":"product_brand","embeddable":true,"href":"https:\/\/www.barosa.com\/de\/wp-json\/wp\/v2\/product_brand?post=5277"},{"taxonomy":"product_cat","embeddable":true,"href":"https:\/\/www.barosa.com\/de\/wp-json\/wp\/v2\/product_cat?post=5277"},{"taxonomy":"product_tag","embeddable":true,"href":"https:\/\/www.barosa.com\/de\/wp-json\/wp\/v2\/product_tag?post=5277"}],"curies":[{"name":"wp","href":"https:\/\/api.w.org\/{rel}","templated":true}]}}