{"id":4412,"date":"2019-11-27T23:46:04","date_gmt":"2019-11-27T22:46:04","guid":{"rendered":"http:\/\/www.barosa.com\/?post_type=product&#038;p=4412"},"modified":"2024-02-06T21:11:41","modified_gmt":"2024-02-06T20:11:41","slug":"lipton-infusao-tilia","status":"publish","type":"product","link":"https:\/\/www.barosa.com\/de\/produto\/lipton-infusao-tilia\/","title":{"rendered":"Lipton Limettenaufguss"},"content":{"rendered":"","protected":false},"excerpt":{"rendered":"<p><strong>Format: <\/strong>Embalagem com 25 Saquetas<\/p>\n<p><strong>Beschreibung<br \/>\n<\/strong>Os ch\u00e1s de ervas, vulgarmente denominados de infus\u00f5es prov\u00eam de folhas, flores ou ra\u00edzes. Isentos de cafe\u00edna, s\u00e3o verdadeiros instantes de pura tranquilidade e harmonia.<\/p>\n<p><strong>Marke:<\/strong> Lipton<\/p>","protected":false},"featured_media":4413,"template":"","meta":[],"product_brand":[],"product_cat":[241],"product_tag":[],"class_list":{"0":"post-4412","1":"product","2":"type-product","3":"status-publish","4":"has-post-thumbnail","6":"product_cat-chas","8":"first","9":"instock","10":"taxable","11":"shipping-taxable","12":"purchasable","13":"product-type-simple"},"yoast_head":"<!-- This site is optimized with the Yoast SEO Premium plugin v27.6 (Yoast SEO v27.6) - https:\/\/yoast.com\/product\/yoast-seo-premium-wordpress\/ -->\n<title>Lipton infus\u00e3o T\u00edlia - BAROSA Congelados | Manuel de Sousa Barosa, Lda.<\/title>\n<meta name=\"robots\" content=\"index, follow, max-snippet:-1, max-image-preview:large, max-video-preview:-1\" \/>\n<link rel=\"canonical\" href=\"https:\/\/www.barosa.com\/de\/product-2\/lipton-infusao-tilia\/\" \/>\n<meta property=\"og:locale\" content=\"de_DE\" \/>\n<meta property=\"og:type\" content=\"article\" \/>\n<meta property=\"og:title\" content=\"Lipton infus\u00e3o T\u00edlia\" \/>\n<meta property=\"og:description\" content=\"Formato: Embalagem com 25 Saquetas  Descri\u00e7\u00e3o Os ch\u00e1s de ervas, vulgarmente denominados de infus\u00f5es prov\u00eam de folhas, flores ou ra\u00edzes. Isentos de cafe\u00edna, s\u00e3o verdadeiros instantes de pura tranquilidade e harmonia.  Marca: Lipton\" \/>\n<meta property=\"og:url\" content=\"https:\/\/www.barosa.com\/de\/product-2\/lipton-infusao-tilia\/\" \/>\n<meta property=\"og:site_name\" content=\"BAROSA Congelados | Manuel de Sousa Barosa, Lda.\" \/>\n<meta property=\"article:publisher\" content=\"http:\/\/www.facebook.com\/barosa\/\" \/>\n<meta property=\"article:modified_time\" content=\"2024-02-06T20:11:41+00:00\" \/>\n<meta property=\"og:image\" content=\"https:\/\/www.barosa.com\/wp-content\/uploads\/2019\/11\/67602267.jpg\" \/>\n\t<meta property=\"og:image:width\" content=\"480\" \/>\n\t<meta property=\"og:image:height\" content=\"480\" \/>\n\t<meta property=\"og:image:type\" content=\"image\/jpeg\" \/>\n<meta name=\"twitter:card\" content=\"summary_large_image\" \/>\n<meta name=\"twitter:site\" content=\"@barosa_lda\" \/>\n<meta name=\"twitter:label1\" content=\"Gesch\u00e4tzte Lesezeit\" \/>\n\t<meta name=\"twitter:data1\" content=\"1\u00a0Minute\" \/>\n<script type=\"application\/ld+json\" class=\"yoast-schema-graph\">{\"@context\":\"https:\\\/\\\/schema.org\",\"@graph\":[{\"@type\":\"WebPage\",\"@id\":\"https:\\\/\\\/www.barosa.com\\\/produto\\\/lipton-infusao-tilia\\\/\",\"url\":\"https:\\\/\\\/www.barosa.com\\\/produto\\\/lipton-infusao-tilia\\\/\",\"name\":\"Lipton infus\u00e3o T\u00edlia - BAROSA Congelados | Manuel de Sousa Barosa, Lda.\",\"isPartOf\":{\"@id\":\"https:\\\/\\\/www.barosa.com\\\/#website\"},\"primaryImageOfPage\":{\"@id\":\"https:\\\/\\\/www.barosa.com\\\/produto\\\/lipton-infusao-tilia\\\/#primaryimage\"},\"image\":{\"@id\":\"https:\\\/\\\/www.barosa.com\\\/produto\\\/lipton-infusao-tilia\\\/#primaryimage\"},\"thumbnailUrl\":\"https:\\\/\\\/www.barosa.com\\\/wp-content\\\/uploads\\\/2019\\\/11\\\/67602267.jpg\",\"datePublished\":\"2019-11-27T22:46:04+00:00\",\"dateModified\":\"2024-02-06T20:11:41+00:00\",\"breadcrumb\":{\"@id\":\"https:\\\/\\\/www.barosa.com\\\/produto\\\/lipton-infusao-tilia\\\/#breadcrumb\"},\"inLanguage\":\"de\",\"potentialAction\":[{\"@type\":\"ReadAction\",\"target\":[\"https:\\\/\\\/www.barosa.com\\\/produto\\\/lipton-infusao-tilia\\\/\"]}]},{\"@type\":\"ImageObject\",\"inLanguage\":\"de\",\"@id\":\"https:\\\/\\\/www.barosa.com\\\/produto\\\/lipton-infusao-tilia\\\/#primaryimage\",\"url\":\"https:\\\/\\\/www.barosa.com\\\/wp-content\\\/uploads\\\/2019\\\/11\\\/67602267.jpg\",\"contentUrl\":\"https:\\\/\\\/www.barosa.com\\\/wp-content\\\/uploads\\\/2019\\\/11\\\/67602267.jpg\",\"width\":480,\"height\":480,\"caption\":\"Lipton infus\u00e3o T\u00edlia\"},{\"@type\":\"BreadcrumbList\",\"@id\":\"https:\\\/\\\/www.barosa.com\\\/produto\\\/lipton-infusao-tilia\\\/#breadcrumb\",\"itemListElement\":[{\"@type\":\"ListItem\",\"position\":1,\"name\":\"In\u00edcio\",\"item\":\"https:\\\/\\\/www.barosa.com\\\/\"},{\"@type\":\"ListItem\",\"position\":2,\"name\":\"Shop\",\"item\":\"https:\\\/\\\/www.barosa.com\\\/shop\\\/\"},{\"@type\":\"ListItem\",\"position\":3,\"name\":\"Lipton infus\u00e3o T\u00edlia\"}]},{\"@type\":\"WebSite\",\"@id\":\"https:\\\/\\\/www.barosa.com\\\/#website\",\"url\":\"https:\\\/\\\/www.barosa.com\\\/\",\"name\":\"BAROSA Congelados | Manuel de Sousa Barosa, Lda.\",\"description\":\"Empresa de transforma\u00e7\u00e3o e comercializa\u00e7\u00e3o de produtos alimentares congelados. BAROSA \u00ae Pescados, &quot;N\u00e3o h\u00e1 bom garfo que resista\u00ae&quot;. BAROSA \u00ae FoodService &quot;O lado bom da comida\u00ae&quot;. Pescados Crust\u00e1ceos Mariscos Cefal\u00f3podes Bivalves Padaria Pastelaria Pizzas Sobremesas\",\"publisher\":{\"@id\":\"https:\\\/\\\/www.barosa.com\\\/#organization\"},\"alternateName\":\"BAROSA\u00ae\",\"potentialAction\":[{\"@type\":\"SearchAction\",\"target\":{\"@type\":\"EntryPoint\",\"urlTemplate\":\"https:\\\/\\\/www.barosa.com\\\/?s={search_term_string}\"},\"query-input\":{\"@type\":\"PropertyValueSpecification\",\"valueRequired\":true,\"valueName\":\"search_term_string\"}}],\"inLanguage\":\"de\"},{\"@type\":\"Organization\",\"@id\":\"https:\\\/\\\/www.barosa.com\\\/#organization\",\"name\":\"Manuel de Sousa Barosa, Lda.\",\"alternateName\":\"BAROSA\",\"url\":\"https:\\\/\\\/www.barosa.com\\\/\",\"logo\":{\"@type\":\"ImageObject\",\"inLanguage\":\"de\",\"@id\":\"https:\\\/\\\/www.barosa.com\\\/#\\\/schema\\\/logo\\\/image\\\/\",\"url\":\"https:\\\/\\\/www.barosa.com\\\/wp-content\\\/uploads\\\/2025\\\/03\\\/BAROSA-Logo-696x696-1.jpg\",\"contentUrl\":\"https:\\\/\\\/www.barosa.com\\\/wp-content\\\/uploads\\\/2025\\\/03\\\/BAROSA-Logo-696x696-1.jpg\",\"width\":696,\"height\":696,\"caption\":\"Manuel de Sousa Barosa, Lda.\"},\"image\":{\"@id\":\"https:\\\/\\\/www.barosa.com\\\/#\\\/schema\\\/logo\\\/image\\\/\"},\"sameAs\":[\"http:\\\/\\\/www.facebook.com\\\/barosa\\\/\",\"https:\\\/\\\/x.com\\\/barosa_lda\",\"https:\\\/\\\/www.instagram.com\\\/barosa_lda\\\/\",\"https:\\\/\\\/pt.linkedin.com\\\/company\\\/barosa-lda\"],\"description\":\"Empresa de transforma\u00e7\u00e3o e comercializa\u00e7\u00e3o de produtos alimentares congelados. BAROSA \u00ae Pescados, \\\"N\u00e3o h\u00e1 bom garfo que resista\u00ae\\\". BAROSA \u00ae FoodService \\\"O lado bom da comida!\u00ae\\\"\",\"email\":\"info@barosa.com\",\"telephone\":\"+351 262824403\",\"legalName\":\"Manuel de Sousa Barosa, Lda.\",\"foundingDate\":\"1975-05-21\",\"vatID\":\"503365190\",\"taxID\":\"503365190\",\"duns\":\"452388713\",\"numberOfEmployees\":{\"@type\":\"QuantitativeValue\",\"minValue\":\"11\",\"maxValue\":\"50\"},\"ethicsPolicy\":\"https:\\\/\\\/www.barosa.com\\\/politicaprivacidade\\\/\"}]}<\/script>\n<!-- \/ Yoast SEO Premium plugin. -->","yoast_head_json":{"title":"Lipton infus\u00e3o T\u00edlia - BAROSA Congelados | Manuel de Sousa Barosa, Lda.","robots":{"index":"index","follow":"follow","max-snippet":"max-snippet:-1","max-image-preview":"max-image-preview:large","max-video-preview":"max-video-preview:-1"},"canonical":"https:\/\/www.barosa.com\/de\/product-2\/lipton-infusao-tilia\/","og_locale":"de_DE","og_type":"article","og_title":"Lipton infus\u00e3o T\u00edlia","og_description":"Formato: Embalagem com 25 Saquetas  Descri\u00e7\u00e3o Os ch\u00e1s de ervas, vulgarmente denominados de infus\u00f5es prov\u00eam de folhas, flores ou ra\u00edzes. Isentos de cafe\u00edna, s\u00e3o verdadeiros instantes de pura tranquilidade e harmonia.  Marca: Lipton","og_url":"https:\/\/www.barosa.com\/de\/product-2\/lipton-infusao-tilia\/","og_site_name":"BAROSA Congelados | Manuel de Sousa Barosa, Lda.","article_publisher":"http:\/\/www.facebook.com\/barosa\/","article_modified_time":"2024-02-06T20:11:41+00:00","og_image":[{"width":480,"height":480,"url":"https:\/\/www.barosa.com\/wp-content\/uploads\/2019\/11\/67602267.jpg","type":"image\/jpeg"}],"twitter_card":"summary_large_image","twitter_site":"@barosa_lda","twitter_misc":{"Gesch\u00e4tzte Lesezeit":"1\u00a0Minute"},"schema":{"@context":"https:\/\/schema.org","@graph":[{"@type":"WebPage","@id":"https:\/\/www.barosa.com\/produto\/lipton-infusao-tilia\/","url":"https:\/\/www.barosa.com\/produto\/lipton-infusao-tilia\/","name":"Lipton infus\u00e3o T\u00edlia - BAROSA Congelados | Manuel de Sousa Barosa, Lda.","isPartOf":{"@id":"https:\/\/www.barosa.com\/#website"},"primaryImageOfPage":{"@id":"https:\/\/www.barosa.com\/produto\/lipton-infusao-tilia\/#primaryimage"},"image":{"@id":"https:\/\/www.barosa.com\/produto\/lipton-infusao-tilia\/#primaryimage"},"thumbnailUrl":"https:\/\/www.barosa.com\/wp-content\/uploads\/2019\/11\/67602267.jpg","datePublished":"2019-11-27T22:46:04+00:00","dateModified":"2024-02-06T20:11:41+00:00","breadcrumb":{"@id":"https:\/\/www.barosa.com\/produto\/lipton-infusao-tilia\/#breadcrumb"},"inLanguage":"de","potentialAction":[{"@type":"ReadAction","target":["https:\/\/www.barosa.com\/produto\/lipton-infusao-tilia\/"]}]},{"@type":"ImageObject","inLanguage":"de","@id":"https:\/\/www.barosa.com\/produto\/lipton-infusao-tilia\/#primaryimage","url":"https:\/\/www.barosa.com\/wp-content\/uploads\/2019\/11\/67602267.jpg","contentUrl":"https:\/\/www.barosa.com\/wp-content\/uploads\/2019\/11\/67602267.jpg","width":480,"height":480,"caption":"Lipton infus\u00e3o T\u00edlia"},{"@type":"BreadcrumbList","@id":"https:\/\/www.barosa.com\/produto\/lipton-infusao-tilia\/#breadcrumb","itemListElement":[{"@type":"ListItem","position":1,"name":"In\u00edcio","item":"https:\/\/www.barosa.com\/"},{"@type":"ListItem","position":2,"name":"Shop","item":"https:\/\/www.barosa.com\/shop\/"},{"@type":"ListItem","position":3,"name":"Lipton infus\u00e3o T\u00edlia"}]},{"@type":"WebSite","@id":"https:\/\/www.barosa.com\/#website","url":"https:\/\/www.barosa.com\/","name":"BAROSA Congelados | Manuel de Sousa Barosa, Lda.","description":"Ein Unternehmen, das Tiefk\u00fchlkostprodukte verarbeitet und verkauft. BAROSA \u00ae Fisch, \"Keine gute Gabel kann widerstehen\u00ae\". BAROSA \u00ae FoodService \"Die gute Seite des Essens\u00ae\". Fisch Krustentiere Schalentiere Kopff\u00fc\u00dfer Muscheln B\u00e4ckerei Geb\u00e4ck Pizzas Desserts","publisher":{"@id":"https:\/\/www.barosa.com\/#organization"},"alternateName":"BAROSA\u00ae","potentialAction":[{"@type":"SearchAction","target":{"@type":"EntryPoint","urlTemplate":"https:\/\/www.barosa.com\/?s={search_term_string}"},"query-input":{"@type":"PropertyValueSpecification","valueRequired":true,"valueName":"search_term_string"}}],"inLanguage":"de"},{"@type":"Organization","@id":"https:\/\/www.barosa.com\/#organization","name":"Manuel de Sousa Barosa, Lda.","alternateName":"BAROSA","url":"https:\/\/www.barosa.com\/","logo":{"@type":"ImageObject","inLanguage":"de","@id":"https:\/\/www.barosa.com\/#\/schema\/logo\/image\/","url":"https:\/\/www.barosa.com\/wp-content\/uploads\/2025\/03\/BAROSA-Logo-696x696-1.jpg","contentUrl":"https:\/\/www.barosa.com\/wp-content\/uploads\/2025\/03\/BAROSA-Logo-696x696-1.jpg","width":696,"height":696,"caption":"Manuel de Sousa Barosa, Lda."},"image":{"@id":"https:\/\/www.barosa.com\/#\/schema\/logo\/image\/"},"sameAs":["http:\/\/www.facebook.com\/barosa\/","https:\/\/x.com\/barosa_lda","https:\/\/www.instagram.com\/barosa_lda\/","https:\/\/pt.linkedin.com\/company\/barosa-lda"],"description":"Ein Unternehmen, das Tiefk\u00fchlkostprodukte verarbeitet und verkauft. BAROSA \u00ae Fisch, \"Keine gute Gabel kann widerstehen\u00ae\". BAROSA \u00ae FoodService \"Die gute Seite des Essens!\u00ae\"","email":"info@barosa.com","telephone":"+351 262824403","legalName":"Manuel de Sousa Barosa, Lda.","foundingDate":"1975-05-21","vatID":"503365190","taxID":"503365190","duns":"452388713","numberOfEmployees":{"@type":"QuantitativeValue","minValue":"11","maxValue":"50"},"ethicsPolicy":"https:\/\/www.barosa.com\/politicaprivacidade\/"}]}},"_links":{"self":[{"href":"https:\/\/www.barosa.com\/de\/wp-json\/wp\/v2\/product\/4412","targetHints":{"allow":["GET"]}}],"collection":[{"href":"https:\/\/www.barosa.com\/de\/wp-json\/wp\/v2\/product"}],"about":[{"href":"https:\/\/www.barosa.com\/de\/wp-json\/wp\/v2\/types\/product"}],"wp:featuredmedia":[{"embeddable":true,"href":"https:\/\/www.barosa.com\/de\/wp-json\/wp\/v2\/media\/4413"}],"wp:attachment":[{"href":"https:\/\/www.barosa.com\/de\/wp-json\/wp\/v2\/media?parent=4412"}],"wp:term":[{"taxonomy":"product_brand","embeddable":true,"href":"https:\/\/www.barosa.com\/de\/wp-json\/wp\/v2\/product_brand?post=4412"},{"taxonomy":"product_cat","embeddable":true,"href":"https:\/\/www.barosa.com\/de\/wp-json\/wp\/v2\/product_cat?post=4412"},{"taxonomy":"product_tag","embeddable":true,"href":"https:\/\/www.barosa.com\/de\/wp-json\/wp\/v2\/product_tag?post=4412"}],"curies":[{"name":"wp","href":"https:\/\/api.w.org\/{rel}","templated":true}]}}