{"id":4321,"date":"2019-11-26T21:41:26","date_gmt":"2019-11-26T20:41:26","guid":{"rendered":"http:\/\/www.barosa.com\/?post_type=product&#038;p=4321"},"modified":"2023-08-25T16:44:53","modified_gmt":"2023-08-25T15:44:53","slug":"knorr-caldo-liquido-concentrado-carne-1lt","status":"publish","type":"product","link":"https:\/\/www.barosa.com\/de\/produto\/knorr-caldo-liquido-concentrado-carne-1lt\/","title":{"rendered":"Knorr Konzentrierte Rinderbr\u00fche 1Lt"},"content":{"rendered":"","protected":false},"excerpt":{"rendered":"<p><strong>Format:<\/strong><\/p>\n<ul>\n<li>Packung mit 1 Liter<\/li>\n<\/ul>\n<p><strong>Beschreibung<\/strong><br \/>\nCaldo L\u00edquido Concentrado de Carne. Sem intensificadores de sabor, gl\u00faten, gordura de palma, corantes artificiais e conservantes. Pode ser usado dilu\u00eddo ou direto em todas as fases da prepara\u00e7\u00e3o.<\/p>\n<ul>\n<li>Die neue Generation von Br\u00fchen: Konzentrierte Fl\u00fcssigbr\u00fchen mit dem vollen Geschmack!<\/li>\n<li>Konzentrierte Br\u00fche - kein Zusatz von Salz erforderlich<\/li>\n<li>Kann verd\u00fcnnt oder pur verwendet werden<\/li>\n<li>Frei von: Geschmacksverst\u00e4rkern; Gluten; Palmfett; K\u00fcnstlichen Farbstoffen; Konservierungsstoffen<\/li>\n<li>Verwendung in gegrillten, gekochten, ged\u00fcnsteten, geschmorten, gebratenen, frittierten und gratinierten Gerichten<\/li>\n<\/ul>\n<p><strong>Vorbereitung<\/strong><br \/>\nVor Gebrauch sch\u00fctteln. Um eine Br\u00fche zuzubereiten, geben Sie 33 g Knorr Fl\u00fcssigbr\u00fche auf 1 Liter Wasser.<\/p>\n<p><strong>Einkommen<\/strong><br \/>\n1 Liter Br\u00fche = 30 Liter zubereitete Br\u00fche<\/p>\n<p><strong>Zusatzstoffe<\/strong><br \/>\nOhne Konservierungsstoffe<br \/>\nKeine k\u00fcnstlichen Farbstoffe<br \/>\nKeine Geschmacksverst\u00e4rker<\/p>\n<p><strong>Allergene<\/strong><br \/>\nGlutenfrei<\/p>\n<p><strong>Marke:<\/strong> Knorr<\/p>","protected":false},"featured_media":4322,"template":"","meta":[],"product_brand":[],"product_cat":[231],"product_tag":[],"class_list":{"0":"post-4321","1":"product","2":"type-product","3":"status-publish","4":"has-post-thumbnail","6":"product_cat-caldos","8":"first","9":"instock","10":"taxable","11":"shipping-taxable","12":"purchasable","13":"product-type-simple"},"yoast_head":"<!-- This site is optimized with the Yoast SEO Premium plugin v27.6 (Yoast SEO v27.6) - https:\/\/yoast.com\/product\/yoast-seo-premium-wordpress\/ -->\n<title>Knorr Caldo L\u00edquido Concentrado Carne 1Lt - BAROSA Congelados | Manuel de Sousa Barosa, Lda.<\/title>\n<meta name=\"robots\" content=\"index, follow, max-snippet:-1, max-image-preview:large, max-video-preview:-1\" \/>\n<link rel=\"canonical\" href=\"https:\/\/www.barosa.com\/de\/product-2\/knorr-caldo-liquido-concentrado-carne-1lt\/\" \/>\n<meta property=\"og:locale\" content=\"de_DE\" \/>\n<meta property=\"og:type\" content=\"article\" \/>\n<meta property=\"og:title\" content=\"Knorr Caldo L\u00edquido Concentrado Carne 1Lt\" \/>\n<meta property=\"og:description\" content=\"Formato:   Embalagem com 1 litro  Descri\u00e7\u00e3o Caldo L\u00edquido Concentrado de Carne. Sem intensificadores de sabor, gl\u00faten, gordura de palma, corantes artificiais e conservantes. Pode ser usado dilu\u00eddo ou direto em todas as fases da prepara\u00e7\u00e3o.   A Nova Gera\u00e7\u00e3o de Caldos: Caldos L\u00edquidos Concentrados com todo o sabor!  Caldo Concentrado \u2013 Dispensa adi\u00e7\u00e3o de sal  Pode ser usado dilu\u00eddo ou direto  Sem: Intensificadores de Sabor; Gl\u00faten; Gordura de Palma; Corantes Artificias; Conservantes  Utiliza\u00e7\u00e3o em Grelhados, Cozidos, Guisados, Estufados, Assados, Fritos e gratinados  Prepara\u00e7\u00e3o Agitar antes de usar. Para preparar um caldo, junte 33 g de Knorr caldo l\u00edquido a 1 L de \u00e1gua.  Rendimento 1L de Caldo = 30 L de Caldo Preparado  Aditivos Sem conservantes Sem corantes artif\u00edciais Sem intensificadores de sabor  Alerg\u00e9neos Isento de gl\u00faten  Marca: Knorr\" \/>\n<meta property=\"og:url\" content=\"https:\/\/www.barosa.com\/de\/product-2\/knorr-caldo-liquido-concentrado-carne-1lt\/\" \/>\n<meta property=\"og:site_name\" content=\"BAROSA Congelados | Manuel de Sousa Barosa, Lda.\" \/>\n<meta property=\"article:publisher\" content=\"http:\/\/www.facebook.com\/barosa\/\" \/>\n<meta property=\"article:modified_time\" content=\"2023-08-25T15:44:53+00:00\" \/>\n<meta property=\"og:image\" content=\"https:\/\/www.barosa.com\/wp-content\/uploads\/2019\/11\/67820994.jpg\" \/>\n\t<meta property=\"og:image:width\" content=\"446\" \/>\n\t<meta property=\"og:image:height\" content=\"480\" \/>\n\t<meta property=\"og:image:type\" content=\"image\/jpeg\" \/>\n<meta name=\"twitter:card\" content=\"summary_large_image\" \/>\n<meta name=\"twitter:site\" content=\"@barosa_lda\" \/>\n<script type=\"application\/ld+json\" class=\"yoast-schema-graph\">{\"@context\":\"https:\\\/\\\/schema.org\",\"@graph\":[{\"@type\":\"WebPage\",\"@id\":\"https:\\\/\\\/www.barosa.com\\\/produto\\\/knorr-caldo-liquido-concentrado-carne-1lt\\\/\",\"url\":\"https:\\\/\\\/www.barosa.com\\\/produto\\\/knorr-caldo-liquido-concentrado-carne-1lt\\\/\",\"name\":\"Knorr Caldo L\u00edquido Concentrado Carne 1Lt - BAROSA Congelados | Manuel de Sousa Barosa, Lda.\",\"isPartOf\":{\"@id\":\"https:\\\/\\\/www.barosa.com\\\/#website\"},\"primaryImageOfPage\":{\"@id\":\"https:\\\/\\\/www.barosa.com\\\/produto\\\/knorr-caldo-liquido-concentrado-carne-1lt\\\/#primaryimage\"},\"image\":{\"@id\":\"https:\\\/\\\/www.barosa.com\\\/produto\\\/knorr-caldo-liquido-concentrado-carne-1lt\\\/#primaryimage\"},\"thumbnailUrl\":\"https:\\\/\\\/www.barosa.com\\\/wp-content\\\/uploads\\\/2019\\\/11\\\/67820994.jpg\",\"datePublished\":\"2019-11-26T20:41:26+00:00\",\"dateModified\":\"2023-08-25T15:44:53+00:00\",\"breadcrumb\":{\"@id\":\"https:\\\/\\\/www.barosa.com\\\/produto\\\/knorr-caldo-liquido-concentrado-carne-1lt\\\/#breadcrumb\"},\"inLanguage\":\"de\",\"potentialAction\":[{\"@type\":\"ReadAction\",\"target\":[\"https:\\\/\\\/www.barosa.com\\\/produto\\\/knorr-caldo-liquido-concentrado-carne-1lt\\\/\"]}]},{\"@type\":\"ImageObject\",\"inLanguage\":\"de\",\"@id\":\"https:\\\/\\\/www.barosa.com\\\/produto\\\/knorr-caldo-liquido-concentrado-carne-1lt\\\/#primaryimage\",\"url\":\"https:\\\/\\\/www.barosa.com\\\/wp-content\\\/uploads\\\/2019\\\/11\\\/67820994.jpg\",\"contentUrl\":\"https:\\\/\\\/www.barosa.com\\\/wp-content\\\/uploads\\\/2019\\\/11\\\/67820994.jpg\",\"width\":446,\"height\":480,\"caption\":\"Knorr Caldo L\u00edquido Concentrado Carne 1Lt\"},{\"@type\":\"BreadcrumbList\",\"@id\":\"https:\\\/\\\/www.barosa.com\\\/produto\\\/knorr-caldo-liquido-concentrado-carne-1lt\\\/#breadcrumb\",\"itemListElement\":[{\"@type\":\"ListItem\",\"position\":1,\"name\":\"In\u00edcio\",\"item\":\"https:\\\/\\\/www.barosa.com\\\/\"},{\"@type\":\"ListItem\",\"position\":2,\"name\":\"Shop\",\"item\":\"https:\\\/\\\/www.barosa.com\\\/shop\\\/\"},{\"@type\":\"ListItem\",\"position\":3,\"name\":\"Knorr Caldo L\u00edquido Concentrado Carne 1Lt\"}]},{\"@type\":\"WebSite\",\"@id\":\"https:\\\/\\\/www.barosa.com\\\/#website\",\"url\":\"https:\\\/\\\/www.barosa.com\\\/\",\"name\":\"BAROSA Congelados | Manuel de Sousa Barosa, Lda.\",\"description\":\"Empresa de transforma\u00e7\u00e3o e comercializa\u00e7\u00e3o de produtos alimentares congelados. BAROSA \u00ae Pescados, &quot;N\u00e3o h\u00e1 bom garfo que resista\u00ae&quot;. BAROSA \u00ae FoodService &quot;O lado bom da comida\u00ae&quot;. Pescados Crust\u00e1ceos Mariscos Cefal\u00f3podes Bivalves Padaria Pastelaria Pizzas Sobremesas\",\"publisher\":{\"@id\":\"https:\\\/\\\/www.barosa.com\\\/#organization\"},\"alternateName\":\"BAROSA\u00ae\",\"potentialAction\":[{\"@type\":\"SearchAction\",\"target\":{\"@type\":\"EntryPoint\",\"urlTemplate\":\"https:\\\/\\\/www.barosa.com\\\/?s={search_term_string}\"},\"query-input\":{\"@type\":\"PropertyValueSpecification\",\"valueRequired\":true,\"valueName\":\"search_term_string\"}}],\"inLanguage\":\"de\"},{\"@type\":\"Organization\",\"@id\":\"https:\\\/\\\/www.barosa.com\\\/#organization\",\"name\":\"Manuel de Sousa Barosa, Lda.\",\"alternateName\":\"BAROSA\",\"url\":\"https:\\\/\\\/www.barosa.com\\\/\",\"logo\":{\"@type\":\"ImageObject\",\"inLanguage\":\"de\",\"@id\":\"https:\\\/\\\/www.barosa.com\\\/#\\\/schema\\\/logo\\\/image\\\/\",\"url\":\"https:\\\/\\\/www.barosa.com\\\/wp-content\\\/uploads\\\/2025\\\/03\\\/BAROSA-Logo-696x696-1.jpg\",\"contentUrl\":\"https:\\\/\\\/www.barosa.com\\\/wp-content\\\/uploads\\\/2025\\\/03\\\/BAROSA-Logo-696x696-1.jpg\",\"width\":696,\"height\":696,\"caption\":\"Manuel de Sousa Barosa, Lda.\"},\"image\":{\"@id\":\"https:\\\/\\\/www.barosa.com\\\/#\\\/schema\\\/logo\\\/image\\\/\"},\"sameAs\":[\"http:\\\/\\\/www.facebook.com\\\/barosa\\\/\",\"https:\\\/\\\/x.com\\\/barosa_lda\",\"https:\\\/\\\/www.instagram.com\\\/barosa_lda\\\/\",\"https:\\\/\\\/pt.linkedin.com\\\/company\\\/barosa-lda\"],\"description\":\"Empresa de transforma\u00e7\u00e3o e comercializa\u00e7\u00e3o de produtos alimentares congelados. BAROSA \u00ae Pescados, \\\"N\u00e3o h\u00e1 bom garfo que resista\u00ae\\\". BAROSA \u00ae FoodService \\\"O lado bom da comida!\u00ae\\\"\",\"email\":\"info@barosa.com\",\"telephone\":\"+351 262824403\",\"legalName\":\"Manuel de Sousa Barosa, Lda.\",\"foundingDate\":\"1975-05-21\",\"vatID\":\"503365190\",\"taxID\":\"503365190\",\"duns\":\"452388713\",\"numberOfEmployees\":{\"@type\":\"QuantitativeValue\",\"minValue\":\"11\",\"maxValue\":\"50\"},\"ethicsPolicy\":\"https:\\\/\\\/www.barosa.com\\\/politicaprivacidade\\\/\"}]}<\/script>\n<!-- \/ Yoast SEO Premium plugin. -->","yoast_head_json":{"title":"Knorr Caldo L\u00edquido Concentrado Carne 1Lt - BAROSA Congelados | Manuel de Sousa Barosa, Lda.","robots":{"index":"index","follow":"follow","max-snippet":"max-snippet:-1","max-image-preview":"max-image-preview:large","max-video-preview":"max-video-preview:-1"},"canonical":"https:\/\/www.barosa.com\/de\/product-2\/knorr-caldo-liquido-concentrado-carne-1lt\/","og_locale":"de_DE","og_type":"article","og_title":"Knorr Caldo L\u00edquido Concentrado Carne 1Lt","og_description":"Formato:   Embalagem com 1 litro  Descri\u00e7\u00e3o Caldo L\u00edquido Concentrado de Carne. Sem intensificadores de sabor, gl\u00faten, gordura de palma, corantes artificiais e conservantes. Pode ser usado dilu\u00eddo ou direto em todas as fases da prepara\u00e7\u00e3o.   A Nova Gera\u00e7\u00e3o de Caldos: Caldos L\u00edquidos Concentrados com todo o sabor!  Caldo Concentrado \u2013 Dispensa adi\u00e7\u00e3o de sal  Pode ser usado dilu\u00eddo ou direto  Sem: Intensificadores de Sabor; Gl\u00faten; Gordura de Palma; Corantes Artificias; Conservantes  Utiliza\u00e7\u00e3o em Grelhados, Cozidos, Guisados, Estufados, Assados, Fritos e gratinados  Prepara\u00e7\u00e3o Agitar antes de usar. Para preparar um caldo, junte 33 g de Knorr caldo l\u00edquido a 1 L de \u00e1gua.  Rendimento 1L de Caldo = 30 L de Caldo Preparado  Aditivos Sem conservantes Sem corantes artif\u00edciais Sem intensificadores de sabor  Alerg\u00e9neos Isento de gl\u00faten  Marca: Knorr","og_url":"https:\/\/www.barosa.com\/de\/product-2\/knorr-caldo-liquido-concentrado-carne-1lt\/","og_site_name":"BAROSA Congelados | Manuel de Sousa Barosa, Lda.","article_publisher":"http:\/\/www.facebook.com\/barosa\/","article_modified_time":"2023-08-25T15:44:53+00:00","og_image":[{"width":446,"height":480,"url":"https:\/\/www.barosa.com\/wp-content\/uploads\/2019\/11\/67820994.jpg","type":"image\/jpeg"}],"twitter_card":"summary_large_image","twitter_site":"@barosa_lda","schema":{"@context":"https:\/\/schema.org","@graph":[{"@type":"WebPage","@id":"https:\/\/www.barosa.com\/produto\/knorr-caldo-liquido-concentrado-carne-1lt\/","url":"https:\/\/www.barosa.com\/produto\/knorr-caldo-liquido-concentrado-carne-1lt\/","name":"Knorr Caldo L\u00edquido Concentrado Carne 1Lt - BAROSA Congelados | Manuel de Sousa Barosa, Lda.","isPartOf":{"@id":"https:\/\/www.barosa.com\/#website"},"primaryImageOfPage":{"@id":"https:\/\/www.barosa.com\/produto\/knorr-caldo-liquido-concentrado-carne-1lt\/#primaryimage"},"image":{"@id":"https:\/\/www.barosa.com\/produto\/knorr-caldo-liquido-concentrado-carne-1lt\/#primaryimage"},"thumbnailUrl":"https:\/\/www.barosa.com\/wp-content\/uploads\/2019\/11\/67820994.jpg","datePublished":"2019-11-26T20:41:26+00:00","dateModified":"2023-08-25T15:44:53+00:00","breadcrumb":{"@id":"https:\/\/www.barosa.com\/produto\/knorr-caldo-liquido-concentrado-carne-1lt\/#breadcrumb"},"inLanguage":"de","potentialAction":[{"@type":"ReadAction","target":["https:\/\/www.barosa.com\/produto\/knorr-caldo-liquido-concentrado-carne-1lt\/"]}]},{"@type":"ImageObject","inLanguage":"de","@id":"https:\/\/www.barosa.com\/produto\/knorr-caldo-liquido-concentrado-carne-1lt\/#primaryimage","url":"https:\/\/www.barosa.com\/wp-content\/uploads\/2019\/11\/67820994.jpg","contentUrl":"https:\/\/www.barosa.com\/wp-content\/uploads\/2019\/11\/67820994.jpg","width":446,"height":480,"caption":"Knorr Caldo L\u00edquido Concentrado Carne 1Lt"},{"@type":"BreadcrumbList","@id":"https:\/\/www.barosa.com\/produto\/knorr-caldo-liquido-concentrado-carne-1lt\/#breadcrumb","itemListElement":[{"@type":"ListItem","position":1,"name":"In\u00edcio","item":"https:\/\/www.barosa.com\/"},{"@type":"ListItem","position":2,"name":"Shop","item":"https:\/\/www.barosa.com\/shop\/"},{"@type":"ListItem","position":3,"name":"Knorr Caldo L\u00edquido Concentrado Carne 1Lt"}]},{"@type":"WebSite","@id":"https:\/\/www.barosa.com\/#website","url":"https:\/\/www.barosa.com\/","name":"BAROSA Congelados | Manuel de Sousa Barosa, Lda.","description":"Ein Unternehmen, das Tiefk\u00fchlkostprodukte verarbeitet und verkauft. BAROSA \u00ae Fisch, \"Keine gute Gabel kann widerstehen\u00ae\". BAROSA \u00ae FoodService \"Die gute Seite des Essens\u00ae\". Fisch Krustentiere Schalentiere Kopff\u00fc\u00dfer Muscheln B\u00e4ckerei Geb\u00e4ck Pizzas Desserts","publisher":{"@id":"https:\/\/www.barosa.com\/#organization"},"alternateName":"BAROSA\u00ae","potentialAction":[{"@type":"SearchAction","target":{"@type":"EntryPoint","urlTemplate":"https:\/\/www.barosa.com\/?s={search_term_string}"},"query-input":{"@type":"PropertyValueSpecification","valueRequired":true,"valueName":"search_term_string"}}],"inLanguage":"de"},{"@type":"Organization","@id":"https:\/\/www.barosa.com\/#organization","name":"Manuel de Sousa Barosa, Lda.","alternateName":"BAROSA","url":"https:\/\/www.barosa.com\/","logo":{"@type":"ImageObject","inLanguage":"de","@id":"https:\/\/www.barosa.com\/#\/schema\/logo\/image\/","url":"https:\/\/www.barosa.com\/wp-content\/uploads\/2025\/03\/BAROSA-Logo-696x696-1.jpg","contentUrl":"https:\/\/www.barosa.com\/wp-content\/uploads\/2025\/03\/BAROSA-Logo-696x696-1.jpg","width":696,"height":696,"caption":"Manuel de Sousa Barosa, Lda."},"image":{"@id":"https:\/\/www.barosa.com\/#\/schema\/logo\/image\/"},"sameAs":["http:\/\/www.facebook.com\/barosa\/","https:\/\/x.com\/barosa_lda","https:\/\/www.instagram.com\/barosa_lda\/","https:\/\/pt.linkedin.com\/company\/barosa-lda"],"description":"Ein Unternehmen, das Tiefk\u00fchlkostprodukte verarbeitet und verkauft. BAROSA \u00ae Fisch, \"Keine gute Gabel kann widerstehen\u00ae\". BAROSA \u00ae FoodService \"Die gute Seite des Essens!\u00ae\"","email":"info@barosa.com","telephone":"+351 262824403","legalName":"Manuel de Sousa Barosa, Lda.","foundingDate":"1975-05-21","vatID":"503365190","taxID":"503365190","duns":"452388713","numberOfEmployees":{"@type":"QuantitativeValue","minValue":"11","maxValue":"50"},"ethicsPolicy":"https:\/\/www.barosa.com\/politicaprivacidade\/"}]}},"_links":{"self":[{"href":"https:\/\/www.barosa.com\/de\/wp-json\/wp\/v2\/product\/4321","targetHints":{"allow":["GET"]}}],"collection":[{"href":"https:\/\/www.barosa.com\/de\/wp-json\/wp\/v2\/product"}],"about":[{"href":"https:\/\/www.barosa.com\/de\/wp-json\/wp\/v2\/types\/product"}],"wp:featuredmedia":[{"embeddable":true,"href":"https:\/\/www.barosa.com\/de\/wp-json\/wp\/v2\/media\/4322"}],"wp:attachment":[{"href":"https:\/\/www.barosa.com\/de\/wp-json\/wp\/v2\/media?parent=4321"}],"wp:term":[{"taxonomy":"product_brand","embeddable":true,"href":"https:\/\/www.barosa.com\/de\/wp-json\/wp\/v2\/product_brand?post=4321"},{"taxonomy":"product_cat","embeddable":true,"href":"https:\/\/www.barosa.com\/de\/wp-json\/wp\/v2\/product_cat?post=4321"},{"taxonomy":"product_tag","embeddable":true,"href":"https:\/\/www.barosa.com\/de\/wp-json\/wp\/v2\/product_tag?post=4321"}],"curies":[{"name":"wp","href":"https:\/\/api.w.org\/{rel}","templated":true}]}}