{"id":20990,"date":"2026-03-03T00:09:41","date_gmt":"2026-03-02T23:09:41","guid":{"rendered":"https:\/\/www.barosa.com\/?post_type=product&#038;p=20990"},"modified":"2026-03-03T00:15:48","modified_gmt":"2026-03-02T23:15:48","slug":"esparregado-de-espinafres-750grs-iglo","status":"publish","type":"product","link":"https:\/\/www.barosa.com\/de\/produto\/esparregado-de-espinafres-750grs-iglo\/","title":{"rendered":"Esparregado de Espinafres 750grs [Iglo]"},"content":{"rendered":"","protected":false},"excerpt":{"rendered":"<p>Para elaborar este Esparregado, a Iglo colheu os espinafres na altura certa de matura\u00e7\u00e3o e incorporou-os nesta deliciosa receita. Da horta para a sua cozinha, o Esparregado Iglo \u00e9 feito com espinafres crus que cozinham enquanto o prepara, conferindo uma cor e sabor \u00fanicos a esta receita. Delicioso e pronto em poucos minutos, o Esparregado Iglo \u00e9 o acompamento perfeito para as suas refei\u00e7\u00f5es.<\/p>\n<p>&nbsp;<\/p>\n[bg_collapse view=\"link\" color=\"#4a4949\" icon=\"arrow\" expand_text=\"Modo de Prepara\u00e7\u00e3o\" collapse_text=\"Esconder\" ]<\/p>\n<h3>Modo de Prepara\u00e7\u00e3o<\/h3>\n<p><img loading=\"lazy\" decoding=\"async\" class=\"size-full wp-image-6531\" src=\"https:\/\/www.barosa.com\/wp-content\/uploads\/2021\/11\/Frigideira.png\" alt=\"Frigideira\" width=\"30\" height=\"30\" srcset=\"https:\/\/www.barosa.com\/wp-content\/uploads\/2021\/11\/Frigideira.png 30w, https:\/\/www.barosa.com\/wp-content\/uploads\/2021\/11\/Frigideira-12x12.png 12w\" sizes=\"auto, (max-width: 30px) 100vw, 30px\" \/><\/p>\n<p>Na Frigideira:<\/p>\n<p>Numa frigideira anti-aderente, adicione as mini-por\u00e7\u00f5es de Esparregado desejadas, sem descongelar. Deixe cozinhar em lume brando, mexendo com frequ\u00eancia (nesta fase o Esparregado apresenta ainda uma consist\u00eancia l\u00edquida). Depois de iniciar fervura, deixe cozinhar mais 2 minutos. Assim, o Esparregado vai espessar e ganhar a consist\u00eancia habitual.<\/p>\n<p>&nbsp;<\/p>\n<p><img loading=\"lazy\" decoding=\"async\" class=\"size-full wp-image-6533\" src=\"https:\/\/www.barosa.com\/wp-content\/uploads\/2021\/11\/Microondas.png\" alt=\"Micro-Ondas\" width=\"50\" height=\"50\" srcset=\"https:\/\/www.barosa.com\/wp-content\/uploads\/2021\/11\/Microondas.png 50w, https:\/\/www.barosa.com\/wp-content\/uploads\/2021\/11\/Microondas-12x12.png 12w\" sizes=\"auto, (max-width: 50px) 100vw, 50px\" \/><\/p>\n<p>No Micro-Ondas:<\/p>\n<p>Sem descongelar, adicione as por\u00e7\u00f5es desejadas de Esparregado num recipiente adequado para micro-ondas. Tape o recipiente com uma pel\u00edcula ou com uma tampa de micro-ondas. Para 1 dose (150g) aque\u00e7a a 750W 3 minutos, abra o micro-ondas e mexa vigorosamente e volte a aquecer mais 1 minuto e no final mexa novamente. Para 2 doses (300g) aque\u00e7a a 750W 5 minutos, abra o micro-ondas e mexa vigorosamente e volte a aquecer mais 2 minutos e no final mexa novamente.<\/p>\n<h5>NOTA : Os tempos referidos s\u00e3o aproximados, dependendo da pot\u00eancia do seu micro-ondas. Aten\u00e7\u00e3o: Para evitar que o Esparregado se apresente demasiadamente l\u00edquido \u00e9 importante que mexa o produto vigorosamente durante a prepara\u00e7\u00e3o, at\u00e9 atingir a consist\u00eancia desejada.<\/h5>\n<p>[\/bg_collapse]\n<p>Embalagem com 8 caixas de 750 grs.<\/p>\n<p><a href=\"https:\/\/www.barosa.com\/wp-content\/uploads\/2023\/04\/Sem-Gluten.png\"><img loading=\"lazy\" decoding=\"async\" class=\"alignnone wp-image-9276\" src=\"https:\/\/www.barosa.com\/wp-content\/uploads\/2023\/04\/Sem-Gluten-300x300.png\" alt=\"Sem Gl\u00faten\" width=\"40\" height=\"40\" srcset=\"https:\/\/www.barosa.com\/wp-content\/uploads\/2023\/04\/Sem-Gluten-300x300.png 300w, https:\/\/www.barosa.com\/wp-content\/uploads\/2023\/04\/Sem-Gluten-150x150.png 150w, https:\/\/www.barosa.com\/wp-content\/uploads\/2023\/04\/Sem-Gluten-12x12.png 12w, https:\/\/www.barosa.com\/wp-content\/uploads\/2023\/04\/Sem-Gluten-500x500.png 500w, https:\/\/www.barosa.com\/wp-content\/uploads\/2023\/04\/Sem-Gluten-100x100.png 100w, https:\/\/www.barosa.com\/wp-content\/uploads\/2023\/04\/Sem-Gluten.png 525w\" sizes=\"auto, (max-width: 40px) 100vw, 40px\" \/><\/a><\/p>\n<h6><em>Produto congelado<\/em><\/h6>\n","protected":false},"featured_media":20991,"template":"","meta":[],"product_brand":[713],"product_cat":[183],"product_tag":[],"class_list":{"0":"post-20990","1":"product","2":"type-product","3":"status-publish","4":"has-post-thumbnail","6":"product_brand-iglo","7":"product_cat-vegetais-embalados","9":"first","10":"instock","11":"taxable","12":"shipping-taxable","13":"purchasable","14":"product-type-simple"},"yoast_head":"<!-- This site is optimized with the Yoast SEO Premium plugin v27.5 (Yoast SEO v27.5) - https:\/\/yoast.com\/product\/yoast-seo-premium-wordpress\/ -->\n<title>Esparregado de Espinafres 750grs [Iglo] - BAROSA Congelados | Manuel de Sousa Barosa, Lda.<\/title>\n<meta name=\"description\" content=\"Da horta para a sua cozinha, o Esparregado Iglo \u00e9 feito com espinafres crus que cozinham enquanto o prepara, conferindo uma cor e sabor \u00fanicos a esta receita.\" \/>\n<meta name=\"robots\" content=\"index, follow, max-snippet:-1, max-image-preview:large, max-video-preview:-1\" \/>\n<link rel=\"canonical\" href=\"https:\/\/www.barosa.com\/de\/product-2\/esparregado-de-espinafres-750grs-iglo\/\" \/>\n<meta property=\"og:locale\" content=\"de_DE\" \/>\n<meta property=\"og:type\" content=\"article\" \/>\n<meta property=\"og:title\" content=\"Esparregado de Espinafres 750grs [Iglo]\" \/>\n<meta property=\"og:description\" content=\"Da horta para a sua cozinha, o Esparregado Iglo \u00e9 feito com espinafres crus que cozinham enquanto o prepara, conferindo uma cor e sabor \u00fanicos a esta receita.\" \/>\n<meta property=\"og:url\" content=\"https:\/\/www.barosa.com\/de\/product-2\/esparregado-de-espinafres-750grs-iglo\/\" \/>\n<meta property=\"og:site_name\" content=\"BAROSA Congelados | Manuel de Sousa Barosa, Lda.\" \/>\n<meta property=\"article:publisher\" content=\"http:\/\/www.facebook.com\/barosa\/\" \/>\n<meta property=\"article:modified_time\" content=\"2026-03-02T23:15:48+00:00\" \/>\n<meta property=\"og:image\" content=\"https:\/\/www.barosa.com\/wp-content\/uploads\/2026\/03\/Iglo-Esparregado-S-Gluten-8x750g-Iglo.webp\" \/>\n\t<meta property=\"og:image:width\" content=\"1000\" \/>\n\t<meta property=\"og:image:height\" content=\"1000\" \/>\n\t<meta property=\"og:image:type\" content=\"image\/png\" \/>\n<meta name=\"twitter:card\" content=\"summary_large_image\" \/>\n<meta name=\"twitter:site\" content=\"@barosa_lda\" \/>\n<meta name=\"twitter:label1\" content=\"Gesch\u00e4tzte Lesezeit\" \/>\n\t<meta name=\"twitter:data1\" content=\"1\u00a0Minute\" \/>\n<script type=\"application\/ld+json\" class=\"yoast-schema-graph\">{\"@context\":\"https:\\\/\\\/schema.org\",\"@graph\":[{\"@type\":\"WebPage\",\"@id\":\"https:\\\/\\\/www.barosa.com\\\/produto\\\/esparregado-de-espinafres-750grs-iglo\\\/\",\"url\":\"https:\\\/\\\/www.barosa.com\\\/produto\\\/esparregado-de-espinafres-750grs-iglo\\\/\",\"name\":\"Esparregado de Espinafres 750grs [Iglo] - BAROSA Congelados | Manuel de Sousa Barosa, Lda.\",\"isPartOf\":{\"@id\":\"https:\\\/\\\/www.barosa.com\\\/#website\"},\"primaryImageOfPage\":{\"@id\":\"https:\\\/\\\/www.barosa.com\\\/produto\\\/esparregado-de-espinafres-750grs-iglo\\\/#primaryimage\"},\"image\":{\"@id\":\"https:\\\/\\\/www.barosa.com\\\/produto\\\/esparregado-de-espinafres-750grs-iglo\\\/#primaryimage\"},\"thumbnailUrl\":\"https:\\\/\\\/www.barosa.com\\\/wp-content\\\/uploads\\\/2026\\\/03\\\/Iglo-Esparregado-S-Gluten-8x750g-Iglo.webp\",\"datePublished\":\"2026-03-02T23:09:41+00:00\",\"dateModified\":\"2026-03-02T23:15:48+00:00\",\"description\":\"Da horta para a sua cozinha, o Esparregado Iglo \u00e9 feito com espinafres crus que cozinham enquanto o prepara, conferindo uma cor e sabor \u00fanicos a esta receita.\",\"breadcrumb\":{\"@id\":\"https:\\\/\\\/www.barosa.com\\\/produto\\\/esparregado-de-espinafres-750grs-iglo\\\/#breadcrumb\"},\"inLanguage\":\"de\",\"potentialAction\":[{\"@type\":\"ReadAction\",\"target\":[\"https:\\\/\\\/www.barosa.com\\\/produto\\\/esparregado-de-espinafres-750grs-iglo\\\/\"]}]},{\"@type\":\"ImageObject\",\"inLanguage\":\"de\",\"@id\":\"https:\\\/\\\/www.barosa.com\\\/produto\\\/esparregado-de-espinafres-750grs-iglo\\\/#primaryimage\",\"url\":\"https:\\\/\\\/www.barosa.com\\\/wp-content\\\/uploads\\\/2026\\\/03\\\/Iglo-Esparregado-S-Gluten-8x750g-Iglo.webp\",\"contentUrl\":\"https:\\\/\\\/www.barosa.com\\\/wp-content\\\/uploads\\\/2026\\\/03\\\/Iglo-Esparregado-S-Gluten-8x750g-Iglo.webp\",\"width\":1000,\"height\":1000,\"caption\":\"ESPARREGADO S\\\/GLUTEN (8x750g) [Iglo]\"},{\"@type\":\"BreadcrumbList\",\"@id\":\"https:\\\/\\\/www.barosa.com\\\/produto\\\/esparregado-de-espinafres-750grs-iglo\\\/#breadcrumb\",\"itemListElement\":[{\"@type\":\"ListItem\",\"position\":1,\"name\":\"In\u00edcio\",\"item\":\"https:\\\/\\\/www.barosa.com\\\/\"},{\"@type\":\"ListItem\",\"position\":2,\"name\":\"Shop\",\"item\":\"https:\\\/\\\/www.barosa.com\\\/shop\\\/\"},{\"@type\":\"ListItem\",\"position\":3,\"name\":\"Esparregado de Espinafres 750grs [Iglo]\"}]},{\"@type\":\"WebSite\",\"@id\":\"https:\\\/\\\/www.barosa.com\\\/#website\",\"url\":\"https:\\\/\\\/www.barosa.com\\\/\",\"name\":\"BAROSA Congelados | Manuel de Sousa Barosa, Lda.\",\"description\":\"Empresa de transforma\u00e7\u00e3o e comercializa\u00e7\u00e3o de produtos alimentares congelados. BAROSA \u00ae Pescados, &quot;N\u00e3o h\u00e1 bom garfo que resista\u00ae&quot;. BAROSA \u00ae FoodService &quot;O lado bom da comida\u00ae&quot;. Pescados Crust\u00e1ceos Mariscos Cefal\u00f3podes Bivalves Padaria Pastelaria Pizzas Sobremesas\",\"publisher\":{\"@id\":\"https:\\\/\\\/www.barosa.com\\\/#organization\"},\"alternateName\":\"BAROSA\u00ae\",\"potentialAction\":[{\"@type\":\"SearchAction\",\"target\":{\"@type\":\"EntryPoint\",\"urlTemplate\":\"https:\\\/\\\/www.barosa.com\\\/?s={search_term_string}\"},\"query-input\":{\"@type\":\"PropertyValueSpecification\",\"valueRequired\":true,\"valueName\":\"search_term_string\"}}],\"inLanguage\":\"de\"},{\"@type\":\"Organization\",\"@id\":\"https:\\\/\\\/www.barosa.com\\\/#organization\",\"name\":\"Manuel de Sousa Barosa, Lda.\",\"alternateName\":\"BAROSA\",\"url\":\"https:\\\/\\\/www.barosa.com\\\/\",\"logo\":{\"@type\":\"ImageObject\",\"inLanguage\":\"de\",\"@id\":\"https:\\\/\\\/www.barosa.com\\\/#\\\/schema\\\/logo\\\/image\\\/\",\"url\":\"https:\\\/\\\/www.barosa.com\\\/wp-content\\\/uploads\\\/2025\\\/03\\\/BAROSA-Logo-696x696-1.jpg\",\"contentUrl\":\"https:\\\/\\\/www.barosa.com\\\/wp-content\\\/uploads\\\/2025\\\/03\\\/BAROSA-Logo-696x696-1.jpg\",\"width\":696,\"height\":696,\"caption\":\"Manuel de Sousa Barosa, Lda.\"},\"image\":{\"@id\":\"https:\\\/\\\/www.barosa.com\\\/#\\\/schema\\\/logo\\\/image\\\/\"},\"sameAs\":[\"http:\\\/\\\/www.facebook.com\\\/barosa\\\/\",\"https:\\\/\\\/x.com\\\/barosa_lda\",\"https:\\\/\\\/www.instagram.com\\\/barosa_lda\\\/\",\"https:\\\/\\\/pt.linkedin.com\\\/company\\\/barosa-lda\"],\"description\":\"Empresa de transforma\u00e7\u00e3o e comercializa\u00e7\u00e3o de produtos alimentares congelados. BAROSA \u00ae Pescados, \\\"N\u00e3o h\u00e1 bom garfo que resista\u00ae\\\". BAROSA \u00ae FoodService \\\"O lado bom da comida!\u00ae\\\"\",\"email\":\"info@barosa.com\",\"telephone\":\"+351 262824403\",\"legalName\":\"Manuel de Sousa Barosa, Lda.\",\"foundingDate\":\"1975-05-21\",\"vatID\":\"503365190\",\"taxID\":\"503365190\",\"duns\":\"452388713\",\"numberOfEmployees\":{\"@type\":\"QuantitativeValue\",\"minValue\":\"11\",\"maxValue\":\"50\"},\"ethicsPolicy\":\"https:\\\/\\\/www.barosa.com\\\/politicaprivacidade\\\/\"}]}<\/script>\n<!-- \/ Yoast SEO Premium plugin. -->","yoast_head_json":{"title":"Esparregado de Espinafres 750grs [Iglo] - BAROSA Congelados | Manuel de Sousa Barosa, Lda.","description":"Da horta para a sua cozinha, o Esparregado Iglo \u00e9 feito com espinafres crus que cozinham enquanto o prepara, conferindo uma cor e sabor \u00fanicos a esta receita.","robots":{"index":"index","follow":"follow","max-snippet":"max-snippet:-1","max-image-preview":"max-image-preview:large","max-video-preview":"max-video-preview:-1"},"canonical":"https:\/\/www.barosa.com\/de\/product-2\/esparregado-de-espinafres-750grs-iglo\/","og_locale":"de_DE","og_type":"article","og_title":"Esparregado de Espinafres 750grs [Iglo]","og_description":"Da horta para a sua cozinha, o Esparregado Iglo \u00e9 feito com espinafres crus que cozinham enquanto o prepara, conferindo uma cor e sabor \u00fanicos a esta receita.","og_url":"https:\/\/www.barosa.com\/de\/product-2\/esparregado-de-espinafres-750grs-iglo\/","og_site_name":"BAROSA Congelados | Manuel de Sousa Barosa, Lda.","article_publisher":"http:\/\/www.facebook.com\/barosa\/","article_modified_time":"2026-03-02T23:15:48+00:00","og_image":[{"width":1000,"height":1000,"url":"https:\/\/www.barosa.com\/wp-content\/uploads\/2026\/03\/Iglo-Esparregado-S-Gluten-8x750g-Iglo.webp","type":"image\/png"}],"twitter_card":"summary_large_image","twitter_site":"@barosa_lda","twitter_misc":{"Gesch\u00e4tzte Lesezeit":"1\u00a0Minute"},"schema":{"@context":"https:\/\/schema.org","@graph":[{"@type":"WebPage","@id":"https:\/\/www.barosa.com\/produto\/esparregado-de-espinafres-750grs-iglo\/","url":"https:\/\/www.barosa.com\/produto\/esparregado-de-espinafres-750grs-iglo\/","name":"Esparregado de Espinafres 750grs [Iglo] - BAROSA Congelados | Manuel de Sousa Barosa, Lda.","isPartOf":{"@id":"https:\/\/www.barosa.com\/#website"},"primaryImageOfPage":{"@id":"https:\/\/www.barosa.com\/produto\/esparregado-de-espinafres-750grs-iglo\/#primaryimage"},"image":{"@id":"https:\/\/www.barosa.com\/produto\/esparregado-de-espinafres-750grs-iglo\/#primaryimage"},"thumbnailUrl":"https:\/\/www.barosa.com\/wp-content\/uploads\/2026\/03\/Iglo-Esparregado-S-Gluten-8x750g-Iglo.webp","datePublished":"2026-03-02T23:09:41+00:00","dateModified":"2026-03-02T23:15:48+00:00","description":"Da horta para a sua cozinha, o Esparregado Iglo \u00e9 feito com espinafres crus que cozinham enquanto o prepara, conferindo uma cor e sabor \u00fanicos a esta receita.","breadcrumb":{"@id":"https:\/\/www.barosa.com\/produto\/esparregado-de-espinafres-750grs-iglo\/#breadcrumb"},"inLanguage":"de","potentialAction":[{"@type":"ReadAction","target":["https:\/\/www.barosa.com\/produto\/esparregado-de-espinafres-750grs-iglo\/"]}]},{"@type":"ImageObject","inLanguage":"de","@id":"https:\/\/www.barosa.com\/produto\/esparregado-de-espinafres-750grs-iglo\/#primaryimage","url":"https:\/\/www.barosa.com\/wp-content\/uploads\/2026\/03\/Iglo-Esparregado-S-Gluten-8x750g-Iglo.webp","contentUrl":"https:\/\/www.barosa.com\/wp-content\/uploads\/2026\/03\/Iglo-Esparregado-S-Gluten-8x750g-Iglo.webp","width":1000,"height":1000,"caption":"ESPARREGADO S\/GLUTEN (8x750g) [Iglo]"},{"@type":"BreadcrumbList","@id":"https:\/\/www.barosa.com\/produto\/esparregado-de-espinafres-750grs-iglo\/#breadcrumb","itemListElement":[{"@type":"ListItem","position":1,"name":"In\u00edcio","item":"https:\/\/www.barosa.com\/"},{"@type":"ListItem","position":2,"name":"Shop","item":"https:\/\/www.barosa.com\/shop\/"},{"@type":"ListItem","position":3,"name":"Esparregado de Espinafres 750grs [Iglo]"}]},{"@type":"WebSite","@id":"https:\/\/www.barosa.com\/#website","url":"https:\/\/www.barosa.com\/","name":"BAROSA Congelados | Manuel de Sousa Barosa, Lda.","description":"Ein Unternehmen, das Tiefk\u00fchlkostprodukte verarbeitet und verkauft. BAROSA \u00ae Fisch, \"Keine gute Gabel kann widerstehen\u00ae\". BAROSA \u00ae FoodService \"Die gute Seite des Essens\u00ae\". Fisch Krustentiere Schalentiere Kopff\u00fc\u00dfer Muscheln B\u00e4ckerei Geb\u00e4ck Pizzas Desserts","publisher":{"@id":"https:\/\/www.barosa.com\/#organization"},"alternateName":"BAROSA\u00ae","potentialAction":[{"@type":"SearchAction","target":{"@type":"EntryPoint","urlTemplate":"https:\/\/www.barosa.com\/?s={search_term_string}"},"query-input":{"@type":"PropertyValueSpecification","valueRequired":true,"valueName":"search_term_string"}}],"inLanguage":"de"},{"@type":"Organization","@id":"https:\/\/www.barosa.com\/#organization","name":"Manuel de Sousa Barosa, Lda.","alternateName":"BAROSA","url":"https:\/\/www.barosa.com\/","logo":{"@type":"ImageObject","inLanguage":"de","@id":"https:\/\/www.barosa.com\/#\/schema\/logo\/image\/","url":"https:\/\/www.barosa.com\/wp-content\/uploads\/2025\/03\/BAROSA-Logo-696x696-1.jpg","contentUrl":"https:\/\/www.barosa.com\/wp-content\/uploads\/2025\/03\/BAROSA-Logo-696x696-1.jpg","width":696,"height":696,"caption":"Manuel de Sousa Barosa, Lda."},"image":{"@id":"https:\/\/www.barosa.com\/#\/schema\/logo\/image\/"},"sameAs":["http:\/\/www.facebook.com\/barosa\/","https:\/\/x.com\/barosa_lda","https:\/\/www.instagram.com\/barosa_lda\/","https:\/\/pt.linkedin.com\/company\/barosa-lda"],"description":"Ein Unternehmen, das Tiefk\u00fchlkostprodukte verarbeitet und verkauft. BAROSA \u00ae Fisch, \"Keine gute Gabel kann widerstehen\u00ae\". BAROSA \u00ae FoodService \"Die gute Seite des Essens!\u00ae\"","email":"info@barosa.com","telephone":"+351 262824403","legalName":"Manuel de Sousa Barosa, Lda.","foundingDate":"1975-05-21","vatID":"503365190","taxID":"503365190","duns":"452388713","numberOfEmployees":{"@type":"QuantitativeValue","minValue":"11","maxValue":"50"},"ethicsPolicy":"https:\/\/www.barosa.com\/politicaprivacidade\/"}]}},"_links":{"self":[{"href":"https:\/\/www.barosa.com\/de\/wp-json\/wp\/v2\/product\/20990","targetHints":{"allow":["GET"]}}],"collection":[{"href":"https:\/\/www.barosa.com\/de\/wp-json\/wp\/v2\/product"}],"about":[{"href":"https:\/\/www.barosa.com\/de\/wp-json\/wp\/v2\/types\/product"}],"wp:featuredmedia":[{"embeddable":true,"href":"https:\/\/www.barosa.com\/de\/wp-json\/wp\/v2\/media\/20991"}],"wp:attachment":[{"href":"https:\/\/www.barosa.com\/de\/wp-json\/wp\/v2\/media?parent=20990"}],"wp:term":[{"taxonomy":"product_brand","embeddable":true,"href":"https:\/\/www.barosa.com\/de\/wp-json\/wp\/v2\/product_brand?post=20990"},{"taxonomy":"product_cat","embeddable":true,"href":"https:\/\/www.barosa.com\/de\/wp-json\/wp\/v2\/product_cat?post=20990"},{"taxonomy":"product_tag","embeddable":true,"href":"https:\/\/www.barosa.com\/de\/wp-json\/wp\/v2\/product_tag?post=20990"}],"curies":[{"name":"wp","href":"https:\/\/api.w.org\/{rel}","templated":true}]}}