{"id":13243,"date":"2024-12-26T10:36:46","date_gmt":"2024-12-26T09:36:46","guid":{"rendered":"https:\/\/www.barosa.com\/?post_type=product&#038;p=13243"},"modified":"2025-04-03T22:41:56","modified_gmt":"2025-04-03T22:41:56","slug":"sorbet-native-pitaya-zero-scooping","status":"publish","type":"product","link":"https:\/\/www.barosa.com\/de\/produto\/sorbet-native-pitaya-zero-scooping\/","title":{"rendered":"Native Pitaya Sorbet Zero | Sch\u00f6pfkelle"},"content":{"rendered":"","protected":false},"excerpt":{"rendered":"<p><strong>Pitaya - Die Drachenfrucht<br \/>\n<\/strong><strong>Native Pitaya Zero wird aus hochwertigem Pitaya-Fruchtfleisch hergestellt<\/strong><\/p>\n<p>&nbsp;<\/p>\n<p>Seine rosa Farbe ist 100% nat\u00fcrlich: Dieses Produkt enth\u00e4lt keinen Zucker- oder Fettzusatz, keine Farbstoffe und keine Konservierungsmittel. Es hat eine cremige Textur und kann direkt aus dem Glas getrunken oder mit Obst und M\u00fcsli gemischt werden.<\/p>\n<p>Ideal f\u00fcr: Pur verzehrt oder in einer Schale mit Obst, M\u00fcsli oder anderen Zutaten serviert und auch f\u00fcr Smoothies und S\u00e4fte.<\/p>\n<p>Verpackung: 2 x 2,3 Liter<\/p>\n<p><img loading=\"lazy\" decoding=\"async\" class=\"alignnone wp-image-9276\" title=\"Glutenfrei\" src=\"https:\/\/www.barosa.com\/wp-content\/uploads\/2023\/04\/Sem-Gluten-300x300.png\" alt=\"Glutenfrei\" width=\"50\" height=\"50\" srcset=\"https:\/\/www.barosa.com\/wp-content\/uploads\/2023\/04\/Sem-Gluten-300x300.png 300w, https:\/\/www.barosa.com\/wp-content\/uploads\/2023\/04\/Sem-Gluten-150x150.png 150w, https:\/\/www.barosa.com\/wp-content\/uploads\/2023\/04\/Sem-Gluten-12x12.png 12w, https:\/\/www.barosa.com\/wp-content\/uploads\/2023\/04\/Sem-Gluten-500x500.png 500w, https:\/\/www.barosa.com\/wp-content\/uploads\/2023\/04\/Sem-Gluten-100x100.png 100w, https:\/\/www.barosa.com\/wp-content\/uploads\/2023\/04\/Sem-Gluten.png 525w\" sizes=\"auto, (max-width: 50px) 100vw, 50px\" \/><img loading=\"lazy\" decoding=\"async\" class=\"alignnone wp-image-8698\" title=\"Laktosefrei\" src=\"https:\/\/www.barosa.com\/wp-content\/uploads\/2022\/11\/sem-lactose-grey.png\" alt=\"Laktosefreies Grau\" width=\"50\" height=\"50\" srcset=\"https:\/\/www.barosa.com\/wp-content\/uploads\/2022\/11\/sem-lactose-grey.png 81w, https:\/\/www.barosa.com\/wp-content\/uploads\/2022\/11\/sem-lactose-grey-12x12.png 12w\" sizes=\"auto, (max-width: 50px) 100vw, 50px\" \/><img loading=\"lazy\" decoding=\"async\" class=\"alignnone wp-image-10651\" title=\"Nein OMG\" src=\"https:\/\/www.barosa.com\/wp-content\/uploads\/2023\/11\/Sem-OMG.jpg\" alt=\"Nein OMG\" width=\"50\" height=\"50\" srcset=\"https:\/\/www.barosa.com\/wp-content\/uploads\/2023\/11\/Sem-OMG.jpg 100w, https:\/\/www.barosa.com\/wp-content\/uploads\/2023\/11\/Sem-OMG-12x12.jpg 12w\" sizes=\"auto, (max-width: 50px) 100vw, 50px\" \/><img loading=\"lazy\" decoding=\"async\" class=\"alignnone wp-image-7280\" title=\"Vegan\" src=\"https:\/\/www.barosa.com\/wp-content\/uploads\/2022\/03\/vegan.png\" alt=\"vegan\" width=\"50\" height=\"45\" srcset=\"https:\/\/www.barosa.com\/wp-content\/uploads\/2022\/03\/vegan.png 110w, https:\/\/www.barosa.com\/wp-content\/uploads\/2022\/03\/vegan-13x12.png 13w\" sizes=\"auto, (max-width: 50px) 100vw, 50px\" \/><\/p>\n<h6><em>Tiefk\u00fchlprodukt<\/em><\/h6>","protected":false},"featured_media":13244,"template":"","meta":[],"product_brand":[718],"product_cat":[532],"product_tag":[647],"class_list":{"0":"post-13243","1":"product","2":"type-product","3":"status-publish","4":"has-post-thumbnail","6":"product_brand-native-foods","7":"product_cat-gelados-scooping","8":"product_tag-pitaya","10":"first","11":"instock","12":"taxable","13":"shipping-taxable","14":"purchasable","15":"product-type-simple"},"yoast_head":"<!-- This site is optimized with the Yoast SEO Premium plugin v27.6 (Yoast SEO v27.6) - https:\/\/yoast.com\/product\/yoast-seo-premium-wordpress\/ -->\n<title>Sorbet Native Pitaya Zero | Scooping - BAROSA Congelados | Manuel de Sousa Barosa, Lda.<\/title>\n<meta name=\"description\" content=\"Uma fruta que apela \u00e0 emo\u00e7\u00e3o, com o seu tom f\u00fashia e sementes pretas. Esta fruta \u00e9 rica em vitamina C e zinco, \u00e9 fonte de ferro, \u00f3megas 6 e 3 e cont\u00e9m antioxidantes.\" \/>\n<meta name=\"robots\" content=\"index, follow, max-snippet:-1, max-image-preview:large, max-video-preview:-1\" \/>\n<link rel=\"canonical\" href=\"https:\/\/www.barosa.com\/de\/product-2\/sorbet-native-pitaya-zero-scooping\/\" \/>\n<meta property=\"og:locale\" content=\"de_DE\" \/>\n<meta property=\"og:type\" content=\"article\" \/>\n<meta property=\"og:title\" content=\"Sorbet Native Pitaya Zero | Scooping\" \/>\n<meta property=\"og:description\" content=\"Uma fruta que apela \u00e0 emo\u00e7\u00e3o, com o seu tom f\u00fashia e sementes pretas. Esta fruta \u00e9 rica em vitamina C e zinco, \u00e9 fonte de ferro, \u00f3megas 6 e 3 e cont\u00e9m antioxidantes.\" \/>\n<meta property=\"og:url\" content=\"https:\/\/www.barosa.com\/de\/product-2\/sorbet-native-pitaya-zero-scooping\/\" \/>\n<meta property=\"og:site_name\" content=\"BAROSA Congelados | Manuel de Sousa Barosa, Lda.\" \/>\n<meta property=\"article:publisher\" content=\"http:\/\/www.facebook.com\/barosa\/\" \/>\n<meta property=\"article:modified_time\" content=\"2025-04-03T22:41:56+00:00\" \/>\n<meta property=\"og:image\" content=\"https:\/\/www.barosa.com\/wp-content\/uploads\/2024\/12\/Sorbet-Native-Pitaya-Zero-Scooping.jpg\" \/>\n\t<meta property=\"og:image:width\" content=\"1000\" \/>\n\t<meta property=\"og:image:height\" content=\"1000\" \/>\n\t<meta property=\"og:image:type\" content=\"image\/jpeg\" \/>\n<meta name=\"twitter:card\" content=\"summary_large_image\" \/>\n<meta name=\"twitter:site\" content=\"@barosa_lda\" \/>\n<meta name=\"twitter:label1\" content=\"Gesch\u00e4tzte Lesezeit\" \/>\n\t<meta name=\"twitter:data1\" content=\"1\u00a0Minute\" \/>\n<script type=\"application\/ld+json\" class=\"yoast-schema-graph\">{\"@context\":\"https:\\\/\\\/schema.org\",\"@graph\":[{\"@type\":\"WebPage\",\"@id\":\"https:\\\/\\\/www.barosa.com\\\/produto\\\/sorbet-native-pitaya-zero-scooping\\\/\",\"url\":\"https:\\\/\\\/www.barosa.com\\\/produto\\\/sorbet-native-pitaya-zero-scooping\\\/\",\"name\":\"Sorbet Native Pitaya Zero | Scooping - BAROSA Congelados | Manuel de Sousa Barosa, Lda.\",\"isPartOf\":{\"@id\":\"https:\\\/\\\/www.barosa.com\\\/#website\"},\"primaryImageOfPage\":{\"@id\":\"https:\\\/\\\/www.barosa.com\\\/produto\\\/sorbet-native-pitaya-zero-scooping\\\/#primaryimage\"},\"image\":{\"@id\":\"https:\\\/\\\/www.barosa.com\\\/produto\\\/sorbet-native-pitaya-zero-scooping\\\/#primaryimage\"},\"thumbnailUrl\":\"https:\\\/\\\/www.barosa.com\\\/wp-content\\\/uploads\\\/2024\\\/12\\\/Sorbet-Native-Pitaya-Zero-Scooping.jpg\",\"datePublished\":\"2024-12-26T09:36:46+00:00\",\"dateModified\":\"2025-04-03T22:41:56+00:00\",\"description\":\"Uma fruta que apela \u00e0 emo\u00e7\u00e3o, com o seu tom f\u00fashia e sementes pretas. Esta fruta \u00e9 rica em vitamina C e zinco, \u00e9 fonte de ferro, \u00f3megas 6 e 3 e cont\u00e9m antioxidantes.\",\"breadcrumb\":{\"@id\":\"https:\\\/\\\/www.barosa.com\\\/produto\\\/sorbet-native-pitaya-zero-scooping\\\/#breadcrumb\"},\"inLanguage\":\"de\",\"potentialAction\":[{\"@type\":\"ReadAction\",\"target\":[\"https:\\\/\\\/www.barosa.com\\\/produto\\\/sorbet-native-pitaya-zero-scooping\\\/\"]}]},{\"@type\":\"ImageObject\",\"inLanguage\":\"de\",\"@id\":\"https:\\\/\\\/www.barosa.com\\\/produto\\\/sorbet-native-pitaya-zero-scooping\\\/#primaryimage\",\"url\":\"https:\\\/\\\/www.barosa.com\\\/wp-content\\\/uploads\\\/2024\\\/12\\\/Sorbet-Native-Pitaya-Zero-Scooping.jpg\",\"contentUrl\":\"https:\\\/\\\/www.barosa.com\\\/wp-content\\\/uploads\\\/2024\\\/12\\\/Sorbet-Native-Pitaya-Zero-Scooping.jpg\",\"width\":1000,\"height\":1000,\"caption\":\"Sorbet Native Pitaya Zero | Scooping\"},{\"@type\":\"BreadcrumbList\",\"@id\":\"https:\\\/\\\/www.barosa.com\\\/produto\\\/sorbet-native-pitaya-zero-scooping\\\/#breadcrumb\",\"itemListElement\":[{\"@type\":\"ListItem\",\"position\":1,\"name\":\"In\u00edcio\",\"item\":\"https:\\\/\\\/www.barosa.com\\\/\"},{\"@type\":\"ListItem\",\"position\":2,\"name\":\"Shop\",\"item\":\"https:\\\/\\\/www.barosa.com\\\/shop\\\/\"},{\"@type\":\"ListItem\",\"position\":3,\"name\":\"Sorbet Native Pitaya Zero | Scooping\"}]},{\"@type\":\"WebSite\",\"@id\":\"https:\\\/\\\/www.barosa.com\\\/#website\",\"url\":\"https:\\\/\\\/www.barosa.com\\\/\",\"name\":\"BAROSA Congelados | Manuel de Sousa Barosa, Lda.\",\"description\":\"Empresa de transforma\u00e7\u00e3o e comercializa\u00e7\u00e3o de produtos alimentares congelados. BAROSA \u00ae Pescados, &quot;N\u00e3o h\u00e1 bom garfo que resista\u00ae&quot;. BAROSA \u00ae FoodService &quot;O lado bom da comida\u00ae&quot;. Pescados Crust\u00e1ceos Mariscos Cefal\u00f3podes Bivalves Padaria Pastelaria Pizzas Sobremesas\",\"publisher\":{\"@id\":\"https:\\\/\\\/www.barosa.com\\\/#organization\"},\"alternateName\":\"BAROSA\u00ae\",\"potentialAction\":[{\"@type\":\"SearchAction\",\"target\":{\"@type\":\"EntryPoint\",\"urlTemplate\":\"https:\\\/\\\/www.barosa.com\\\/?s={search_term_string}\"},\"query-input\":{\"@type\":\"PropertyValueSpecification\",\"valueRequired\":true,\"valueName\":\"search_term_string\"}}],\"inLanguage\":\"de\"},{\"@type\":\"Organization\",\"@id\":\"https:\\\/\\\/www.barosa.com\\\/#organization\",\"name\":\"Manuel de Sousa Barosa, Lda.\",\"alternateName\":\"BAROSA\",\"url\":\"https:\\\/\\\/www.barosa.com\\\/\",\"logo\":{\"@type\":\"ImageObject\",\"inLanguage\":\"de\",\"@id\":\"https:\\\/\\\/www.barosa.com\\\/#\\\/schema\\\/logo\\\/image\\\/\",\"url\":\"https:\\\/\\\/www.barosa.com\\\/wp-content\\\/uploads\\\/2025\\\/03\\\/BAROSA-Logo-696x696-1.jpg\",\"contentUrl\":\"https:\\\/\\\/www.barosa.com\\\/wp-content\\\/uploads\\\/2025\\\/03\\\/BAROSA-Logo-696x696-1.jpg\",\"width\":696,\"height\":696,\"caption\":\"Manuel de Sousa Barosa, Lda.\"},\"image\":{\"@id\":\"https:\\\/\\\/www.barosa.com\\\/#\\\/schema\\\/logo\\\/image\\\/\"},\"sameAs\":[\"http:\\\/\\\/www.facebook.com\\\/barosa\\\/\",\"https:\\\/\\\/x.com\\\/barosa_lda\",\"https:\\\/\\\/www.instagram.com\\\/barosa_lda\\\/\",\"https:\\\/\\\/pt.linkedin.com\\\/company\\\/barosa-lda\"],\"description\":\"Empresa de transforma\u00e7\u00e3o e comercializa\u00e7\u00e3o de produtos alimentares congelados. BAROSA \u00ae Pescados, \\\"N\u00e3o h\u00e1 bom garfo que resista\u00ae\\\". BAROSA \u00ae FoodService \\\"O lado bom da comida!\u00ae\\\"\",\"email\":\"info@barosa.com\",\"telephone\":\"+351 262824403\",\"legalName\":\"Manuel de Sousa Barosa, Lda.\",\"foundingDate\":\"1975-05-21\",\"vatID\":\"503365190\",\"taxID\":\"503365190\",\"duns\":\"452388713\",\"numberOfEmployees\":{\"@type\":\"QuantitativeValue\",\"minValue\":\"11\",\"maxValue\":\"50\"},\"ethicsPolicy\":\"https:\\\/\\\/www.barosa.com\\\/politicaprivacidade\\\/\"}]}<\/script>\n<!-- \/ Yoast SEO Premium plugin. -->","yoast_head_json":{"title":"Sorbet Native Pitaya Zero | Scooping - BAROSA Congelados | Manuel de Sousa Barosa, Lda.","description":"Eine Frucht, die mit ihrer fuchsiafarbenen Farbe und den schwarzen Kernen die Emotionen anspricht. Diese Frucht ist reich an Vitamin C und Zink, eine Quelle f\u00fcr Eisen, Omega 6 und 3 und enth\u00e4lt Antioxidantien.","robots":{"index":"index","follow":"follow","max-snippet":"max-snippet:-1","max-image-preview":"max-image-preview:large","max-video-preview":"max-video-preview:-1"},"canonical":"https:\/\/www.barosa.com\/de\/product-2\/sorbet-native-pitaya-zero-scooping\/","og_locale":"de_DE","og_type":"article","og_title":"Sorbet Native Pitaya Zero | Scooping","og_description":"Uma fruta que apela \u00e0 emo\u00e7\u00e3o, com o seu tom f\u00fashia e sementes pretas. Esta fruta \u00e9 rica em vitamina C e zinco, \u00e9 fonte de ferro, \u00f3megas 6 e 3 e cont\u00e9m antioxidantes.","og_url":"https:\/\/www.barosa.com\/de\/product-2\/sorbet-native-pitaya-zero-scooping\/","og_site_name":"BAROSA Congelados | Manuel de Sousa Barosa, Lda.","article_publisher":"http:\/\/www.facebook.com\/barosa\/","article_modified_time":"2025-04-03T22:41:56+00:00","og_image":[{"width":1000,"height":1000,"url":"https:\/\/www.barosa.com\/wp-content\/uploads\/2024\/12\/Sorbet-Native-Pitaya-Zero-Scooping.jpg","type":"image\/jpeg"}],"twitter_card":"summary_large_image","twitter_site":"@barosa_lda","twitter_misc":{"Gesch\u00e4tzte Lesezeit":"1\u00a0Minute"},"schema":{"@context":"https:\/\/schema.org","@graph":[{"@type":"WebPage","@id":"https:\/\/www.barosa.com\/produto\/sorbet-native-pitaya-zero-scooping\/","url":"https:\/\/www.barosa.com\/produto\/sorbet-native-pitaya-zero-scooping\/","name":"Sorbet Native Pitaya Zero | Scooping - BAROSA Congelados | Manuel de Sousa Barosa, Lda.","isPartOf":{"@id":"https:\/\/www.barosa.com\/#website"},"primaryImageOfPage":{"@id":"https:\/\/www.barosa.com\/produto\/sorbet-native-pitaya-zero-scooping\/#primaryimage"},"image":{"@id":"https:\/\/www.barosa.com\/produto\/sorbet-native-pitaya-zero-scooping\/#primaryimage"},"thumbnailUrl":"https:\/\/www.barosa.com\/wp-content\/uploads\/2024\/12\/Sorbet-Native-Pitaya-Zero-Scooping.jpg","datePublished":"2024-12-26T09:36:46+00:00","dateModified":"2025-04-03T22:41:56+00:00","description":"Eine Frucht, die mit ihrer fuchsiafarbenen Farbe und den schwarzen Kernen die Emotionen anspricht. Diese Frucht ist reich an Vitamin C und Zink, eine Quelle f\u00fcr Eisen, Omega 6 und 3 und enth\u00e4lt Antioxidantien.","breadcrumb":{"@id":"https:\/\/www.barosa.com\/produto\/sorbet-native-pitaya-zero-scooping\/#breadcrumb"},"inLanguage":"de","potentialAction":[{"@type":"ReadAction","target":["https:\/\/www.barosa.com\/produto\/sorbet-native-pitaya-zero-scooping\/"]}]},{"@type":"ImageObject","inLanguage":"de","@id":"https:\/\/www.barosa.com\/produto\/sorbet-native-pitaya-zero-scooping\/#primaryimage","url":"https:\/\/www.barosa.com\/wp-content\/uploads\/2024\/12\/Sorbet-Native-Pitaya-Zero-Scooping.jpg","contentUrl":"https:\/\/www.barosa.com\/wp-content\/uploads\/2024\/12\/Sorbet-Native-Pitaya-Zero-Scooping.jpg","width":1000,"height":1000,"caption":"Sorbet Native Pitaya Zero | Scooping"},{"@type":"BreadcrumbList","@id":"https:\/\/www.barosa.com\/produto\/sorbet-native-pitaya-zero-scooping\/#breadcrumb","itemListElement":[{"@type":"ListItem","position":1,"name":"In\u00edcio","item":"https:\/\/www.barosa.com\/"},{"@type":"ListItem","position":2,"name":"Shop","item":"https:\/\/www.barosa.com\/shop\/"},{"@type":"ListItem","position":3,"name":"Sorbet Native Pitaya Zero | Scooping"}]},{"@type":"WebSite","@id":"https:\/\/www.barosa.com\/#website","url":"https:\/\/www.barosa.com\/","name":"BAROSA Congelados | Manuel de Sousa Barosa, Lda.","description":"Ein Unternehmen, das Tiefk\u00fchlkostprodukte verarbeitet und verkauft. BAROSA \u00ae Fisch, \"Keine gute Gabel kann widerstehen\u00ae\". BAROSA \u00ae FoodService \"Die gute Seite des Essens\u00ae\". Fisch Krustentiere Schalentiere Kopff\u00fc\u00dfer Muscheln B\u00e4ckerei Geb\u00e4ck Pizzas Desserts","publisher":{"@id":"https:\/\/www.barosa.com\/#organization"},"alternateName":"BAROSA\u00ae","potentialAction":[{"@type":"SearchAction","target":{"@type":"EntryPoint","urlTemplate":"https:\/\/www.barosa.com\/?s={search_term_string}"},"query-input":{"@type":"PropertyValueSpecification","valueRequired":true,"valueName":"search_term_string"}}],"inLanguage":"de"},{"@type":"Organization","@id":"https:\/\/www.barosa.com\/#organization","name":"Manuel de Sousa Barosa, Lda.","alternateName":"BAROSA","url":"https:\/\/www.barosa.com\/","logo":{"@type":"ImageObject","inLanguage":"de","@id":"https:\/\/www.barosa.com\/#\/schema\/logo\/image\/","url":"https:\/\/www.barosa.com\/wp-content\/uploads\/2025\/03\/BAROSA-Logo-696x696-1.jpg","contentUrl":"https:\/\/www.barosa.com\/wp-content\/uploads\/2025\/03\/BAROSA-Logo-696x696-1.jpg","width":696,"height":696,"caption":"Manuel de Sousa Barosa, Lda."},"image":{"@id":"https:\/\/www.barosa.com\/#\/schema\/logo\/image\/"},"sameAs":["http:\/\/www.facebook.com\/barosa\/","https:\/\/x.com\/barosa_lda","https:\/\/www.instagram.com\/barosa_lda\/","https:\/\/pt.linkedin.com\/company\/barosa-lda"],"description":"Ein Unternehmen, das Tiefk\u00fchlkostprodukte verarbeitet und verkauft. BAROSA \u00ae Fisch, \"Keine gute Gabel kann widerstehen\u00ae\". BAROSA \u00ae FoodService \"Die gute Seite des Essens!\u00ae\"","email":"info@barosa.com","telephone":"+351 262824403","legalName":"Manuel de Sousa Barosa, Lda.","foundingDate":"1975-05-21","vatID":"503365190","taxID":"503365190","duns":"452388713","numberOfEmployees":{"@type":"QuantitativeValue","minValue":"11","maxValue":"50"},"ethicsPolicy":"https:\/\/www.barosa.com\/politicaprivacidade\/"}]}},"_links":{"self":[{"href":"https:\/\/www.barosa.com\/de\/wp-json\/wp\/v2\/product\/13243","targetHints":{"allow":["GET"]}}],"collection":[{"href":"https:\/\/www.barosa.com\/de\/wp-json\/wp\/v2\/product"}],"about":[{"href":"https:\/\/www.barosa.com\/de\/wp-json\/wp\/v2\/types\/product"}],"wp:featuredmedia":[{"embeddable":true,"href":"https:\/\/www.barosa.com\/de\/wp-json\/wp\/v2\/media\/13244"}],"wp:attachment":[{"href":"https:\/\/www.barosa.com\/de\/wp-json\/wp\/v2\/media?parent=13243"}],"wp:term":[{"taxonomy":"product_brand","embeddable":true,"href":"https:\/\/www.barosa.com\/de\/wp-json\/wp\/v2\/product_brand?post=13243"},{"taxonomy":"product_cat","embeddable":true,"href":"https:\/\/www.barosa.com\/de\/wp-json\/wp\/v2\/product_cat?post=13243"},{"taxonomy":"product_tag","embeddable":true,"href":"https:\/\/www.barosa.com\/de\/wp-json\/wp\/v2\/product_tag?post=13243"}],"curies":[{"name":"wp","href":"https:\/\/api.w.org\/{rel}","templated":true}]}}