{"id":12176,"date":"2024-09-04T21:53:22","date_gmt":"2024-09-04T20:53:22","guid":{"rendered":"https:\/\/www.barosa.com\/?post_type=product&#038;p=12176"},"modified":"2025-04-03T22:57:47","modified_gmt":"2025-04-03T22:57:47","slug":"carte-dor-topping-liquido-frutos-silvestres-1kg-2","status":"publish","type":"product","link":"https:\/\/www.barosa.com\/de\/produto\/carte-dor-topping-liquido-frutos-silvestres-1kg-2\/","title":{"rendered":"Carte D'Or Topping fl\u00fcssige Beeren 1kg"},"content":{"rendered":"","protected":false},"excerpt":{"rendered":"<p>Frutos Silvestres l\u00edquido para decorar ou rechear os seus: gelados, tartes, iogurtes, bolos, sobremesas empratadas, e tamb\u00e9m para preparar deliciosos batidos.<\/p>\n<p><img loading=\"lazy\" decoding=\"async\" class=\"alignnone wp-image-9276\" src=\"https:\/\/www.barosa.com\/wp-content\/uploads\/2023\/04\/Sem-Gluten-300x300.png\" alt=\"Sem Gl\u00faten\" width=\"70\" height=\"70\" srcset=\"https:\/\/www.barosa.com\/wp-content\/uploads\/2023\/04\/Sem-Gluten-300x300.png 300w, https:\/\/www.barosa.com\/wp-content\/uploads\/2023\/04\/Sem-Gluten-150x150.png 150w, https:\/\/www.barosa.com\/wp-content\/uploads\/2023\/04\/Sem-Gluten-12x12.png 12w, https:\/\/www.barosa.com\/wp-content\/uploads\/2023\/04\/Sem-Gluten-500x500.png 500w, https:\/\/www.barosa.com\/wp-content\/uploads\/2023\/04\/Sem-Gluten-100x100.png 100w, https:\/\/www.barosa.com\/wp-content\/uploads\/2023\/04\/Sem-Gluten.png 525w\" sizes=\"auto, (max-width: 70px) 100vw, 70px\" \/><\/p>\n[bg_collapse view=\"link\" color=\"#4a4949\" icon=\"arrow\" expand_text=\"Mostrar mais\" collapse_text=\"Mostrar menos\" ]<\/p>\n<p><strong>Alerg\u00e9neos<\/strong><br \/>\nIsento de gl\u00faten<\/p>\n<p><strong>Embalagem<\/strong><br \/>\n1 Kg<\/p>\n<p><strong>Benef\u00edcios<\/strong><br \/>\nF\u00e1cil de dosear, gra\u00e7as \u00e0 tampa anti-gota.<\/p>\n<p>[\/bg_collapse]\n","protected":false},"featured_media":12177,"template":"","meta":[],"product_brand":[714],"product_cat":[233],"product_tag":[],"class_list":{"0":"post-12176","1":"product","2":"type-product","3":"status-publish","4":"has-post-thumbnail","6":"product_brand-carte-dor","7":"product_cat-decoracao-de-sobremesas","9":"first","10":"instock","11":"taxable","12":"shipping-taxable","13":"purchasable","14":"product-type-simple"},"yoast_head":"<!-- This site is optimized with the Yoast SEO Premium plugin v27.4 (Yoast SEO v27.4) - https:\/\/yoast.com\/product\/yoast-seo-premium-wordpress\/ -->\n<title>Carte D\u2019Or Topping l\u00edquido Frutos Silvestres 1Kg - BAROSA Congelados | Manuel de Sousa Barosa, Lda.<\/title>\n<meta name=\"description\" content=\"Frutos Silvestres l\u00edquido para decorar ou rechear os seus: gelados, tartes, iogurtes, bolos, sobremesas empratadas, e tamb\u00e9m para preparar deliciosos batidos.\" \/>\n<meta name=\"robots\" content=\"index, follow, max-snippet:-1, max-image-preview:large, max-video-preview:-1\" \/>\n<link rel=\"canonical\" href=\"https:\/\/www.barosa.com\/de\/product-2\/carte-dor-topping-liquido-frutos-silvestres-1kg-2\/\" \/>\n<meta property=\"og:locale\" content=\"de_DE\" \/>\n<meta property=\"og:type\" content=\"article\" \/>\n<meta property=\"og:title\" content=\"Carte D\u2019Or Topping l\u00edquido Frutos Silvestres 1Kg\" \/>\n<meta property=\"og:description\" content=\"Frutos Silvestres l\u00edquido para decorar ou rechear os seus: gelados, tartes, iogurtes, bolos, sobremesas empratadas, e tamb\u00e9m para preparar deliciosos batidos.\" \/>\n<meta property=\"og:url\" content=\"https:\/\/www.barosa.com\/de\/product-2\/carte-dor-topping-liquido-frutos-silvestres-1kg-2\/\" \/>\n<meta property=\"og:site_name\" content=\"BAROSA Congelados | Manuel de Sousa Barosa, Lda.\" \/>\n<meta property=\"article:publisher\" content=\"http:\/\/www.facebook.com\/barosa\/\" \/>\n<meta property=\"article:modified_time\" content=\"2025-04-03T22:57:47+00:00\" \/>\n<meta property=\"og:image\" content=\"https:\/\/www.barosa.com\/wp-content\/uploads\/2024\/09\/CDO-Topping-Frutos-Silvestres.jpg\" \/>\n\t<meta property=\"og:image:width\" content=\"1024\" \/>\n\t<meta property=\"og:image:height\" content=\"1024\" \/>\n\t<meta property=\"og:image:type\" content=\"image\/jpeg\" \/>\n<meta name=\"twitter:card\" content=\"summary_large_image\" \/>\n<meta name=\"twitter:site\" content=\"@barosa_lda\" \/>\n<meta name=\"twitter:label1\" content=\"Gesch\u00e4tzte Lesezeit\" \/>\n\t<meta name=\"twitter:data1\" content=\"1\u00a0Minute\" \/>\n<script type=\"application\/ld+json\" class=\"yoast-schema-graph\">{\"@context\":\"https:\\\/\\\/schema.org\",\"@graph\":[{\"@type\":\"WebPage\",\"@id\":\"https:\\\/\\\/www.barosa.com\\\/produto\\\/carte-dor-topping-liquido-frutos-silvestres-1kg-2\\\/\",\"url\":\"https:\\\/\\\/www.barosa.com\\\/produto\\\/carte-dor-topping-liquido-frutos-silvestres-1kg-2\\\/\",\"name\":\"Carte D\u2019Or Topping l\u00edquido Frutos Silvestres 1Kg - BAROSA Congelados | Manuel de Sousa Barosa, Lda.\",\"isPartOf\":{\"@id\":\"https:\\\/\\\/www.barosa.com\\\/#website\"},\"primaryImageOfPage\":{\"@id\":\"https:\\\/\\\/www.barosa.com\\\/produto\\\/carte-dor-topping-liquido-frutos-silvestres-1kg-2\\\/#primaryimage\"},\"image\":{\"@id\":\"https:\\\/\\\/www.barosa.com\\\/produto\\\/carte-dor-topping-liquido-frutos-silvestres-1kg-2\\\/#primaryimage\"},\"thumbnailUrl\":\"https:\\\/\\\/www.barosa.com\\\/wp-content\\\/uploads\\\/2024\\\/09\\\/CDO-Topping-Frutos-Silvestres.jpg\",\"datePublished\":\"2024-09-04T20:53:22+00:00\",\"dateModified\":\"2025-04-03T22:57:47+00:00\",\"description\":\"Frutos Silvestres l\u00edquido para decorar ou rechear os seus: gelados, tartes, iogurtes, bolos, sobremesas empratadas, e tamb\u00e9m para preparar deliciosos batidos.\",\"breadcrumb\":{\"@id\":\"https:\\\/\\\/www.barosa.com\\\/produto\\\/carte-dor-topping-liquido-frutos-silvestres-1kg-2\\\/#breadcrumb\"},\"inLanguage\":\"de\",\"potentialAction\":[{\"@type\":\"ReadAction\",\"target\":[\"https:\\\/\\\/www.barosa.com\\\/produto\\\/carte-dor-topping-liquido-frutos-silvestres-1kg-2\\\/\"]}]},{\"@type\":\"ImageObject\",\"inLanguage\":\"de\",\"@id\":\"https:\\\/\\\/www.barosa.com\\\/produto\\\/carte-dor-topping-liquido-frutos-silvestres-1kg-2\\\/#primaryimage\",\"url\":\"https:\\\/\\\/www.barosa.com\\\/wp-content\\\/uploads\\\/2024\\\/09\\\/CDO-Topping-Frutos-Silvestres.jpg\",\"contentUrl\":\"https:\\\/\\\/www.barosa.com\\\/wp-content\\\/uploads\\\/2024\\\/09\\\/CDO-Topping-Frutos-Silvestres.jpg\",\"width\":1024,\"height\":1024,\"caption\":\"Carte D\u2019Or Topping l\u00edquido Frutos Silvestres 1Kg\"},{\"@type\":\"BreadcrumbList\",\"@id\":\"https:\\\/\\\/www.barosa.com\\\/produto\\\/carte-dor-topping-liquido-frutos-silvestres-1kg-2\\\/#breadcrumb\",\"itemListElement\":[{\"@type\":\"ListItem\",\"position\":1,\"name\":\"In\u00edcio\",\"item\":\"https:\\\/\\\/www.barosa.com\\\/\"},{\"@type\":\"ListItem\",\"position\":2,\"name\":\"Shop\",\"item\":\"https:\\\/\\\/www.barosa.com\\\/shop\\\/\"},{\"@type\":\"ListItem\",\"position\":3,\"name\":\"Carte D\u2019Or Topping l\u00edquido Frutos Silvestres 1Kg\"}]},{\"@type\":\"WebSite\",\"@id\":\"https:\\\/\\\/www.barosa.com\\\/#website\",\"url\":\"https:\\\/\\\/www.barosa.com\\\/\",\"name\":\"BAROSA Congelados | Manuel de Sousa Barosa, Lda.\",\"description\":\"Empresa de transforma\u00e7\u00e3o e comercializa\u00e7\u00e3o de produtos alimentares congelados. BAROSA \u00ae Pescados, &quot;N\u00e3o h\u00e1 bom garfo que resista\u00ae&quot;. BAROSA \u00ae FoodService &quot;O lado bom da comida\u00ae&quot;. Pescados Crust\u00e1ceos Mariscos Cefal\u00f3podes Bivalves Padaria Pastelaria Pizzas Sobremesas\",\"publisher\":{\"@id\":\"https:\\\/\\\/www.barosa.com\\\/#organization\"},\"alternateName\":\"BAROSA\u00ae\",\"potentialAction\":[{\"@type\":\"SearchAction\",\"target\":{\"@type\":\"EntryPoint\",\"urlTemplate\":\"https:\\\/\\\/www.barosa.com\\\/?s={search_term_string}\"},\"query-input\":{\"@type\":\"PropertyValueSpecification\",\"valueRequired\":true,\"valueName\":\"search_term_string\"}}],\"inLanguage\":\"de\"},{\"@type\":\"Organization\",\"@id\":\"https:\\\/\\\/www.barosa.com\\\/#organization\",\"name\":\"Manuel de Sousa Barosa, Lda.\",\"alternateName\":\"BAROSA\",\"url\":\"https:\\\/\\\/www.barosa.com\\\/\",\"logo\":{\"@type\":\"ImageObject\",\"inLanguage\":\"de\",\"@id\":\"https:\\\/\\\/www.barosa.com\\\/#\\\/schema\\\/logo\\\/image\\\/\",\"url\":\"https:\\\/\\\/www.barosa.com\\\/wp-content\\\/uploads\\\/2025\\\/03\\\/BAROSA-Logo-696x696-1.jpg\",\"contentUrl\":\"https:\\\/\\\/www.barosa.com\\\/wp-content\\\/uploads\\\/2025\\\/03\\\/BAROSA-Logo-696x696-1.jpg\",\"width\":696,\"height\":696,\"caption\":\"Manuel de Sousa Barosa, Lda.\"},\"image\":{\"@id\":\"https:\\\/\\\/www.barosa.com\\\/#\\\/schema\\\/logo\\\/image\\\/\"},\"sameAs\":[\"http:\\\/\\\/www.facebook.com\\\/barosa\\\/\",\"https:\\\/\\\/x.com\\\/barosa_lda\",\"https:\\\/\\\/www.instagram.com\\\/barosa_lda\\\/\",\"https:\\\/\\\/pt.linkedin.com\\\/company\\\/barosa-lda\"],\"description\":\"Empresa de transforma\u00e7\u00e3o e comercializa\u00e7\u00e3o de produtos alimentares congelados. BAROSA \u00ae Pescados, \\\"N\u00e3o h\u00e1 bom garfo que resista\u00ae\\\". BAROSA \u00ae FoodService \\\"O lado bom da comida!\u00ae\\\"\",\"email\":\"info@barosa.com\",\"telephone\":\"+351 262824403\",\"legalName\":\"Manuel de Sousa Barosa, Lda.\",\"foundingDate\":\"1975-05-21\",\"vatID\":\"503365190\",\"taxID\":\"503365190\",\"duns\":\"452388713\",\"numberOfEmployees\":{\"@type\":\"QuantitativeValue\",\"minValue\":\"11\",\"maxValue\":\"50\"},\"ethicsPolicy\":\"https:\\\/\\\/www.barosa.com\\\/politicaprivacidade\\\/\"}]}<\/script>\n<!-- \/ Yoast SEO Premium plugin. -->","yoast_head_json":{"title":"Carte D\u2019Or Topping l\u00edquido Frutos Silvestres 1Kg - BAROSA Congelados | Manuel de Sousa Barosa, Lda.","description":"Frutos Silvestres l\u00edquido para decorar ou rechear os seus: gelados, tartes, iogurtes, bolos, sobremesas empratadas, e tamb\u00e9m para preparar deliciosos batidos.","robots":{"index":"index","follow":"follow","max-snippet":"max-snippet:-1","max-image-preview":"max-image-preview:large","max-video-preview":"max-video-preview:-1"},"canonical":"https:\/\/www.barosa.com\/de\/product-2\/carte-dor-topping-liquido-frutos-silvestres-1kg-2\/","og_locale":"de_DE","og_type":"article","og_title":"Carte D\u2019Or Topping l\u00edquido Frutos Silvestres 1Kg","og_description":"Frutos Silvestres l\u00edquido para decorar ou rechear os seus: gelados, tartes, iogurtes, bolos, sobremesas empratadas, e tamb\u00e9m para preparar deliciosos batidos.","og_url":"https:\/\/www.barosa.com\/de\/product-2\/carte-dor-topping-liquido-frutos-silvestres-1kg-2\/","og_site_name":"BAROSA Congelados | Manuel de Sousa Barosa, Lda.","article_publisher":"http:\/\/www.facebook.com\/barosa\/","article_modified_time":"2025-04-03T22:57:47+00:00","og_image":[{"width":1024,"height":1024,"url":"https:\/\/www.barosa.com\/wp-content\/uploads\/2024\/09\/CDO-Topping-Frutos-Silvestres.jpg","type":"image\/jpeg"}],"twitter_card":"summary_large_image","twitter_site":"@barosa_lda","twitter_misc":{"Gesch\u00e4tzte Lesezeit":"1\u00a0Minute"},"schema":{"@context":"https:\/\/schema.org","@graph":[{"@type":"WebPage","@id":"https:\/\/www.barosa.com\/produto\/carte-dor-topping-liquido-frutos-silvestres-1kg-2\/","url":"https:\/\/www.barosa.com\/produto\/carte-dor-topping-liquido-frutos-silvestres-1kg-2\/","name":"Carte D\u2019Or Topping l\u00edquido Frutos Silvestres 1Kg - BAROSA Congelados | Manuel de Sousa Barosa, Lda.","isPartOf":{"@id":"https:\/\/www.barosa.com\/#website"},"primaryImageOfPage":{"@id":"https:\/\/www.barosa.com\/produto\/carte-dor-topping-liquido-frutos-silvestres-1kg-2\/#primaryimage"},"image":{"@id":"https:\/\/www.barosa.com\/produto\/carte-dor-topping-liquido-frutos-silvestres-1kg-2\/#primaryimage"},"thumbnailUrl":"https:\/\/www.barosa.com\/wp-content\/uploads\/2024\/09\/CDO-Topping-Frutos-Silvestres.jpg","datePublished":"2024-09-04T20:53:22+00:00","dateModified":"2025-04-03T22:57:47+00:00","description":"Frutos Silvestres l\u00edquido para decorar ou rechear os seus: gelados, tartes, iogurtes, bolos, sobremesas empratadas, e tamb\u00e9m para preparar deliciosos batidos.","breadcrumb":{"@id":"https:\/\/www.barosa.com\/produto\/carte-dor-topping-liquido-frutos-silvestres-1kg-2\/#breadcrumb"},"inLanguage":"de","potentialAction":[{"@type":"ReadAction","target":["https:\/\/www.barosa.com\/produto\/carte-dor-topping-liquido-frutos-silvestres-1kg-2\/"]}]},{"@type":"ImageObject","inLanguage":"de","@id":"https:\/\/www.barosa.com\/produto\/carte-dor-topping-liquido-frutos-silvestres-1kg-2\/#primaryimage","url":"https:\/\/www.barosa.com\/wp-content\/uploads\/2024\/09\/CDO-Topping-Frutos-Silvestres.jpg","contentUrl":"https:\/\/www.barosa.com\/wp-content\/uploads\/2024\/09\/CDO-Topping-Frutos-Silvestres.jpg","width":1024,"height":1024,"caption":"Carte D\u2019Or Topping l\u00edquido Frutos Silvestres 1Kg"},{"@type":"BreadcrumbList","@id":"https:\/\/www.barosa.com\/produto\/carte-dor-topping-liquido-frutos-silvestres-1kg-2\/#breadcrumb","itemListElement":[{"@type":"ListItem","position":1,"name":"In\u00edcio","item":"https:\/\/www.barosa.com\/"},{"@type":"ListItem","position":2,"name":"Shop","item":"https:\/\/www.barosa.com\/shop\/"},{"@type":"ListItem","position":3,"name":"Carte D\u2019Or Topping l\u00edquido Frutos Silvestres 1Kg"}]},{"@type":"WebSite","@id":"https:\/\/www.barosa.com\/#website","url":"https:\/\/www.barosa.com\/","name":"BAROSA Congelados | Manuel de Sousa Barosa, Lda.","description":"Ein Unternehmen, das Tiefk\u00fchlkostprodukte verarbeitet und verkauft. BAROSA \u00ae Fisch, \"Keine gute Gabel kann widerstehen\u00ae\". BAROSA \u00ae FoodService \"Die gute Seite des Essens\u00ae\". Fisch Krustentiere Schalentiere Kopff\u00fc\u00dfer Muscheln B\u00e4ckerei Geb\u00e4ck Pizzas Desserts","publisher":{"@id":"https:\/\/www.barosa.com\/#organization"},"alternateName":"BAROSA\u00ae","potentialAction":[{"@type":"SearchAction","target":{"@type":"EntryPoint","urlTemplate":"https:\/\/www.barosa.com\/?s={search_term_string}"},"query-input":{"@type":"PropertyValueSpecification","valueRequired":true,"valueName":"search_term_string"}}],"inLanguage":"de"},{"@type":"Organization","@id":"https:\/\/www.barosa.com\/#organization","name":"Manuel de Sousa Barosa, Lda.","alternateName":"BAROSA","url":"https:\/\/www.barosa.com\/","logo":{"@type":"ImageObject","inLanguage":"de","@id":"https:\/\/www.barosa.com\/#\/schema\/logo\/image\/","url":"https:\/\/www.barosa.com\/wp-content\/uploads\/2025\/03\/BAROSA-Logo-696x696-1.jpg","contentUrl":"https:\/\/www.barosa.com\/wp-content\/uploads\/2025\/03\/BAROSA-Logo-696x696-1.jpg","width":696,"height":696,"caption":"Manuel de Sousa Barosa, Lda."},"image":{"@id":"https:\/\/www.barosa.com\/#\/schema\/logo\/image\/"},"sameAs":["http:\/\/www.facebook.com\/barosa\/","https:\/\/x.com\/barosa_lda","https:\/\/www.instagram.com\/barosa_lda\/","https:\/\/pt.linkedin.com\/company\/barosa-lda"],"description":"Ein Unternehmen, das Tiefk\u00fchlkostprodukte verarbeitet und verkauft. BAROSA \u00ae Fisch, \"Keine gute Gabel kann widerstehen\u00ae\". BAROSA \u00ae FoodService \"Die gute Seite des Essens!\u00ae\"","email":"info@barosa.com","telephone":"+351 262824403","legalName":"Manuel de Sousa Barosa, Lda.","foundingDate":"1975-05-21","vatID":"503365190","taxID":"503365190","duns":"452388713","numberOfEmployees":{"@type":"QuantitativeValue","minValue":"11","maxValue":"50"},"ethicsPolicy":"https:\/\/www.barosa.com\/politicaprivacidade\/"}]}},"_links":{"self":[{"href":"https:\/\/www.barosa.com\/de\/wp-json\/wp\/v2\/product\/12176","targetHints":{"allow":["GET"]}}],"collection":[{"href":"https:\/\/www.barosa.com\/de\/wp-json\/wp\/v2\/product"}],"about":[{"href":"https:\/\/www.barosa.com\/de\/wp-json\/wp\/v2\/types\/product"}],"wp:featuredmedia":[{"embeddable":true,"href":"https:\/\/www.barosa.com\/de\/wp-json\/wp\/v2\/media\/12177"}],"wp:attachment":[{"href":"https:\/\/www.barosa.com\/de\/wp-json\/wp\/v2\/media?parent=12176"}],"wp:term":[{"taxonomy":"product_brand","embeddable":true,"href":"https:\/\/www.barosa.com\/de\/wp-json\/wp\/v2\/product_brand?post=12176"},{"taxonomy":"product_cat","embeddable":true,"href":"https:\/\/www.barosa.com\/de\/wp-json\/wp\/v2\/product_cat?post=12176"},{"taxonomy":"product_tag","embeddable":true,"href":"https:\/\/www.barosa.com\/de\/wp-json\/wp\/v2\/product_tag?post=12176"}],"curies":[{"name":"wp","href":"https:\/\/api.w.org\/{rel}","templated":true}]}}