{"id":11341,"date":"2024-03-18T23:22:28","date_gmt":"2024-03-18T22:22:28","guid":{"rendered":"https:\/\/www.barosa.com\/?post_type=product&#038;p=11341"},"modified":"2025-07-04T09:41:28","modified_gmt":"2025-07-04T09:41:28","slug":"filetes-recheados-tomate-mozzarella-300g-iglo","status":"publish","type":"product","link":"https:\/\/www.barosa.com\/de\/produto\/filetes-recheados-tomate-mozzarella-300g-iglo\/","title":{"rendered":"Filetes Recheados Tomate &#038; Mozzarella (300g) [Iglo]"},"content":{"rendered":"","protected":false},"excerpt":{"rendered":"<p>3 deliciosos Filetes de Peixe com um cremoso recheio de tomate e queijo mozzarella.<br \/>\nOs Filetes Recheados da Iglo aliam o melhor peixe a um cremoso recheio e uma cobertura crocante. Esta \u00e9 a receita para um sabor irresist\u00edvel. Uma deliciosa refei\u00e7\u00e3o de peixe, de f\u00e1cil prepara\u00e7\u00e3o no forno e com resultados sempre perfeitos.<\/p>\n<p>&nbsp;<\/p>\n[bg_collapse view=\"link\" color=\"#4a4949\" icon=\"arrow\" expand_text=\"Modo de Prepara\u00e7\u00e3o\" collapse_text=\"Esconder\" ]<\/p>\n<h3>Modo de Prepara\u00e7\u00e3o<\/h3>\n<p><img loading=\"lazy\" decoding=\"async\" class=\"size-full wp-image-6530\" src=\"https:\/\/www.barosa.com\/wp-content\/uploads\/2021\/11\/Forno.png\" alt=\"Forno\" width=\"30\" height=\"30\" srcset=\"https:\/\/www.barosa.com\/wp-content\/uploads\/2021\/11\/Forno.png 30w, https:\/\/www.barosa.com\/wp-content\/uploads\/2021\/11\/Forno-12x12.png 12w\" sizes=\"auto, (max-width: 30px) 100vw, 30px\" \/><\/p>\n<p><strong>No Forno:<\/strong><\/p>\n<p>Pr\u00e9-aque\u00e7a o forno a 225\u00baC\/ 200\u00baC ar circulante. Sem descongelar, coloque os filetes de peixe num tabuleiro de grelha (sem base) forrado com papel vegetal a meio do forno. Deixe cozinhar durante 16-18 minutos.<\/p>\n<h5>NOTA : Os tempos referidos s\u00e3o aproximados, dependendo do tipo de forno.<\/h5>\n<p>&nbsp;<\/p>\n<p><img loading=\"lazy\" decoding=\"async\" class=\"alignnone wp-image-6531 size-full\" src=\"https:\/\/www.barosa.com\/wp-content\/uploads\/2021\/11\/Frigideira.png\" alt=\"Frigideira\" width=\"30\" height=\"30\" srcset=\"https:\/\/www.barosa.com\/wp-content\/uploads\/2021\/11\/Frigideira.png 30w, https:\/\/www.barosa.com\/wp-content\/uploads\/2021\/11\/Frigideira-12x12.png 12w\" sizes=\"auto, (max-width: 30px) 100vw, 30px\" \/><\/p>\n<p><strong>Na Frigideira:<\/strong><\/p>\n<p>Este produto foi especialmente concebido para prepara\u00e7\u00e3o no forno, no entanto pode tamb\u00e9m ser frito. Sem descongelar, frite em \u00f3leo bem quente (180\u00baC) em ambos os lados durante 8 \u2013 10 minutos, em lume brando.<\/p>\n<p>[\/bg_collapse]\n<p>&nbsp;<\/p>\n<p>Embalagem com 10 caixas de 300 grs.<\/p>\n<p><strong>Marca:<\/strong> Iglo<\/p>\n<h6><em>Produto congelado<\/em><\/h6>\n","protected":false},"featured_media":11342,"template":"","meta":[],"product_brand":[713],"product_cat":[216],"product_tag":[],"class_list":{"0":"post-11341","1":"product","2":"type-product","3":"status-publish","4":"has-post-thumbnail","6":"product_brand-iglo","7":"product_cat-snacks-embalados","9":"first","10":"instock","11":"shipping-taxable","12":"purchasable","13":"product-type-simple"},"yoast_head":"<!-- This site is optimized with the Yoast SEO Premium plugin v27.3 (Yoast SEO v27.3) - https:\/\/yoast.com\/product\/yoast-seo-premium-wordpress\/ -->\n<title>Filetes Recheados Tomate &amp; Mozzarella (300g) [Iglo] - BAROSA Congelados | Manuel de Sousa Barosa, Lda.<\/title>\n<meta name=\"description\" content=\"3 deliciosos Filetes de Peixe com um cremoso recheio de tomate e queijo mozzarella.\" \/>\n<meta name=\"robots\" content=\"index, follow, max-snippet:-1, max-image-preview:large, max-video-preview:-1\" \/>\n<link rel=\"canonical\" href=\"https:\/\/www.barosa.com\/de\/product-2\/filetes-recheados-tomate-mozzarella-300g-iglo\/\" \/>\n<meta property=\"og:locale\" content=\"de_DE\" \/>\n<meta property=\"og:type\" content=\"article\" \/>\n<meta property=\"og:title\" content=\"Filetes Recheados Tomate &amp; Mozzarella (300g) [Iglo]\" \/>\n<meta property=\"og:description\" content=\"3 deliciosos Filetes de Peixe com um cremoso recheio de tomate e queijo mozzarella.\" \/>\n<meta property=\"og:url\" content=\"https:\/\/www.barosa.com\/de\/product-2\/filetes-recheados-tomate-mozzarella-300g-iglo\/\" \/>\n<meta property=\"og:site_name\" content=\"BAROSA Congelados | Manuel de Sousa Barosa, Lda.\" \/>\n<meta property=\"article:publisher\" content=\"http:\/\/www.facebook.com\/barosa\/\" \/>\n<meta property=\"article:modified_time\" content=\"2025-07-04T09:41:28+00:00\" \/>\n<meta property=\"og:image\" content=\"https:\/\/www.barosa.com\/wp-content\/uploads\/2024\/03\/3-Filetes-Peixe-Tomate-e-Mozzarella-10x300-Grs-Iglo.jpg\" \/>\n\t<meta property=\"og:image:width\" content=\"1000\" \/>\n\t<meta property=\"og:image:height\" content=\"1000\" \/>\n\t<meta property=\"og:image:type\" content=\"image\/jpeg\" \/>\n<meta name=\"twitter:card\" content=\"summary_large_image\" \/>\n<meta name=\"twitter:site\" content=\"@barosa_lda\" \/>\n<meta name=\"twitter:label1\" content=\"Gesch\u00e4tzte Lesezeit\" \/>\n\t<meta name=\"twitter:data1\" content=\"1\u00a0Minute\" \/>\n<script type=\"application\/ld+json\" class=\"yoast-schema-graph\">{\"@context\":\"https:\\\/\\\/schema.org\",\"@graph\":[{\"@type\":\"WebPage\",\"@id\":\"https:\\\/\\\/www.barosa.com\\\/produto\\\/filetes-recheados-tomate-mozzarella-300g-iglo\\\/\",\"url\":\"https:\\\/\\\/www.barosa.com\\\/produto\\\/filetes-recheados-tomate-mozzarella-300g-iglo\\\/\",\"name\":\"Filetes Recheados Tomate & Mozzarella (300g) [Iglo] - BAROSA Congelados | Manuel de Sousa Barosa, Lda.\",\"isPartOf\":{\"@id\":\"https:\\\/\\\/www.barosa.com\\\/#website\"},\"primaryImageOfPage\":{\"@id\":\"https:\\\/\\\/www.barosa.com\\\/produto\\\/filetes-recheados-tomate-mozzarella-300g-iglo\\\/#primaryimage\"},\"image\":{\"@id\":\"https:\\\/\\\/www.barosa.com\\\/produto\\\/filetes-recheados-tomate-mozzarella-300g-iglo\\\/#primaryimage\"},\"thumbnailUrl\":\"https:\\\/\\\/www.barosa.com\\\/wp-content\\\/uploads\\\/2024\\\/03\\\/3-Filetes-Peixe-Tomate-e-Mozzarella-10x300-Grs-Iglo.jpg\",\"datePublished\":\"2024-03-18T22:22:28+00:00\",\"dateModified\":\"2025-07-04T09:41:28+00:00\",\"description\":\"3 deliciosos Filetes de Peixe com um cremoso recheio de tomate e queijo mozzarella.\",\"breadcrumb\":{\"@id\":\"https:\\\/\\\/www.barosa.com\\\/produto\\\/filetes-recheados-tomate-mozzarella-300g-iglo\\\/#breadcrumb\"},\"inLanguage\":\"de\",\"potentialAction\":[{\"@type\":\"ReadAction\",\"target\":[\"https:\\\/\\\/www.barosa.com\\\/produto\\\/filetes-recheados-tomate-mozzarella-300g-iglo\\\/\"]}]},{\"@type\":\"ImageObject\",\"inLanguage\":\"de\",\"@id\":\"https:\\\/\\\/www.barosa.com\\\/produto\\\/filetes-recheados-tomate-mozzarella-300g-iglo\\\/#primaryimage\",\"url\":\"https:\\\/\\\/www.barosa.com\\\/wp-content\\\/uploads\\\/2024\\\/03\\\/3-Filetes-Peixe-Tomate-e-Mozzarella-10x300-Grs-Iglo.jpg\",\"contentUrl\":\"https:\\\/\\\/www.barosa.com\\\/wp-content\\\/uploads\\\/2024\\\/03\\\/3-Filetes-Peixe-Tomate-e-Mozzarella-10x300-Grs-Iglo.jpg\",\"width\":1000,\"height\":1000,\"caption\":\"Filetes Recheados Tomate & Mozzarella (300g) [Iglo]\"},{\"@type\":\"BreadcrumbList\",\"@id\":\"https:\\\/\\\/www.barosa.com\\\/produto\\\/filetes-recheados-tomate-mozzarella-300g-iglo\\\/#breadcrumb\",\"itemListElement\":[{\"@type\":\"ListItem\",\"position\":1,\"name\":\"In\u00edcio\",\"item\":\"https:\\\/\\\/www.barosa.com\\\/\"},{\"@type\":\"ListItem\",\"position\":2,\"name\":\"Shop\",\"item\":\"https:\\\/\\\/www.barosa.com\\\/shop\\\/\"},{\"@type\":\"ListItem\",\"position\":3,\"name\":\"Filetes Recheados Tomate &#038; Mozzarella (300g) [Iglo]\"}]},{\"@type\":\"WebSite\",\"@id\":\"https:\\\/\\\/www.barosa.com\\\/#website\",\"url\":\"https:\\\/\\\/www.barosa.com\\\/\",\"name\":\"BAROSA Congelados | Manuel de Sousa Barosa, Lda.\",\"description\":\"Empresa de transforma\u00e7\u00e3o e comercializa\u00e7\u00e3o de produtos alimentares congelados. BAROSA \u00ae Pescados, &quot;N\u00e3o h\u00e1 bom garfo que resista\u00ae&quot;. BAROSA \u00ae FoodService &quot;O lado bom da comida\u00ae&quot;. Pescados Crust\u00e1ceos Mariscos Cefal\u00f3podes Bivalves Padaria Pastelaria Pizzas Sobremesas\",\"publisher\":{\"@id\":\"https:\\\/\\\/www.barosa.com\\\/#organization\"},\"alternateName\":\"BAROSA\u00ae\",\"potentialAction\":[{\"@type\":\"SearchAction\",\"target\":{\"@type\":\"EntryPoint\",\"urlTemplate\":\"https:\\\/\\\/www.barosa.com\\\/?s={search_term_string}\"},\"query-input\":{\"@type\":\"PropertyValueSpecification\",\"valueRequired\":true,\"valueName\":\"search_term_string\"}}],\"inLanguage\":\"de\"},{\"@type\":\"Organization\",\"@id\":\"https:\\\/\\\/www.barosa.com\\\/#organization\",\"name\":\"Manuel de Sousa Barosa, Lda.\",\"alternateName\":\"BAROSA\",\"url\":\"https:\\\/\\\/www.barosa.com\\\/\",\"logo\":{\"@type\":\"ImageObject\",\"inLanguage\":\"de\",\"@id\":\"https:\\\/\\\/www.barosa.com\\\/#\\\/schema\\\/logo\\\/image\\\/\",\"url\":\"https:\\\/\\\/www.barosa.com\\\/wp-content\\\/uploads\\\/2025\\\/03\\\/BAROSA-Logo-696x696-1.jpg\",\"contentUrl\":\"https:\\\/\\\/www.barosa.com\\\/wp-content\\\/uploads\\\/2025\\\/03\\\/BAROSA-Logo-696x696-1.jpg\",\"width\":696,\"height\":696,\"caption\":\"Manuel de Sousa Barosa, Lda.\"},\"image\":{\"@id\":\"https:\\\/\\\/www.barosa.com\\\/#\\\/schema\\\/logo\\\/image\\\/\"},\"sameAs\":[\"http:\\\/\\\/www.facebook.com\\\/barosa\\\/\",\"https:\\\/\\\/x.com\\\/barosa_lda\",\"https:\\\/\\\/www.instagram.com\\\/barosa_lda\\\/\",\"https:\\\/\\\/pt.linkedin.com\\\/company\\\/barosa-lda\"],\"description\":\"Empresa de transforma\u00e7\u00e3o e comercializa\u00e7\u00e3o de produtos alimentares congelados. BAROSA \u00ae Pescados, \\\"N\u00e3o h\u00e1 bom garfo que resista\u00ae\\\". BAROSA \u00ae FoodService \\\"O lado bom da comida!\u00ae\\\"\",\"email\":\"info@barosa.com\",\"telephone\":\"+351 262824403\",\"legalName\":\"Manuel de Sousa Barosa, Lda.\",\"foundingDate\":\"1975-05-21\",\"vatID\":\"503365190\",\"taxID\":\"503365190\",\"duns\":\"452388713\",\"numberOfEmployees\":{\"@type\":\"QuantitativeValue\",\"minValue\":\"11\",\"maxValue\":\"50\"},\"ethicsPolicy\":\"https:\\\/\\\/www.barosa.com\\\/politicaprivacidade\\\/\"}]}<\/script>\n<!-- \/ Yoast SEO Premium plugin. -->","yoast_head_json":{"title":"Filetes Recheados Tomate & Mozzarella (300g) [Iglo] - BAROSA Congelados | Manuel de Sousa Barosa, Lda.","description":"3 deliciosos Filetes de Peixe com um cremoso recheio de tomate e queijo mozzarella.","robots":{"index":"index","follow":"follow","max-snippet":"max-snippet:-1","max-image-preview":"max-image-preview:large","max-video-preview":"max-video-preview:-1"},"canonical":"https:\/\/www.barosa.com\/de\/product-2\/filetes-recheados-tomate-mozzarella-300g-iglo\/","og_locale":"de_DE","og_type":"article","og_title":"Filetes Recheados Tomate & Mozzarella (300g) [Iglo]","og_description":"3 deliciosos Filetes de Peixe com um cremoso recheio de tomate e queijo mozzarella.","og_url":"https:\/\/www.barosa.com\/de\/product-2\/filetes-recheados-tomate-mozzarella-300g-iglo\/","og_site_name":"BAROSA Congelados | Manuel de Sousa Barosa, Lda.","article_publisher":"http:\/\/www.facebook.com\/barosa\/","article_modified_time":"2025-07-04T09:41:28+00:00","og_image":[{"width":1000,"height":1000,"url":"https:\/\/www.barosa.com\/wp-content\/uploads\/2024\/03\/3-Filetes-Peixe-Tomate-e-Mozzarella-10x300-Grs-Iglo.jpg","type":"image\/jpeg"}],"twitter_card":"summary_large_image","twitter_site":"@barosa_lda","twitter_misc":{"Gesch\u00e4tzte Lesezeit":"1\u00a0Minute"},"schema":{"@context":"https:\/\/schema.org","@graph":[{"@type":"WebPage","@id":"https:\/\/www.barosa.com\/produto\/filetes-recheados-tomate-mozzarella-300g-iglo\/","url":"https:\/\/www.barosa.com\/produto\/filetes-recheados-tomate-mozzarella-300g-iglo\/","name":"Filetes Recheados Tomate & Mozzarella (300g) [Iglo] - BAROSA Congelados | Manuel de Sousa Barosa, Lda.","isPartOf":{"@id":"https:\/\/www.barosa.com\/#website"},"primaryImageOfPage":{"@id":"https:\/\/www.barosa.com\/produto\/filetes-recheados-tomate-mozzarella-300g-iglo\/#primaryimage"},"image":{"@id":"https:\/\/www.barosa.com\/produto\/filetes-recheados-tomate-mozzarella-300g-iglo\/#primaryimage"},"thumbnailUrl":"https:\/\/www.barosa.com\/wp-content\/uploads\/2024\/03\/3-Filetes-Peixe-Tomate-e-Mozzarella-10x300-Grs-Iglo.jpg","datePublished":"2024-03-18T22:22:28+00:00","dateModified":"2025-07-04T09:41:28+00:00","description":"3 deliciosos Filetes de Peixe com um cremoso recheio de tomate e queijo mozzarella.","breadcrumb":{"@id":"https:\/\/www.barosa.com\/produto\/filetes-recheados-tomate-mozzarella-300g-iglo\/#breadcrumb"},"inLanguage":"de","potentialAction":[{"@type":"ReadAction","target":["https:\/\/www.barosa.com\/produto\/filetes-recheados-tomate-mozzarella-300g-iglo\/"]}]},{"@type":"ImageObject","inLanguage":"de","@id":"https:\/\/www.barosa.com\/produto\/filetes-recheados-tomate-mozzarella-300g-iglo\/#primaryimage","url":"https:\/\/www.barosa.com\/wp-content\/uploads\/2024\/03\/3-Filetes-Peixe-Tomate-e-Mozzarella-10x300-Grs-Iglo.jpg","contentUrl":"https:\/\/www.barosa.com\/wp-content\/uploads\/2024\/03\/3-Filetes-Peixe-Tomate-e-Mozzarella-10x300-Grs-Iglo.jpg","width":1000,"height":1000,"caption":"Filetes Recheados Tomate & Mozzarella (300g) [Iglo]"},{"@type":"BreadcrumbList","@id":"https:\/\/www.barosa.com\/produto\/filetes-recheados-tomate-mozzarella-300g-iglo\/#breadcrumb","itemListElement":[{"@type":"ListItem","position":1,"name":"In\u00edcio","item":"https:\/\/www.barosa.com\/"},{"@type":"ListItem","position":2,"name":"Shop","item":"https:\/\/www.barosa.com\/shop\/"},{"@type":"ListItem","position":3,"name":"Filetes Recheados Tomate &#038; Mozzarella (300g) [Iglo]"}]},{"@type":"WebSite","@id":"https:\/\/www.barosa.com\/#website","url":"https:\/\/www.barosa.com\/","name":"BAROSA Congelados | Manuel de Sousa Barosa, Lda.","description":"Ein Unternehmen, das Tiefk\u00fchlkostprodukte verarbeitet und verkauft. BAROSA \u00ae Fisch, \"Keine gute Gabel kann widerstehen\u00ae\". BAROSA \u00ae FoodService \"Die gute Seite des Essens\u00ae\". Fisch Krustentiere Schalentiere Kopff\u00fc\u00dfer Muscheln B\u00e4ckerei Geb\u00e4ck Pizzas Desserts","publisher":{"@id":"https:\/\/www.barosa.com\/#organization"},"alternateName":"BAROSA\u00ae","potentialAction":[{"@type":"SearchAction","target":{"@type":"EntryPoint","urlTemplate":"https:\/\/www.barosa.com\/?s={search_term_string}"},"query-input":{"@type":"PropertyValueSpecification","valueRequired":true,"valueName":"search_term_string"}}],"inLanguage":"de"},{"@type":"Organization","@id":"https:\/\/www.barosa.com\/#organization","name":"Manuel de Sousa Barosa, Lda.","alternateName":"BAROSA","url":"https:\/\/www.barosa.com\/","logo":{"@type":"ImageObject","inLanguage":"de","@id":"https:\/\/www.barosa.com\/#\/schema\/logo\/image\/","url":"https:\/\/www.barosa.com\/wp-content\/uploads\/2025\/03\/BAROSA-Logo-696x696-1.jpg","contentUrl":"https:\/\/www.barosa.com\/wp-content\/uploads\/2025\/03\/BAROSA-Logo-696x696-1.jpg","width":696,"height":696,"caption":"Manuel de Sousa Barosa, Lda."},"image":{"@id":"https:\/\/www.barosa.com\/#\/schema\/logo\/image\/"},"sameAs":["http:\/\/www.facebook.com\/barosa\/","https:\/\/x.com\/barosa_lda","https:\/\/www.instagram.com\/barosa_lda\/","https:\/\/pt.linkedin.com\/company\/barosa-lda"],"description":"Ein Unternehmen, das Tiefk\u00fchlkostprodukte verarbeitet und verkauft. BAROSA \u00ae Fisch, \"Keine gute Gabel kann widerstehen\u00ae\". BAROSA \u00ae FoodService \"Die gute Seite des Essens!\u00ae\"","email":"info@barosa.com","telephone":"+351 262824403","legalName":"Manuel de Sousa Barosa, Lda.","foundingDate":"1975-05-21","vatID":"503365190","taxID":"503365190","duns":"452388713","numberOfEmployees":{"@type":"QuantitativeValue","minValue":"11","maxValue":"50"},"ethicsPolicy":"https:\/\/www.barosa.com\/politicaprivacidade\/"}]}},"_links":{"self":[{"href":"https:\/\/www.barosa.com\/de\/wp-json\/wp\/v2\/product\/11341","targetHints":{"allow":["GET"]}}],"collection":[{"href":"https:\/\/www.barosa.com\/de\/wp-json\/wp\/v2\/product"}],"about":[{"href":"https:\/\/www.barosa.com\/de\/wp-json\/wp\/v2\/types\/product"}],"wp:featuredmedia":[{"embeddable":true,"href":"https:\/\/www.barosa.com\/de\/wp-json\/wp\/v2\/media\/11342"}],"wp:attachment":[{"href":"https:\/\/www.barosa.com\/de\/wp-json\/wp\/v2\/media?parent=11341"}],"wp:term":[{"taxonomy":"product_brand","embeddable":true,"href":"https:\/\/www.barosa.com\/de\/wp-json\/wp\/v2\/product_brand?post=11341"},{"taxonomy":"product_cat","embeddable":true,"href":"https:\/\/www.barosa.com\/de\/wp-json\/wp\/v2\/product_cat?post=11341"},{"taxonomy":"product_tag","embeddable":true,"href":"https:\/\/www.barosa.com\/de\/wp-json\/wp\/v2\/product_tag?post=11341"}],"curies":[{"name":"wp","href":"https:\/\/api.w.org\/{rel}","templated":true}]}}