{"id":11197,"date":"2024-02-12T16:43:42","date_gmt":"2024-02-12T15:43:42","guid":{"rendered":"https:\/\/www.barosa.com\/?post_type=product&#038;p=11197"},"modified":"2025-09-03T16:08:33","modified_gmt":"2025-09-03T15:08:33","slug":"multipack-magnum-wonder-t-h","status":"publish","type":"product","link":"https:\/\/www.barosa.com\/de\/produto\/multipack-magnum-wonder-t-h\/","title":{"rendered":"Multipack Magnum Wonder - T.H."},"content":{"rendered":"","protected":false},"excerpt":{"rendered":"<p>Staunen Sie \u00fcber wahren Genuss und steigern Sie Ihr Geschmackserlebnis mit Magnum Wonder. Bei\u00dfen Sie in die k\u00f6stlich knackige Schokolade und tauchen Sie ein in die Oberfl\u00e4che der k\u00f6stlichen Magnum-Eiscreme. Magnum Wonder ist ein k\u00f6stliches cremiges Eis mit einem Kern aus Dattel-Eis mit Karamellgeschmack, der in wei\u00dfe Schokolade mit Karamell getaucht und mit karamellisierten Mandelst\u00fcckchen gekr\u00f6nt ist.<\/p>\n<p>Schachtel mit 10 Packungen<\/p>\n<p><strong>Marke:<\/strong> Ol\u00e1<\/p>\n<h6><em>Tiefk\u00fchlprodukt<\/em><\/h6>","protected":false},"featured_media":11198,"template":"","meta":[],"product_brand":[723],"product_cat":[516],"product_tag":[591],"class_list":{"0":"post-11197","1":"product","2":"type-product","3":"status-publish","4":"has-post-thumbnail","6":"product_brand-magnum","7":"product_cat-gelados-in-home","8":"product_tag-ola","10":"first","11":"instock","12":"taxable","13":"shipping-taxable","14":"purchasable","15":"product-type-simple"},"yoast_head":"<!-- This site is optimized with the Yoast SEO Premium plugin v27.5 (Yoast SEO v27.5) - https:\/\/yoast.com\/product\/yoast-seo-premium-wordpress\/ -->\n<title>Multipack Magnum Wonder \u2013 T.H. - BAROSA Congelados | Manuel de Sousa Barosa, Lda.<\/title>\n<meta name=\"description\" content=\"Magnum Wonder \u00e9 um delicioso gelado cremoso que envolve um n\u00facleo de gelado de t\u00e2maras com sabor a caramelo, mergulhado em chocolate branco com caramelo e coberto com peda\u00e7os de am\u00eandoas caramelizadas.\" \/>\n<meta name=\"robots\" content=\"index, follow, max-snippet:-1, max-image-preview:large, max-video-preview:-1\" \/>\n<link rel=\"canonical\" href=\"https:\/\/www.barosa.com\/de\/product-2\/multipack-magnum-wonder-t-h\/\" \/>\n<meta property=\"og:locale\" content=\"de_DE\" \/>\n<meta property=\"og:type\" content=\"article\" \/>\n<meta property=\"og:title\" content=\"Multipack Magnum Wonder \u2013 T.H.\" \/>\n<meta property=\"og:description\" content=\"Magnum Wonder \u00e9 um delicioso gelado cremoso que envolve um n\u00facleo de gelado de t\u00e2maras com sabor a caramelo, mergulhado em chocolate branco com caramelo e coberto com peda\u00e7os de am\u00eandoas caramelizadas.\" \/>\n<meta property=\"og:url\" content=\"https:\/\/www.barosa.com\/de\/product-2\/multipack-magnum-wonder-t-h\/\" \/>\n<meta property=\"og:site_name\" content=\"BAROSA Congelados | Manuel de Sousa Barosa, Lda.\" \/>\n<meta property=\"article:publisher\" content=\"http:\/\/www.facebook.com\/barosa\/\" \/>\n<meta property=\"article:modified_time\" content=\"2025-09-03T15:08:33+00:00\" \/>\n<meta property=\"og:image\" content=\"https:\/\/www.barosa.com\/wp-content\/uploads\/2024\/02\/Multipack-Magnum-Wonder-TH.jpg\" \/>\n\t<meta property=\"og:image:width\" content=\"1024\" \/>\n\t<meta property=\"og:image:height\" content=\"1024\" \/>\n\t<meta property=\"og:image:type\" content=\"image\/jpeg\" \/>\n<meta name=\"twitter:card\" content=\"summary_large_image\" \/>\n<meta name=\"twitter:site\" content=\"@barosa_lda\" \/>\n<meta name=\"twitter:label1\" content=\"Gesch\u00e4tzte Lesezeit\" \/>\n\t<meta name=\"twitter:data1\" content=\"1\u00a0Minute\" \/>\n<script type=\"application\/ld+json\" class=\"yoast-schema-graph\">{\"@context\":\"https:\\\/\\\/schema.org\",\"@graph\":[{\"@type\":\"WebPage\",\"@id\":\"https:\\\/\\\/www.barosa.com\\\/produto\\\/multipack-magnum-wonder-t-h\\\/\",\"url\":\"https:\\\/\\\/www.barosa.com\\\/produto\\\/multipack-magnum-wonder-t-h\\\/\",\"name\":\"Multipack Magnum Wonder \u2013 T.H. - BAROSA Congelados | Manuel de Sousa Barosa, Lda.\",\"isPartOf\":{\"@id\":\"https:\\\/\\\/www.barosa.com\\\/#website\"},\"primaryImageOfPage\":{\"@id\":\"https:\\\/\\\/www.barosa.com\\\/produto\\\/multipack-magnum-wonder-t-h\\\/#primaryimage\"},\"image\":{\"@id\":\"https:\\\/\\\/www.barosa.com\\\/produto\\\/multipack-magnum-wonder-t-h\\\/#primaryimage\"},\"thumbnailUrl\":\"https:\\\/\\\/www.barosa.com\\\/wp-content\\\/uploads\\\/2024\\\/02\\\/Multipack-Magnum-Wonder-TH.jpg\",\"datePublished\":\"2024-02-12T15:43:42+00:00\",\"dateModified\":\"2025-09-03T15:08:33+00:00\",\"description\":\"Magnum Wonder \u00e9 um delicioso gelado cremoso que envolve um n\u00facleo de gelado de t\u00e2maras com sabor a caramelo, mergulhado em chocolate branco com caramelo e coberto com peda\u00e7os de am\u00eandoas caramelizadas.\",\"breadcrumb\":{\"@id\":\"https:\\\/\\\/www.barosa.com\\\/produto\\\/multipack-magnum-wonder-t-h\\\/#breadcrumb\"},\"inLanguage\":\"de\",\"potentialAction\":[{\"@type\":\"ReadAction\",\"target\":[\"https:\\\/\\\/www.barosa.com\\\/produto\\\/multipack-magnum-wonder-t-h\\\/\"]}]},{\"@type\":\"ImageObject\",\"inLanguage\":\"de\",\"@id\":\"https:\\\/\\\/www.barosa.com\\\/produto\\\/multipack-magnum-wonder-t-h\\\/#primaryimage\",\"url\":\"https:\\\/\\\/www.barosa.com\\\/wp-content\\\/uploads\\\/2024\\\/02\\\/Multipack-Magnum-Wonder-TH.jpg\",\"contentUrl\":\"https:\\\/\\\/www.barosa.com\\\/wp-content\\\/uploads\\\/2024\\\/02\\\/Multipack-Magnum-Wonder-TH.jpg\",\"width\":1024,\"height\":1024,\"caption\":\"Multipack Magnum Wonder \u2013 T.H.\"},{\"@type\":\"BreadcrumbList\",\"@id\":\"https:\\\/\\\/www.barosa.com\\\/produto\\\/multipack-magnum-wonder-t-h\\\/#breadcrumb\",\"itemListElement\":[{\"@type\":\"ListItem\",\"position\":1,\"name\":\"In\u00edcio\",\"item\":\"https:\\\/\\\/www.barosa.com\\\/\"},{\"@type\":\"ListItem\",\"position\":2,\"name\":\"Shop\",\"item\":\"https:\\\/\\\/www.barosa.com\\\/shop\\\/\"},{\"@type\":\"ListItem\",\"position\":3,\"name\":\"Multipack Magnum Wonder \u2013 T.H.\"}]},{\"@type\":\"WebSite\",\"@id\":\"https:\\\/\\\/www.barosa.com\\\/#website\",\"url\":\"https:\\\/\\\/www.barosa.com\\\/\",\"name\":\"BAROSA Congelados | Manuel de Sousa Barosa, Lda.\",\"description\":\"Empresa de transforma\u00e7\u00e3o e comercializa\u00e7\u00e3o de produtos alimentares congelados. BAROSA \u00ae Pescados, &quot;N\u00e3o h\u00e1 bom garfo que resista\u00ae&quot;. BAROSA \u00ae FoodService &quot;O lado bom da comida\u00ae&quot;. Pescados Crust\u00e1ceos Mariscos Cefal\u00f3podes Bivalves Padaria Pastelaria Pizzas Sobremesas\",\"publisher\":{\"@id\":\"https:\\\/\\\/www.barosa.com\\\/#organization\"},\"alternateName\":\"BAROSA\u00ae\",\"potentialAction\":[{\"@type\":\"SearchAction\",\"target\":{\"@type\":\"EntryPoint\",\"urlTemplate\":\"https:\\\/\\\/www.barosa.com\\\/?s={search_term_string}\"},\"query-input\":{\"@type\":\"PropertyValueSpecification\",\"valueRequired\":true,\"valueName\":\"search_term_string\"}}],\"inLanguage\":\"de\"},{\"@type\":\"Organization\",\"@id\":\"https:\\\/\\\/www.barosa.com\\\/#organization\",\"name\":\"Manuel de Sousa Barosa, Lda.\",\"alternateName\":\"BAROSA\",\"url\":\"https:\\\/\\\/www.barosa.com\\\/\",\"logo\":{\"@type\":\"ImageObject\",\"inLanguage\":\"de\",\"@id\":\"https:\\\/\\\/www.barosa.com\\\/#\\\/schema\\\/logo\\\/image\\\/\",\"url\":\"https:\\\/\\\/www.barosa.com\\\/wp-content\\\/uploads\\\/2025\\\/03\\\/BAROSA-Logo-696x696-1.jpg\",\"contentUrl\":\"https:\\\/\\\/www.barosa.com\\\/wp-content\\\/uploads\\\/2025\\\/03\\\/BAROSA-Logo-696x696-1.jpg\",\"width\":696,\"height\":696,\"caption\":\"Manuel de Sousa Barosa, Lda.\"},\"image\":{\"@id\":\"https:\\\/\\\/www.barosa.com\\\/#\\\/schema\\\/logo\\\/image\\\/\"},\"sameAs\":[\"http:\\\/\\\/www.facebook.com\\\/barosa\\\/\",\"https:\\\/\\\/x.com\\\/barosa_lda\",\"https:\\\/\\\/www.instagram.com\\\/barosa_lda\\\/\",\"https:\\\/\\\/pt.linkedin.com\\\/company\\\/barosa-lda\"],\"description\":\"Empresa de transforma\u00e7\u00e3o e comercializa\u00e7\u00e3o de produtos alimentares congelados. BAROSA \u00ae Pescados, \\\"N\u00e3o h\u00e1 bom garfo que resista\u00ae\\\". BAROSA \u00ae FoodService \\\"O lado bom da comida!\u00ae\\\"\",\"email\":\"info@barosa.com\",\"telephone\":\"+351 262824403\",\"legalName\":\"Manuel de Sousa Barosa, Lda.\",\"foundingDate\":\"1975-05-21\",\"vatID\":\"503365190\",\"taxID\":\"503365190\",\"duns\":\"452388713\",\"numberOfEmployees\":{\"@type\":\"QuantitativeValue\",\"minValue\":\"11\",\"maxValue\":\"50\"},\"ethicsPolicy\":\"https:\\\/\\\/www.barosa.com\\\/politicaprivacidade\\\/\"}]}<\/script>\n<!-- \/ Yoast SEO Premium plugin. -->","yoast_head_json":{"title":"Multipack Magnum Wonder - T.H. - BAROSA Congelados | Manuel de Sousa Barosa, Lda.","description":"Magnum Wonder ist ein k\u00f6stliches cremiges Eis mit einem Kern aus Dattel-Eis mit Karamellgeschmack, das in wei\u00dfe Schokolade mit Karamell getaucht und mit karamellisierten Mandelst\u00fcckchen gekr\u00f6nt wird.","robots":{"index":"index","follow":"follow","max-snippet":"max-snippet:-1","max-image-preview":"max-image-preview:large","max-video-preview":"max-video-preview:-1"},"canonical":"https:\/\/www.barosa.com\/de\/product-2\/multipack-magnum-wonder-t-h\/","og_locale":"de_DE","og_type":"article","og_title":"Multipack Magnum Wonder \u2013 T.H.","og_description":"Magnum Wonder \u00e9 um delicioso gelado cremoso que envolve um n\u00facleo de gelado de t\u00e2maras com sabor a caramelo, mergulhado em chocolate branco com caramelo e coberto com peda\u00e7os de am\u00eandoas caramelizadas.","og_url":"https:\/\/www.barosa.com\/de\/product-2\/multipack-magnum-wonder-t-h\/","og_site_name":"BAROSA Congelados | Manuel de Sousa Barosa, Lda.","article_publisher":"http:\/\/www.facebook.com\/barosa\/","article_modified_time":"2025-09-03T15:08:33+00:00","og_image":[{"width":1024,"height":1024,"url":"https:\/\/www.barosa.com\/wp-content\/uploads\/2024\/02\/Multipack-Magnum-Wonder-TH.jpg","type":"image\/jpeg"}],"twitter_card":"summary_large_image","twitter_site":"@barosa_lda","twitter_misc":{"Gesch\u00e4tzte Lesezeit":"1\u00a0Minute"},"schema":{"@context":"https:\/\/schema.org","@graph":[{"@type":"WebPage","@id":"https:\/\/www.barosa.com\/produto\/multipack-magnum-wonder-t-h\/","url":"https:\/\/www.barosa.com\/produto\/multipack-magnum-wonder-t-h\/","name":"Multipack Magnum Wonder - T.H. - BAROSA Congelados | Manuel de Sousa Barosa, Lda.","isPartOf":{"@id":"https:\/\/www.barosa.com\/#website"},"primaryImageOfPage":{"@id":"https:\/\/www.barosa.com\/produto\/multipack-magnum-wonder-t-h\/#primaryimage"},"image":{"@id":"https:\/\/www.barosa.com\/produto\/multipack-magnum-wonder-t-h\/#primaryimage"},"thumbnailUrl":"https:\/\/www.barosa.com\/wp-content\/uploads\/2024\/02\/Multipack-Magnum-Wonder-TH.jpg","datePublished":"2024-02-12T15:43:42+00:00","dateModified":"2025-09-03T15:08:33+00:00","description":"Magnum Wonder ist ein k\u00f6stliches cremiges Eis mit einem Kern aus Dattel-Eis mit Karamellgeschmack, das in wei\u00dfe Schokolade mit Karamell getaucht und mit karamellisierten Mandelst\u00fcckchen gekr\u00f6nt wird.","breadcrumb":{"@id":"https:\/\/www.barosa.com\/produto\/multipack-magnum-wonder-t-h\/#breadcrumb"},"inLanguage":"de","potentialAction":[{"@type":"ReadAction","target":["https:\/\/www.barosa.com\/produto\/multipack-magnum-wonder-t-h\/"]}]},{"@type":"ImageObject","inLanguage":"de","@id":"https:\/\/www.barosa.com\/produto\/multipack-magnum-wonder-t-h\/#primaryimage","url":"https:\/\/www.barosa.com\/wp-content\/uploads\/2024\/02\/Multipack-Magnum-Wonder-TH.jpg","contentUrl":"https:\/\/www.barosa.com\/wp-content\/uploads\/2024\/02\/Multipack-Magnum-Wonder-TH.jpg","width":1024,"height":1024,"caption":"Multipack Magnum Wonder \u2013 T.H."},{"@type":"BreadcrumbList","@id":"https:\/\/www.barosa.com\/produto\/multipack-magnum-wonder-t-h\/#breadcrumb","itemListElement":[{"@type":"ListItem","position":1,"name":"In\u00edcio","item":"https:\/\/www.barosa.com\/"},{"@type":"ListItem","position":2,"name":"Shop","item":"https:\/\/www.barosa.com\/shop\/"},{"@type":"ListItem","position":3,"name":"Multipack Magnum Wonder \u2013 T.H."}]},{"@type":"WebSite","@id":"https:\/\/www.barosa.com\/#website","url":"https:\/\/www.barosa.com\/","name":"BAROSA Congelados | Manuel de Sousa Barosa, Lda.","description":"Ein Unternehmen, das Tiefk\u00fchlkostprodukte verarbeitet und verkauft. BAROSA \u00ae Fisch, \"Keine gute Gabel kann widerstehen\u00ae\". BAROSA \u00ae FoodService \"Die gute Seite des Essens\u00ae\". Fisch Krustentiere Schalentiere Kopff\u00fc\u00dfer Muscheln B\u00e4ckerei Geb\u00e4ck Pizzas Desserts","publisher":{"@id":"https:\/\/www.barosa.com\/#organization"},"alternateName":"BAROSA\u00ae","potentialAction":[{"@type":"SearchAction","target":{"@type":"EntryPoint","urlTemplate":"https:\/\/www.barosa.com\/?s={search_term_string}"},"query-input":{"@type":"PropertyValueSpecification","valueRequired":true,"valueName":"search_term_string"}}],"inLanguage":"de"},{"@type":"Organization","@id":"https:\/\/www.barosa.com\/#organization","name":"Manuel de Sousa Barosa, Lda.","alternateName":"BAROSA","url":"https:\/\/www.barosa.com\/","logo":{"@type":"ImageObject","inLanguage":"de","@id":"https:\/\/www.barosa.com\/#\/schema\/logo\/image\/","url":"https:\/\/www.barosa.com\/wp-content\/uploads\/2025\/03\/BAROSA-Logo-696x696-1.jpg","contentUrl":"https:\/\/www.barosa.com\/wp-content\/uploads\/2025\/03\/BAROSA-Logo-696x696-1.jpg","width":696,"height":696,"caption":"Manuel de Sousa Barosa, Lda."},"image":{"@id":"https:\/\/www.barosa.com\/#\/schema\/logo\/image\/"},"sameAs":["http:\/\/www.facebook.com\/barosa\/","https:\/\/x.com\/barosa_lda","https:\/\/www.instagram.com\/barosa_lda\/","https:\/\/pt.linkedin.com\/company\/barosa-lda"],"description":"Ein Unternehmen, das Tiefk\u00fchlkostprodukte verarbeitet und verkauft. BAROSA \u00ae Fisch, \"Keine gute Gabel kann widerstehen\u00ae\". BAROSA \u00ae FoodService \"Die gute Seite des Essens!\u00ae\"","email":"info@barosa.com","telephone":"+351 262824403","legalName":"Manuel de Sousa Barosa, Lda.","foundingDate":"1975-05-21","vatID":"503365190","taxID":"503365190","duns":"452388713","numberOfEmployees":{"@type":"QuantitativeValue","minValue":"11","maxValue":"50"},"ethicsPolicy":"https:\/\/www.barosa.com\/politicaprivacidade\/"}]}},"_links":{"self":[{"href":"https:\/\/www.barosa.com\/de\/wp-json\/wp\/v2\/product\/11197","targetHints":{"allow":["GET"]}}],"collection":[{"href":"https:\/\/www.barosa.com\/de\/wp-json\/wp\/v2\/product"}],"about":[{"href":"https:\/\/www.barosa.com\/de\/wp-json\/wp\/v2\/types\/product"}],"wp:featuredmedia":[{"embeddable":true,"href":"https:\/\/www.barosa.com\/de\/wp-json\/wp\/v2\/media\/11198"}],"wp:attachment":[{"href":"https:\/\/www.barosa.com\/de\/wp-json\/wp\/v2\/media?parent=11197"}],"wp:term":[{"taxonomy":"product_brand","embeddable":true,"href":"https:\/\/www.barosa.com\/de\/wp-json\/wp\/v2\/product_brand?post=11197"},{"taxonomy":"product_cat","embeddable":true,"href":"https:\/\/www.barosa.com\/de\/wp-json\/wp\/v2\/product_cat?post=11197"},{"taxonomy":"product_tag","embeddable":true,"href":"https:\/\/www.barosa.com\/de\/wp-json\/wp\/v2\/product_tag?post=11197"}],"curies":[{"name":"wp","href":"https:\/\/api.w.org\/{rel}","templated":true}]}}