{"id":11167,"date":"2024-02-08T11:30:40","date_gmt":"2024-02-08T10:30:40","guid":{"rendered":"https:\/\/www.barosa.com\/?post_type=product&#038;p=11167"},"modified":"2025-03-06T11:35:04","modified_gmt":"2025-03-06T11:35:04","slug":"cornetto-classico","status":"publish","type":"product","link":"https:\/\/www.barosa.com\/de\/produto\/cornetto-classico\/","title":{"rendered":"Klassisches Cornetto"},"content":{"rendered":"","protected":false},"excerpt":{"rendered":"<p>Eine Waffel mit Sahneeis und Haselnuss- und Schokoladenst\u00fcckchen oben drauf.<\/p>\n<p>Schachtel mit 24 St\u00fcck<\/p>\n<p><strong>Marke:<\/strong> Ol\u00e1<\/p>\n<h6><em>Tiefk\u00fchlprodukt<\/em><\/h6>","protected":false},"featured_media":11168,"template":"","meta":[],"product_brand":[],"product_cat":[528],"product_tag":[591],"class_list":{"0":"post-11167","1":"product","2":"type-product","3":"status-publish","4":"has-post-thumbnail","6":"product_cat-gelados-impulse","7":"product_tag-ola","9":"first","10":"instock","11":"taxable","12":"shipping-taxable","13":"purchasable","14":"product-type-simple"},"yoast_head":"<!-- This site is optimized with the Yoast SEO Premium plugin v27.5 (Yoast SEO v27.5) - https:\/\/yoast.com\/product\/yoast-seo-premium-wordpress\/ -->\n<title>Cornetto Cl\u00e1ssico - BAROSA Congelados | Manuel de Sousa Barosa, Lda.<\/title>\n<meta name=\"description\" content=\"Um cone com gelado de nata e peda\u00e7os de avel\u00e3 e chocolate no topo.\" \/>\n<meta name=\"robots\" content=\"index, follow, max-snippet:-1, max-image-preview:large, max-video-preview:-1\" \/>\n<link rel=\"canonical\" href=\"https:\/\/www.barosa.com\/de\/product-2\/cornetto-classico\/\" \/>\n<meta property=\"og:locale\" content=\"de_DE\" \/>\n<meta property=\"og:type\" content=\"article\" \/>\n<meta property=\"og:title\" content=\"Cornetto Cl\u00e1ssico\" \/>\n<meta property=\"og:description\" content=\"Um cone com gelado de nata e peda\u00e7os de avel\u00e3 e chocolate no topo.\" \/>\n<meta property=\"og:url\" content=\"https:\/\/www.barosa.com\/de\/product-2\/cornetto-classico\/\" \/>\n<meta property=\"og:site_name\" content=\"BAROSA Congelados | Manuel de Sousa Barosa, Lda.\" \/>\n<meta property=\"article:publisher\" content=\"http:\/\/www.facebook.com\/barosa\/\" \/>\n<meta property=\"article:modified_time\" content=\"2025-03-06T11:35:04+00:00\" \/>\n<meta property=\"og:image\" content=\"https:\/\/www.barosa.com\/wp-content\/uploads\/2024\/02\/Cornetto-Classico.jpg\" \/>\n\t<meta property=\"og:image:width\" content=\"1024\" \/>\n\t<meta property=\"og:image:height\" content=\"1024\" \/>\n\t<meta property=\"og:image:type\" content=\"image\/jpeg\" \/>\n<meta name=\"twitter:card\" content=\"summary_large_image\" \/>\n<meta name=\"twitter:site\" content=\"@barosa_lda\" \/>\n<meta name=\"twitter:label1\" content=\"Gesch\u00e4tzte Lesezeit\" \/>\n\t<meta name=\"twitter:data1\" content=\"1\u00a0Minute\" \/>\n<script type=\"application\/ld+json\" class=\"yoast-schema-graph\">{\"@context\":\"https:\\\/\\\/schema.org\",\"@graph\":[{\"@type\":\"WebPage\",\"@id\":\"https:\\\/\\\/www.barosa.com\\\/produto\\\/cornetto-classico\\\/\",\"url\":\"https:\\\/\\\/www.barosa.com\\\/produto\\\/cornetto-classico\\\/\",\"name\":\"Cornetto Cl\u00e1ssico - BAROSA Congelados | Manuel de Sousa Barosa, Lda.\",\"isPartOf\":{\"@id\":\"https:\\\/\\\/www.barosa.com\\\/#website\"},\"primaryImageOfPage\":{\"@id\":\"https:\\\/\\\/www.barosa.com\\\/produto\\\/cornetto-classico\\\/#primaryimage\"},\"image\":{\"@id\":\"https:\\\/\\\/www.barosa.com\\\/produto\\\/cornetto-classico\\\/#primaryimage\"},\"thumbnailUrl\":\"https:\\\/\\\/www.barosa.com\\\/wp-content\\\/uploads\\\/2024\\\/02\\\/Cornetto-Classico.jpg\",\"datePublished\":\"2024-02-08T10:30:40+00:00\",\"dateModified\":\"2025-03-06T11:35:04+00:00\",\"description\":\"Um cone com gelado de nata e peda\u00e7os de avel\u00e3 e chocolate no topo.\",\"breadcrumb\":{\"@id\":\"https:\\\/\\\/www.barosa.com\\\/produto\\\/cornetto-classico\\\/#breadcrumb\"},\"inLanguage\":\"de\",\"potentialAction\":[{\"@type\":\"ReadAction\",\"target\":[\"https:\\\/\\\/www.barosa.com\\\/produto\\\/cornetto-classico\\\/\"]}]},{\"@type\":\"ImageObject\",\"inLanguage\":\"de\",\"@id\":\"https:\\\/\\\/www.barosa.com\\\/produto\\\/cornetto-classico\\\/#primaryimage\",\"url\":\"https:\\\/\\\/www.barosa.com\\\/wp-content\\\/uploads\\\/2024\\\/02\\\/Cornetto-Classico.jpg\",\"contentUrl\":\"https:\\\/\\\/www.barosa.com\\\/wp-content\\\/uploads\\\/2024\\\/02\\\/Cornetto-Classico.jpg\",\"width\":1024,\"height\":1024,\"caption\":\"Cornetto Cl\u00e1ssico\"},{\"@type\":\"BreadcrumbList\",\"@id\":\"https:\\\/\\\/www.barosa.com\\\/produto\\\/cornetto-classico\\\/#breadcrumb\",\"itemListElement\":[{\"@type\":\"ListItem\",\"position\":1,\"name\":\"In\u00edcio\",\"item\":\"https:\\\/\\\/www.barosa.com\\\/\"},{\"@type\":\"ListItem\",\"position\":2,\"name\":\"Shop\",\"item\":\"https:\\\/\\\/www.barosa.com\\\/shop\\\/\"},{\"@type\":\"ListItem\",\"position\":3,\"name\":\"Cornetto Cl\u00e1ssico\"}]},{\"@type\":\"WebSite\",\"@id\":\"https:\\\/\\\/www.barosa.com\\\/#website\",\"url\":\"https:\\\/\\\/www.barosa.com\\\/\",\"name\":\"BAROSA Congelados | Manuel de Sousa Barosa, Lda.\",\"description\":\"Empresa de transforma\u00e7\u00e3o e comercializa\u00e7\u00e3o de produtos alimentares congelados. BAROSA \u00ae Pescados, &quot;N\u00e3o h\u00e1 bom garfo que resista\u00ae&quot;. BAROSA \u00ae FoodService &quot;O lado bom da comida\u00ae&quot;. Pescados Crust\u00e1ceos Mariscos Cefal\u00f3podes Bivalves Padaria Pastelaria Pizzas Sobremesas\",\"publisher\":{\"@id\":\"https:\\\/\\\/www.barosa.com\\\/#organization\"},\"alternateName\":\"BAROSA\u00ae\",\"potentialAction\":[{\"@type\":\"SearchAction\",\"target\":{\"@type\":\"EntryPoint\",\"urlTemplate\":\"https:\\\/\\\/www.barosa.com\\\/?s={search_term_string}\"},\"query-input\":{\"@type\":\"PropertyValueSpecification\",\"valueRequired\":true,\"valueName\":\"search_term_string\"}}],\"inLanguage\":\"de\"},{\"@type\":\"Organization\",\"@id\":\"https:\\\/\\\/www.barosa.com\\\/#organization\",\"name\":\"Manuel de Sousa Barosa, Lda.\",\"alternateName\":\"BAROSA\",\"url\":\"https:\\\/\\\/www.barosa.com\\\/\",\"logo\":{\"@type\":\"ImageObject\",\"inLanguage\":\"de\",\"@id\":\"https:\\\/\\\/www.barosa.com\\\/#\\\/schema\\\/logo\\\/image\\\/\",\"url\":\"https:\\\/\\\/www.barosa.com\\\/wp-content\\\/uploads\\\/2025\\\/03\\\/BAROSA-Logo-696x696-1.jpg\",\"contentUrl\":\"https:\\\/\\\/www.barosa.com\\\/wp-content\\\/uploads\\\/2025\\\/03\\\/BAROSA-Logo-696x696-1.jpg\",\"width\":696,\"height\":696,\"caption\":\"Manuel de Sousa Barosa, Lda.\"},\"image\":{\"@id\":\"https:\\\/\\\/www.barosa.com\\\/#\\\/schema\\\/logo\\\/image\\\/\"},\"sameAs\":[\"http:\\\/\\\/www.facebook.com\\\/barosa\\\/\",\"https:\\\/\\\/x.com\\\/barosa_lda\",\"https:\\\/\\\/www.instagram.com\\\/barosa_lda\\\/\",\"https:\\\/\\\/pt.linkedin.com\\\/company\\\/barosa-lda\"],\"description\":\"Empresa de transforma\u00e7\u00e3o e comercializa\u00e7\u00e3o de produtos alimentares congelados. BAROSA \u00ae Pescados, \\\"N\u00e3o h\u00e1 bom garfo que resista\u00ae\\\". BAROSA \u00ae FoodService \\\"O lado bom da comida!\u00ae\\\"\",\"email\":\"info@barosa.com\",\"telephone\":\"+351 262824403\",\"legalName\":\"Manuel de Sousa Barosa, Lda.\",\"foundingDate\":\"1975-05-21\",\"vatID\":\"503365190\",\"taxID\":\"503365190\",\"duns\":\"452388713\",\"numberOfEmployees\":{\"@type\":\"QuantitativeValue\",\"minValue\":\"11\",\"maxValue\":\"50\"},\"ethicsPolicy\":\"https:\\\/\\\/www.barosa.com\\\/politicaprivacidade\\\/\"}]}<\/script>\n<!-- \/ Yoast SEO Premium plugin. -->","yoast_head_json":{"title":"Klassisches Cornetto - BAROSA Congelados | Manuel de Sousa Barosa, Lda.","description":"Eine Waffel mit Sahneeis und Haselnuss- und Schokoladenst\u00fcckchen oben drauf.","robots":{"index":"index","follow":"follow","max-snippet":"max-snippet:-1","max-image-preview":"max-image-preview:large","max-video-preview":"max-video-preview:-1"},"canonical":"https:\/\/www.barosa.com\/de\/product-2\/cornetto-classico\/","og_locale":"de_DE","og_type":"article","og_title":"Cornetto Cl\u00e1ssico","og_description":"Um cone com gelado de nata e peda\u00e7os de avel\u00e3 e chocolate no topo.","og_url":"https:\/\/www.barosa.com\/de\/product-2\/cornetto-classico\/","og_site_name":"BAROSA Congelados | Manuel de Sousa Barosa, Lda.","article_publisher":"http:\/\/www.facebook.com\/barosa\/","article_modified_time":"2025-03-06T11:35:04+00:00","og_image":[{"width":1024,"height":1024,"url":"https:\/\/www.barosa.com\/wp-content\/uploads\/2024\/02\/Cornetto-Classico.jpg","type":"image\/jpeg"}],"twitter_card":"summary_large_image","twitter_site":"@barosa_lda","twitter_misc":{"Gesch\u00e4tzte Lesezeit":"1\u00a0Minute"},"schema":{"@context":"https:\/\/schema.org","@graph":[{"@type":"WebPage","@id":"https:\/\/www.barosa.com\/produto\/cornetto-classico\/","url":"https:\/\/www.barosa.com\/produto\/cornetto-classico\/","name":"Klassisches Cornetto - BAROSA Congelados | Manuel de Sousa Barosa, Lda.","isPartOf":{"@id":"https:\/\/www.barosa.com\/#website"},"primaryImageOfPage":{"@id":"https:\/\/www.barosa.com\/produto\/cornetto-classico\/#primaryimage"},"image":{"@id":"https:\/\/www.barosa.com\/produto\/cornetto-classico\/#primaryimage"},"thumbnailUrl":"https:\/\/www.barosa.com\/wp-content\/uploads\/2024\/02\/Cornetto-Classico.jpg","datePublished":"2024-02-08T10:30:40+00:00","dateModified":"2025-03-06T11:35:04+00:00","description":"Eine Waffel mit Sahneeis und Haselnuss- und Schokoladenst\u00fcckchen oben drauf.","breadcrumb":{"@id":"https:\/\/www.barosa.com\/produto\/cornetto-classico\/#breadcrumb"},"inLanguage":"de","potentialAction":[{"@type":"ReadAction","target":["https:\/\/www.barosa.com\/produto\/cornetto-classico\/"]}]},{"@type":"ImageObject","inLanguage":"de","@id":"https:\/\/www.barosa.com\/produto\/cornetto-classico\/#primaryimage","url":"https:\/\/www.barosa.com\/wp-content\/uploads\/2024\/02\/Cornetto-Classico.jpg","contentUrl":"https:\/\/www.barosa.com\/wp-content\/uploads\/2024\/02\/Cornetto-Classico.jpg","width":1024,"height":1024,"caption":"Cornetto Cl\u00e1ssico"},{"@type":"BreadcrumbList","@id":"https:\/\/www.barosa.com\/produto\/cornetto-classico\/#breadcrumb","itemListElement":[{"@type":"ListItem","position":1,"name":"In\u00edcio","item":"https:\/\/www.barosa.com\/"},{"@type":"ListItem","position":2,"name":"Shop","item":"https:\/\/www.barosa.com\/shop\/"},{"@type":"ListItem","position":3,"name":"Cornetto Cl\u00e1ssico"}]},{"@type":"WebSite","@id":"https:\/\/www.barosa.com\/#website","url":"https:\/\/www.barosa.com\/","name":"BAROSA Congelados | Manuel de Sousa Barosa, Lda.","description":"Ein Unternehmen, das Tiefk\u00fchlkostprodukte verarbeitet und verkauft. BAROSA \u00ae Fisch, \"Keine gute Gabel kann widerstehen\u00ae\". BAROSA \u00ae FoodService \"Die gute Seite des Essens\u00ae\". Fisch Krustentiere Schalentiere Kopff\u00fc\u00dfer Muscheln B\u00e4ckerei Geb\u00e4ck Pizzas Desserts","publisher":{"@id":"https:\/\/www.barosa.com\/#organization"},"alternateName":"BAROSA\u00ae","potentialAction":[{"@type":"SearchAction","target":{"@type":"EntryPoint","urlTemplate":"https:\/\/www.barosa.com\/?s={search_term_string}"},"query-input":{"@type":"PropertyValueSpecification","valueRequired":true,"valueName":"search_term_string"}}],"inLanguage":"de"},{"@type":"Organization","@id":"https:\/\/www.barosa.com\/#organization","name":"Manuel de Sousa Barosa, Lda.","alternateName":"BAROSA","url":"https:\/\/www.barosa.com\/","logo":{"@type":"ImageObject","inLanguage":"de","@id":"https:\/\/www.barosa.com\/#\/schema\/logo\/image\/","url":"https:\/\/www.barosa.com\/wp-content\/uploads\/2025\/03\/BAROSA-Logo-696x696-1.jpg","contentUrl":"https:\/\/www.barosa.com\/wp-content\/uploads\/2025\/03\/BAROSA-Logo-696x696-1.jpg","width":696,"height":696,"caption":"Manuel de Sousa Barosa, Lda."},"image":{"@id":"https:\/\/www.barosa.com\/#\/schema\/logo\/image\/"},"sameAs":["http:\/\/www.facebook.com\/barosa\/","https:\/\/x.com\/barosa_lda","https:\/\/www.instagram.com\/barosa_lda\/","https:\/\/pt.linkedin.com\/company\/barosa-lda"],"description":"Ein Unternehmen, das Tiefk\u00fchlkostprodukte verarbeitet und verkauft. BAROSA \u00ae Fisch, \"Keine gute Gabel kann widerstehen\u00ae\". BAROSA \u00ae FoodService \"Die gute Seite des Essens!\u00ae\"","email":"info@barosa.com","telephone":"+351 262824403","legalName":"Manuel de Sousa Barosa, Lda.","foundingDate":"1975-05-21","vatID":"503365190","taxID":"503365190","duns":"452388713","numberOfEmployees":{"@type":"QuantitativeValue","minValue":"11","maxValue":"50"},"ethicsPolicy":"https:\/\/www.barosa.com\/politicaprivacidade\/"}]}},"_links":{"self":[{"href":"https:\/\/www.barosa.com\/de\/wp-json\/wp\/v2\/product\/11167","targetHints":{"allow":["GET"]}}],"collection":[{"href":"https:\/\/www.barosa.com\/de\/wp-json\/wp\/v2\/product"}],"about":[{"href":"https:\/\/www.barosa.com\/de\/wp-json\/wp\/v2\/types\/product"}],"wp:featuredmedia":[{"embeddable":true,"href":"https:\/\/www.barosa.com\/de\/wp-json\/wp\/v2\/media\/11168"}],"wp:attachment":[{"href":"https:\/\/www.barosa.com\/de\/wp-json\/wp\/v2\/media?parent=11167"}],"wp:term":[{"taxonomy":"product_brand","embeddable":true,"href":"https:\/\/www.barosa.com\/de\/wp-json\/wp\/v2\/product_brand?post=11167"},{"taxonomy":"product_cat","embeddable":true,"href":"https:\/\/www.barosa.com\/de\/wp-json\/wp\/v2\/product_cat?post=11167"},{"taxonomy":"product_tag","embeddable":true,"href":"https:\/\/www.barosa.com\/de\/wp-json\/wp\/v2\/product_tag?post=11167"}],"curies":[{"name":"wp","href":"https:\/\/api.w.org\/{rel}","templated":true}]}}