{"id":10152,"date":"2023-09-08T15:22:56","date_gmt":"2023-09-08T14:22:56","guid":{"rendered":"https:\/\/www.barosa.com\/?post_type=product&#038;p=10152"},"modified":"2025-07-04T09:53:44","modified_gmt":"2025-07-04T09:53:44","slug":"pizza-perfettissima-base-pomodoro","status":"publish","type":"product","link":"https:\/\/www.barosa.com\/de\/produto\/pizza-perfettissima-base-pomodoro\/","title":{"rendered":"Pizza Perfettissima Basis Pomodoro"},"content":{"rendered":"","protected":false},"excerpt":{"rendered":"<p>Pizza semi-cozida em forno de pedra com molho de tomate para preparar a pizza ao seu gosto.<\/p>\n<ul>\n<li>Di\u00e2metro: 29 cm<\/li>\n<li>Tempo de cozedura: &lt; 7 minutos<\/li>\n<li>Numero de unidades: 10<\/li>\n<li>Peso: 285 grs<\/li>\n<\/ul>\n<p><img loading=\"lazy\" decoding=\"async\" class=\"alignnone wp-image-9525\" title=\"Vegetariano\" src=\"https:\/\/www.barosa.com\/wp-content\/uploads\/2023\/06\/Vegetarian-300x300.jpg\" alt=\"Vegetariano\" width=\"40\" height=\"40\" srcset=\"https:\/\/www.barosa.com\/wp-content\/uploads\/2023\/06\/Vegetarian-300x300.jpg 300w, https:\/\/www.barosa.com\/wp-content\/uploads\/2023\/06\/Vegetarian-150x150.jpg 150w, https:\/\/www.barosa.com\/wp-content\/uploads\/2023\/06\/Vegetarian-12x12.jpg 12w, https:\/\/www.barosa.com\/wp-content\/uploads\/2023\/06\/Vegetarian-100x100.jpg 100w, https:\/\/www.barosa.com\/wp-content\/uploads\/2023\/06\/Vegetarian.jpg 336w\" sizes=\"auto, (max-width: 40px) 100vw, 40px\" \/><img loading=\"lazy\" decoding=\"async\" class=\"alignnone wp-image-10145\" title=\"Sem Aditivos - Free Additives\" src=\"https:\/\/www.barosa.com\/wp-content\/uploads\/2023\/09\/Sem-Aditivos.jpg\" alt=\"Sem Aditivos - Free Additives\" width=\"40\" height=\"43\" srcset=\"https:\/\/www.barosa.com\/wp-content\/uploads\/2023\/09\/Sem-Aditivos.jpg 233w, https:\/\/www.barosa.com\/wp-content\/uploads\/2023\/09\/Sem-Aditivos-11x12.jpg 11w\" sizes=\"auto, (max-width: 40px) 100vw, 40px\" \/><img loading=\"lazy\" decoding=\"async\" class=\"alignnone wp-image-8698\" title=\"Sem lactose\" src=\"https:\/\/www.barosa.com\/wp-content\/uploads\/2022\/11\/sem-lactose-grey.png\" alt=\"Sem lactose\" width=\"40\" height=\"40\" srcset=\"https:\/\/www.barosa.com\/wp-content\/uploads\/2022\/11\/sem-lactose-grey.png 81w, https:\/\/www.barosa.com\/wp-content\/uploads\/2022\/11\/sem-lactose-grey-12x12.png 12w\" sizes=\"auto, (max-width: 40px) 100vw, 40px\" \/><\/p>\n[bg_collapse view=\"link\" color=\"#4a4949\" expand_text=\"Modo de prepara\u00e7\u00e3o \u2193\" collapse_text=\"Mostrar menos \u2191\" ]<\/p>\n<p><span style=\"color: #000080;\"><strong>Modo de prepara\u00e7\u00e3o<\/strong><\/span><\/p>\n<p><img loading=\"lazy\" decoding=\"async\" class=\"size-full wp-image-6530\" src=\"https:\/\/www.barosa.com\/wp-content\/uploads\/2021\/11\/Forno.png\" alt=\"Forno\" width=\"30\" height=\"30\" srcset=\"https:\/\/www.barosa.com\/wp-content\/uploads\/2021\/11\/Forno.png 30w, https:\/\/www.barosa.com\/wp-content\/uploads\/2021\/11\/Forno-12x12.png 12w\" sizes=\"auto, (max-width: 30px) 100vw, 30px\" \/><\/p>\n<p><strong>Forno de pedra<\/strong><\/p>\n<ul>\n<li>Pr\u00e9-aquecer o forno a 300\u00baC<\/li>\n<li>Retirar o inv\u00f3lucro de pl\u00e1stico da pizza.<\/li>\n<li>Cozer a pizza durante 4 minutos no forno de pedra pr\u00e9-aquecido.<br \/>\nO tempo de cozedura depende da pizza e dos ingredientes.<\/li>\n<li>Conselho: consiga uma cozedura excelente rodando a pizza a meio da cozedura.<\/li>\n<\/ul>\n<p>&nbsp;<\/p>\n<p><img loading=\"lazy\" decoding=\"async\" class=\"size-full wp-image-6530\" src=\"https:\/\/www.barosa.com\/wp-content\/uploads\/2021\/11\/Forno.png\" alt=\"Forno\" width=\"30\" height=\"30\" srcset=\"https:\/\/www.barosa.com\/wp-content\/uploads\/2021\/11\/Forno.png 30w, https:\/\/www.barosa.com\/wp-content\/uploads\/2021\/11\/Forno-12x12.png 12w\" sizes=\"auto, (max-width: 30px) 100vw, 30px\" \/><\/p>\n<p><strong>Forno de convec\u00e7\u00e3o<\/strong><\/p>\n<ul>\n<li>Pr\u00e9-aquecer o forno el\u00e9ctrico a 250\u00baC.<\/li>\n<li>Retirar o inv\u00f3lucro de pl\u00e1stico e colocar a pizza num tabuleiro adequado.<\/li>\n<li>Cozer a pizza a 250\u00baC no forno pr\u00e9-aquecido durante 5 minutos. O tempo de prepara\u00e7\u00e3o indicado pode variar segundo a pizza e o equipamento utilizado.<\/li>\n<\/ul>\n<p>[\/bg_collapse]\n<p>&nbsp;<\/p>\n<p>Marca: Dr. Oetker<\/p>\n<h6><em>Produto congelado<\/em><\/h6>\n","protected":false},"featured_media":10153,"template":"","meta":[],"product_brand":[715],"product_cat":[211],"product_tag":[],"class_list":{"0":"post-10152","1":"product","2":"type-product","3":"status-publish","4":"has-post-thumbnail","6":"product_brand-dr-oetker","7":"product_cat-pizzas-catering","9":"first","10":"instock","11":"taxable","12":"shipping-taxable","13":"purchasable","14":"product-type-simple"},"yoast_head":"<!-- This site is optimized with the Yoast SEO Premium plugin v27.5 (Yoast SEO v27.5) - https:\/\/yoast.com\/product\/yoast-seo-premium-wordpress\/ -->\n<title>Pizza Perfettissima Base Pomodoro - BAROSA Congelados | Manuel de Sousa Barosa, Lda.<\/title>\n<meta name=\"description\" content=\"Pizza semi-cozida em forno de pedra com molho de tomate para preparar a pizza ao seu gosto.\" \/>\n<meta name=\"robots\" content=\"index, follow, max-snippet:-1, max-image-preview:large, max-video-preview:-1\" \/>\n<link rel=\"canonical\" href=\"https:\/\/www.barosa.com\/de\/product-2\/pizza-perfettissima-base-pomodoro\/\" \/>\n<meta property=\"og:locale\" content=\"de_DE\" \/>\n<meta property=\"og:type\" content=\"article\" \/>\n<meta property=\"og:title\" content=\"Pizza Perfettissima Base Pomodoro\" \/>\n<meta property=\"og:description\" content=\"Pizza semi-cozida em forno de pedra com molho de tomate para preparar a pizza ao seu gosto.\" \/>\n<meta property=\"og:url\" content=\"https:\/\/www.barosa.com\/de\/product-2\/pizza-perfettissima-base-pomodoro\/\" \/>\n<meta property=\"og:site_name\" content=\"BAROSA Congelados | Manuel de Sousa Barosa, Lda.\" \/>\n<meta property=\"article:publisher\" content=\"http:\/\/www.facebook.com\/barosa\/\" \/>\n<meta property=\"article:modified_time\" content=\"2025-07-04T09:53:44+00:00\" \/>\n<meta property=\"og:image\" content=\"https:\/\/www.barosa.com\/wp-content\/uploads\/2023\/09\/Pizza-Perfettissima-Base-Pomodoro.jpg\" \/>\n\t<meta property=\"og:image:width\" content=\"1000\" \/>\n\t<meta property=\"og:image:height\" content=\"1000\" \/>\n\t<meta property=\"og:image:type\" content=\"image\/jpeg\" \/>\n<meta name=\"twitter:card\" content=\"summary_large_image\" \/>\n<meta name=\"twitter:site\" content=\"@barosa_lda\" \/>\n<script type=\"application\/ld+json\" class=\"yoast-schema-graph\">{\"@context\":\"https:\\\/\\\/schema.org\",\"@graph\":[{\"@type\":\"WebPage\",\"@id\":\"https:\\\/\\\/www.barosa.com\\\/produto\\\/pizza-perfettissima-base-pomodoro\\\/\",\"url\":\"https:\\\/\\\/www.barosa.com\\\/produto\\\/pizza-perfettissima-base-pomodoro\\\/\",\"name\":\"Pizza Perfettissima Base Pomodoro - BAROSA Congelados | Manuel de Sousa Barosa, Lda.\",\"isPartOf\":{\"@id\":\"https:\\\/\\\/www.barosa.com\\\/#website\"},\"primaryImageOfPage\":{\"@id\":\"https:\\\/\\\/www.barosa.com\\\/produto\\\/pizza-perfettissima-base-pomodoro\\\/#primaryimage\"},\"image\":{\"@id\":\"https:\\\/\\\/www.barosa.com\\\/produto\\\/pizza-perfettissima-base-pomodoro\\\/#primaryimage\"},\"thumbnailUrl\":\"https:\\\/\\\/www.barosa.com\\\/wp-content\\\/uploads\\\/2023\\\/09\\\/Pizza-Perfettissima-Base-Pomodoro.jpg\",\"datePublished\":\"2023-09-08T14:22:56+00:00\",\"dateModified\":\"2025-07-04T09:53:44+00:00\",\"description\":\"Pizza semi-cozida em forno de pedra com molho de tomate para preparar a pizza ao seu gosto.\",\"breadcrumb\":{\"@id\":\"https:\\\/\\\/www.barosa.com\\\/produto\\\/pizza-perfettissima-base-pomodoro\\\/#breadcrumb\"},\"inLanguage\":\"de\",\"potentialAction\":[{\"@type\":\"ReadAction\",\"target\":[\"https:\\\/\\\/www.barosa.com\\\/produto\\\/pizza-perfettissima-base-pomodoro\\\/\"]}]},{\"@type\":\"ImageObject\",\"inLanguage\":\"de\",\"@id\":\"https:\\\/\\\/www.barosa.com\\\/produto\\\/pizza-perfettissima-base-pomodoro\\\/#primaryimage\",\"url\":\"https:\\\/\\\/www.barosa.com\\\/wp-content\\\/uploads\\\/2023\\\/09\\\/Pizza-Perfettissima-Base-Pomodoro.jpg\",\"contentUrl\":\"https:\\\/\\\/www.barosa.com\\\/wp-content\\\/uploads\\\/2023\\\/09\\\/Pizza-Perfettissima-Base-Pomodoro.jpg\",\"width\":1000,\"height\":1000,\"caption\":\"Pizza Perfettissima Base Pomodoro\"},{\"@type\":\"BreadcrumbList\",\"@id\":\"https:\\\/\\\/www.barosa.com\\\/produto\\\/pizza-perfettissima-base-pomodoro\\\/#breadcrumb\",\"itemListElement\":[{\"@type\":\"ListItem\",\"position\":1,\"name\":\"In\u00edcio\",\"item\":\"https:\\\/\\\/www.barosa.com\\\/\"},{\"@type\":\"ListItem\",\"position\":2,\"name\":\"Shop\",\"item\":\"https:\\\/\\\/www.barosa.com\\\/shop\\\/\"},{\"@type\":\"ListItem\",\"position\":3,\"name\":\"Pizza Perfettissima Base Pomodoro\"}]},{\"@type\":\"WebSite\",\"@id\":\"https:\\\/\\\/www.barosa.com\\\/#website\",\"url\":\"https:\\\/\\\/www.barosa.com\\\/\",\"name\":\"BAROSA Congelados | Manuel de Sousa Barosa, Lda.\",\"description\":\"Empresa de transforma\u00e7\u00e3o e comercializa\u00e7\u00e3o de produtos alimentares congelados. BAROSA \u00ae Pescados, &quot;N\u00e3o h\u00e1 bom garfo que resista\u00ae&quot;. BAROSA \u00ae FoodService &quot;O lado bom da comida\u00ae&quot;. Pescados Crust\u00e1ceos Mariscos Cefal\u00f3podes Bivalves Padaria Pastelaria Pizzas Sobremesas\",\"publisher\":{\"@id\":\"https:\\\/\\\/www.barosa.com\\\/#organization\"},\"alternateName\":\"BAROSA\u00ae\",\"potentialAction\":[{\"@type\":\"SearchAction\",\"target\":{\"@type\":\"EntryPoint\",\"urlTemplate\":\"https:\\\/\\\/www.barosa.com\\\/?s={search_term_string}\"},\"query-input\":{\"@type\":\"PropertyValueSpecification\",\"valueRequired\":true,\"valueName\":\"search_term_string\"}}],\"inLanguage\":\"de\"},{\"@type\":\"Organization\",\"@id\":\"https:\\\/\\\/www.barosa.com\\\/#organization\",\"name\":\"Manuel de Sousa Barosa, Lda.\",\"alternateName\":\"BAROSA\",\"url\":\"https:\\\/\\\/www.barosa.com\\\/\",\"logo\":{\"@type\":\"ImageObject\",\"inLanguage\":\"de\",\"@id\":\"https:\\\/\\\/www.barosa.com\\\/#\\\/schema\\\/logo\\\/image\\\/\",\"url\":\"https:\\\/\\\/www.barosa.com\\\/wp-content\\\/uploads\\\/2025\\\/03\\\/BAROSA-Logo-696x696-1.jpg\",\"contentUrl\":\"https:\\\/\\\/www.barosa.com\\\/wp-content\\\/uploads\\\/2025\\\/03\\\/BAROSA-Logo-696x696-1.jpg\",\"width\":696,\"height\":696,\"caption\":\"Manuel de Sousa Barosa, Lda.\"},\"image\":{\"@id\":\"https:\\\/\\\/www.barosa.com\\\/#\\\/schema\\\/logo\\\/image\\\/\"},\"sameAs\":[\"http:\\\/\\\/www.facebook.com\\\/barosa\\\/\",\"https:\\\/\\\/x.com\\\/barosa_lda\",\"https:\\\/\\\/www.instagram.com\\\/barosa_lda\\\/\",\"https:\\\/\\\/pt.linkedin.com\\\/company\\\/barosa-lda\"],\"description\":\"Empresa de transforma\u00e7\u00e3o e comercializa\u00e7\u00e3o de produtos alimentares congelados. BAROSA \u00ae Pescados, \\\"N\u00e3o h\u00e1 bom garfo que resista\u00ae\\\". BAROSA \u00ae FoodService \\\"O lado bom da comida!\u00ae\\\"\",\"email\":\"info@barosa.com\",\"telephone\":\"+351 262824403\",\"legalName\":\"Manuel de Sousa Barosa, Lda.\",\"foundingDate\":\"1975-05-21\",\"vatID\":\"503365190\",\"taxID\":\"503365190\",\"duns\":\"452388713\",\"numberOfEmployees\":{\"@type\":\"QuantitativeValue\",\"minValue\":\"11\",\"maxValue\":\"50\"},\"ethicsPolicy\":\"https:\\\/\\\/www.barosa.com\\\/politicaprivacidade\\\/\"}]}<\/script>\n<!-- \/ Yoast SEO Premium plugin. -->","yoast_head_json":{"title":"Pizza Perfettissima Base Pomodoro - BAROSA Congelados | Manuel de Sousa Barosa, Lda.","description":"Halbgegarte Pizza im Steinofen mit Tomatensauce, die Sie nach Belieben zubereiten k\u00f6nnen.","robots":{"index":"index","follow":"follow","max-snippet":"max-snippet:-1","max-image-preview":"max-image-preview:large","max-video-preview":"max-video-preview:-1"},"canonical":"https:\/\/www.barosa.com\/de\/product-2\/pizza-perfettissima-base-pomodoro\/","og_locale":"de_DE","og_type":"article","og_title":"Pizza Perfettissima Base Pomodoro","og_description":"Pizza semi-cozida em forno de pedra com molho de tomate para preparar a pizza ao seu gosto.","og_url":"https:\/\/www.barosa.com\/de\/product-2\/pizza-perfettissima-base-pomodoro\/","og_site_name":"BAROSA Congelados | Manuel de Sousa Barosa, Lda.","article_publisher":"http:\/\/www.facebook.com\/barosa\/","article_modified_time":"2025-07-04T09:53:44+00:00","og_image":[{"width":1000,"height":1000,"url":"https:\/\/www.barosa.com\/wp-content\/uploads\/2023\/09\/Pizza-Perfettissima-Base-Pomodoro.jpg","type":"image\/jpeg"}],"twitter_card":"summary_large_image","twitter_site":"@barosa_lda","schema":{"@context":"https:\/\/schema.org","@graph":[{"@type":"WebPage","@id":"https:\/\/www.barosa.com\/produto\/pizza-perfettissima-base-pomodoro\/","url":"https:\/\/www.barosa.com\/produto\/pizza-perfettissima-base-pomodoro\/","name":"Pizza Perfettissima Base Pomodoro - BAROSA Congelados | Manuel de Sousa Barosa, Lda.","isPartOf":{"@id":"https:\/\/www.barosa.com\/#website"},"primaryImageOfPage":{"@id":"https:\/\/www.barosa.com\/produto\/pizza-perfettissima-base-pomodoro\/#primaryimage"},"image":{"@id":"https:\/\/www.barosa.com\/produto\/pizza-perfettissima-base-pomodoro\/#primaryimage"},"thumbnailUrl":"https:\/\/www.barosa.com\/wp-content\/uploads\/2023\/09\/Pizza-Perfettissima-Base-Pomodoro.jpg","datePublished":"2023-09-08T14:22:56+00:00","dateModified":"2025-07-04T09:53:44+00:00","description":"Halbgegarte Pizza im Steinofen mit Tomatensauce, die Sie nach Belieben zubereiten k\u00f6nnen.","breadcrumb":{"@id":"https:\/\/www.barosa.com\/produto\/pizza-perfettissima-base-pomodoro\/#breadcrumb"},"inLanguage":"de","potentialAction":[{"@type":"ReadAction","target":["https:\/\/www.barosa.com\/produto\/pizza-perfettissima-base-pomodoro\/"]}]},{"@type":"ImageObject","inLanguage":"de","@id":"https:\/\/www.barosa.com\/produto\/pizza-perfettissima-base-pomodoro\/#primaryimage","url":"https:\/\/www.barosa.com\/wp-content\/uploads\/2023\/09\/Pizza-Perfettissima-Base-Pomodoro.jpg","contentUrl":"https:\/\/www.barosa.com\/wp-content\/uploads\/2023\/09\/Pizza-Perfettissima-Base-Pomodoro.jpg","width":1000,"height":1000,"caption":"Pizza Perfettissima Base Pomodoro"},{"@type":"BreadcrumbList","@id":"https:\/\/www.barosa.com\/produto\/pizza-perfettissima-base-pomodoro\/#breadcrumb","itemListElement":[{"@type":"ListItem","position":1,"name":"In\u00edcio","item":"https:\/\/www.barosa.com\/"},{"@type":"ListItem","position":2,"name":"Shop","item":"https:\/\/www.barosa.com\/shop\/"},{"@type":"ListItem","position":3,"name":"Pizza Perfettissima Base Pomodoro"}]},{"@type":"WebSite","@id":"https:\/\/www.barosa.com\/#website","url":"https:\/\/www.barosa.com\/","name":"BAROSA Congelados | Manuel de Sousa Barosa, Lda.","description":"Ein Unternehmen, das Tiefk\u00fchlkostprodukte verarbeitet und verkauft. BAROSA \u00ae Fisch, \"Keine gute Gabel kann widerstehen\u00ae\". BAROSA \u00ae FoodService \"Die gute Seite des Essens\u00ae\". Fisch Krustentiere Schalentiere Kopff\u00fc\u00dfer Muscheln B\u00e4ckerei Geb\u00e4ck Pizzas Desserts","publisher":{"@id":"https:\/\/www.barosa.com\/#organization"},"alternateName":"BAROSA\u00ae","potentialAction":[{"@type":"SearchAction","target":{"@type":"EntryPoint","urlTemplate":"https:\/\/www.barosa.com\/?s={search_term_string}"},"query-input":{"@type":"PropertyValueSpecification","valueRequired":true,"valueName":"search_term_string"}}],"inLanguage":"de"},{"@type":"Organization","@id":"https:\/\/www.barosa.com\/#organization","name":"Manuel de Sousa Barosa, Lda.","alternateName":"BAROSA","url":"https:\/\/www.barosa.com\/","logo":{"@type":"ImageObject","inLanguage":"de","@id":"https:\/\/www.barosa.com\/#\/schema\/logo\/image\/","url":"https:\/\/www.barosa.com\/wp-content\/uploads\/2025\/03\/BAROSA-Logo-696x696-1.jpg","contentUrl":"https:\/\/www.barosa.com\/wp-content\/uploads\/2025\/03\/BAROSA-Logo-696x696-1.jpg","width":696,"height":696,"caption":"Manuel de Sousa Barosa, Lda."},"image":{"@id":"https:\/\/www.barosa.com\/#\/schema\/logo\/image\/"},"sameAs":["http:\/\/www.facebook.com\/barosa\/","https:\/\/x.com\/barosa_lda","https:\/\/www.instagram.com\/barosa_lda\/","https:\/\/pt.linkedin.com\/company\/barosa-lda"],"description":"Ein Unternehmen, das Tiefk\u00fchlkostprodukte verarbeitet und verkauft. BAROSA \u00ae Fisch, \"Keine gute Gabel kann widerstehen\u00ae\". BAROSA \u00ae FoodService \"Die gute Seite des Essens!\u00ae\"","email":"info@barosa.com","telephone":"+351 262824403","legalName":"Manuel de Sousa Barosa, Lda.","foundingDate":"1975-05-21","vatID":"503365190","taxID":"503365190","duns":"452388713","numberOfEmployees":{"@type":"QuantitativeValue","minValue":"11","maxValue":"50"},"ethicsPolicy":"https:\/\/www.barosa.com\/politicaprivacidade\/"}]}},"_links":{"self":[{"href":"https:\/\/www.barosa.com\/de\/wp-json\/wp\/v2\/product\/10152","targetHints":{"allow":["GET"]}}],"collection":[{"href":"https:\/\/www.barosa.com\/de\/wp-json\/wp\/v2\/product"}],"about":[{"href":"https:\/\/www.barosa.com\/de\/wp-json\/wp\/v2\/types\/product"}],"wp:featuredmedia":[{"embeddable":true,"href":"https:\/\/www.barosa.com\/de\/wp-json\/wp\/v2\/media\/10153"}],"wp:attachment":[{"href":"https:\/\/www.barosa.com\/de\/wp-json\/wp\/v2\/media?parent=10152"}],"wp:term":[{"taxonomy":"product_brand","embeddable":true,"href":"https:\/\/www.barosa.com\/de\/wp-json\/wp\/v2\/product_brand?post=10152"},{"taxonomy":"product_cat","embeddable":true,"href":"https:\/\/www.barosa.com\/de\/wp-json\/wp\/v2\/product_cat?post=10152"},{"taxonomy":"product_tag","embeddable":true,"href":"https:\/\/www.barosa.com\/de\/wp-json\/wp\/v2\/product_tag?post=10152"}],"curies":[{"name":"wp","href":"https:\/\/api.w.org\/{rel}","templated":true}]}}