{"id":911,"date":"2017-07-07T04:19:18","date_gmt":"2017-07-07T04:19:18","guid":{"rendered":"https:\/\/digitextus.pt\/barosa\/?page_id=911"},"modified":"2026-01-05T21:34:41","modified_gmt":"2026-01-05T20:34:41","slug":"sobrenos","status":"publish","type":"page","link":"https:\/\/www.barosa.com\/de\/sobrenos\/","title":{"rendered":"\u00dcber uns"},"content":{"rendered":"<div class=\"wpb-content-wrapper\"><section class=\"vc_section bt-about-section2 vc_custom_1551975862016\"><div class=\"container\"><div class=\"vc_row wpb_row vc_row-fluid\"><div class=\"wpb_animate_when_almost_visible wpb_fadeInLeft fadeInLeft wpb_column vc_column_container vc_col-sm-12 vc_col-lg-6 vc_col-md-6\"><div class=\"vc_column-inner vc_custom_1502267040366\"><div class=\"wpb_wrapper\"><h3 style=\"font-size: 30px;line-height: 48px;text-align: left;letter-spacing: 0.2em;\" class=\"vc_custom_heading bt-text-uppercase wpb_animate_when_almost_visible wpb_fadeInDown fadeInDown\" >Unser Auftrag<\/h3><\/div><\/div><\/div><div class=\"wpb_column vc_column_container vc_col-sm-12 vc_col-lg-6 vc_col-md-6\"><div class=\"vc_column-inner\"><div class=\"wpb_wrapper\"><h3 style=\"font-size: 30px;line-height: 42px;text-align: left;\" class=\"vc_custom_heading wpb_animate_when_almost_visible wpb_fadeInUp fadeInUp\" >Qualitativen Service bieten<\/h3>\n\t<div class=\"wpb_text_column wpb_content_element wpb_animate_when_almost_visible wpb_fadeInUp fadeInUp\" >\n\t\t<div class=\"wpb_wrapper\">\n\t\t\t<p>Wir wollen unseren Kunden und Endverbrauchern die bestm\u00f6gliche Qualit\u00e4t und den bestm\u00f6glichen Service bieten. Wir halten den Lebensmittelkodex mit \u00e4u\u00dferster Strenge ein.<\/p>\n<p>Erhaltung der Natur durch den Einsatz verschiedenster Umwelttechniken.<\/p>\n\n\t\t<\/div>\n\t<\/div>\n<\/div><\/div><\/div><\/div><\/div><\/section><section class=\"vc_section vc_custom_1551975876579 vc_section-has-fill\"><div class=\"container\"><div class=\"vc_row wpb_row vc_row-fluid\"><div class=\"wpb_column vc_column_container vc_col-sm-3\"><div class=\"vc_column-inner\"><div class=\"wpb_wrapper\"><h3 style=\"font-size: 30px;line-height: 48px;text-align: left;letter-spacing: 0.2em;\" class=\"vc_custom_heading bt-text-uppercase wpb_animate_when_almost_visible wpb_fadeInDown fadeInDown\" >Geschichte<\/h3><\/div><\/div><\/div><div class=\"wpb_column vc_column_container vc_col-sm-9\"><div class=\"vc_column-inner\"><div class=\"wpb_wrapper\"><div style=\"text-align: justify;\" class=\"vc_custom_heading wpb_animate_when_almost_visible wpb_fadeInUp fadeInUp\" >Es war 1978, als die Marke BAROSA auf dem Markt f\u00fcr Tiefk\u00fchlfisch erschien, noch mit einer kleinen Grundstoffindustrie durch ihren Gr\u00fcnder Manuel de Sousa Barosa.<\/p>\n<p>Manuel de Sousa Barosa, Lda. verf\u00fcgt derzeit \u00fcber eine K\u00fchlhauskapazit\u00e4t von 3.000 m3 und konzentriert sich auf die Verarbeitung und Vermarktung von gefrorenem Fisch, einschlie\u00dflich des Zerlegens und Verpackens von insgesamt 30 Arten, wobei das HACCP-System zur Qualit\u00e4tskontrolle eingesetzt wird.<\/p>\n<p>Tats\u00e4chlich k\u00f6nnen wir mit der Entwicklung der Zeit feststellen, dass sich der Markt st\u00e4ndig weiterentwickelt. Er ist anspruchsvoller geworden, und aus diesem und anderen Gr\u00fcnden haben wir uns mit Produkten von h\u00f6chster Qualit\u00e4t etabliert.<\/p>\n<p>Zu den Aspekten, die von den Verbrauchern am meisten nachgefragt werden, geh\u00f6ren die Eigenschaften in Bezug auf Frische, Qualit\u00e4t, Geschmack und N\u00e4hrwert der Produkte.<\/p>\n<p>Dies war unsere Antwort, die wir als Hauptstrategie f\u00fcr unser Wachstum und die Zufriedenheit unserer Kunden eingesetzt haben, um auf dem Markt, auf dem wir t\u00e4tig sind, erfolgreich zu sein.<\/p>\n<p>All dies, kombiniert mit modernster Vertriebslogistik, erm\u00f6glicht es uns, unser gesamtes Kundengebiet an der Westk\u00fcste Portugals abzudecken und zu betreuen.<\/p>\n<p>In j\u00fcngster Zeit haben wir aufgrund der st\u00e4ndigen Ver\u00e4nderungen auf dem Markt damit begonnen, unser Produkt bei strategischen Partnern zu platzieren und wurden so zu einem internationalen Anbieter.<\/div><\/div><\/div><\/div><\/div><\/div><div class=\"container\"><div class=\"vc_row wpb_row vc_row-fluid\"><div class=\"wpb_column vc_column_container vc_col-sm-3\"><div class=\"vc_column-inner\"><div class=\"wpb_wrapper\"><h3 style=\"font-size: 30px;line-height: 48px;text-align: left;letter-spacing: 0.2em;\" class=\"vc_custom_heading bt-text-uppercase wpb_animate_when_almost_visible wpb_fadeInDown fadeInDown\" >Qualit\u00e4t<\/h3><\/div><\/div><\/div><div class=\"wpb_column vc_column_container vc_col-sm-6\"><div class=\"vc_column-inner\"><div class=\"wpb_wrapper\"><div style=\"text-align: justify;\" class=\"vc_custom_heading wpb_animate_when_almost_visible wpb_fadeInUp fadeInUp\" >Die in dieser Einheit verarbeiteten Produkte unterliegen in allen Phasen der Verarbeitung einem strengen Qualit\u00e4tskontrollplan, der durch ein Selbstkontrollsystem und einen Kodex der guten Praxis im Unternehmen umgesetzt wird.<\/p>\n<p>Dieses System (HACCP - Hazard Analysis and Critical Control Point) besteht aus der Analyse der Risiken und der Kontrolle der kritischen Punkte und wird unter Ber\u00fccksichtigung eines pr\u00e4ventiven Programms zur Kontrolle der Lebensmittelsicherheit angewandt, das es erm\u00f6glicht, qualitativ hochwertige Produkte zu erhalten, um alle Kunden zufriedenzustellen.<\/div><\/div><\/div><\/div><div class=\"wpb_column vc_column_container vc_col-sm-3\"><div class=\"vc_column-inner\"><div class=\"wpb_wrapper\">\n\t<div  class=\"wpb_single_image wpb_content_element vc_align_center wpb_content_element wpb_animate_when_almost_visible wpb_fadeInRightBig fadeInRightBig\">\n\t\t\n\t\t<figure class=\"wpb_wrapper vc_figure\">\n\t\t\t<div class=\"vc_single_image-wrapper   vc_box_border_grey\"><img decoding=\"async\" class=\"vc_single_image-img\" src=\"https:\/\/www.barosa.com\/wp-content\/uploads\/2019\/01\/HACCP-150x150.png\" width=\"150\" height=\"150\" alt=\"HACCP\" title=\"HACCP\" loading=\"lazy\" \/><\/div>\n\t\t<\/figure>\n\t<\/div>\n<\/div><\/div><\/div><\/div><\/div><div class=\"container\"><div class=\"vc_row wpb_row vc_row-fluid\"><div class=\"wpb_column vc_column_container vc_col-sm-3\"><div class=\"vc_column-inner\"><div class=\"wpb_wrapper\"><h3 style=\"font-size: 30px;line-height: 48px;text-align: left;letter-spacing: 0.2em;\" class=\"vc_custom_heading bt-text-uppercase wpb_animate_when_almost_visible wpb_fadeInDown fadeInDown\" >Markt<\/h3><\/div><\/div><\/div><div class=\"wpb_column vc_column_container vc_col-sm-9\"><div class=\"vc_column-inner\"><div class=\"wpb_wrapper\"><div style=\"text-align: justify;\" class=\"vc_custom_heading wpb_animate_when_almost_visible wpb_fadeInUp fadeInUp\" >Unser direkter Einflussbereich ist das gesamte geographische Gebiet der Westk\u00fcste, abgegrenzt auf ein Band von Kunden, mit der Stadt und Gemeinde Caldas da Rainha als Referenzzentrum und den Gemeinden Alcoba\u00e7a, Bombarral, Cadaval, Lourinh\u00e3, Nazar\u00e9, \u00d3bidos, Peniche und Rio Maior als Randgebiete.<\/p>\n<p>Die Internationalisierung des Unternehmens wird Realit\u00e4t, wenn es in den Import-\/Exportmarkt eintritt, wo der Einfluss an diesen Orten indirekt ist.<\/div><\/div><\/div><\/div><\/div><\/div><div class=\"container\"><div class=\"vc_row wpb_row vc_row-fluid\"><div class=\"wpb_column vc_column_container vc_col-sm-3\"><div class=\"vc_column-inner\"><div class=\"wpb_wrapper\"><h3 style=\"font-size: 30px;line-height: 48px;text-align: left;letter-spacing: 0.2em;\" class=\"vc_custom_heading bt-text-uppercase wpb_animate_when_almost_visible wpb_fadeInDown fadeInDown\" >Standort<\/h3><\/div><\/div><\/div><div class=\"wpb_column vc_column_container vc_col-sm-9\"><div class=\"vc_column-inner\"><div class=\"wpb_wrapper\"><div style=\"text-align: justify;\" class=\"vc_custom_heading wpb_animate_when_almost_visible wpb_fadeInUp fadeInUp\" >Wir haben unseren Sitz in Caldas da Rainha, n\u00f6rdlich von Lissabon, in der westlichen Region, zwischen den H\u00e4fen Peniche und Nazar\u00e9.<\/div><\/div><\/div><\/div><\/div><\/div><\/section><section class=\"vc_section bt-newsletter-section vc_custom_1499072224680\"><div class=\"container\"><div class=\"vc_row wpb_row vc_row-fluid\"><div class=\"wpb_column vc_column_container vc_col-sm-12 vc_col-lg-7 vc_col-md-7\"><div class=\"vc_column-inner\"><div class=\"wpb_wrapper\"><h3 style=\"font-size: 36px;line-height: 42px;text-align: left;\" class=\"vc_custom_heading bt-light-color wpb_animate_when_almost_visible wpb_fadeInUp fadeInUp vc_custom_1546956082171\" >Abonnieren Sie unseren Newsletter<\/h3><div style=\"text-align: left;\" class=\"vc_custom_heading bt-light-color wpb_animate_when_almost_visible wpb_fadeInUp fadeInUp vc_custom_1546956090901\" >Erhalten Sie alle unsere Nachrichten per E-Mail<\/div><\/div><\/div><\/div><div class=\"wpb_animate_when_almost_visible wpb_bounceInRight bounceInRight wpb_column vc_column_container vc_col-sm-12 vc_col-lg-5 vc_col-md-5\"><div class=\"vc_column-inner\"><div class=\"wpb_wrapper\">\n\t<div class=\"wpb_text_column wpb_content_element\" >\n\t\t<div class=\"wpb_wrapper\">\n\t\t\t<script>(function() {\n\twindow.mc4wp = window.mc4wp || {\n\t\tlisteners: [],\n\t\tforms: {\n\t\t\ton: function(evt, cb) {\n\t\t\t\twindow.mc4wp.listeners.push(\n\t\t\t\t\t{\n\t\t\t\t\t\tevent   : evt,\n\t\t\t\t\t\tcallback: cb\n\t\t\t\t\t}\n\t\t\t\t);\n\t\t\t}\n\t\t}\n\t}\n})();\n<\/script><!-- Mailchimp for WordPress v4.12.5 - https:\/\/wordpress.org\/plugins\/mailchimp-for-wp\/ --><form id=\"mc4wp-form-1\" class=\"mc4wp-form mc4wp-form-2930\" method=\"post\" data-id=\"2930\" data-name=\"Subscrever\" action=\"\" ><div class=\"mc4wp-form-fields\"><p>\r\n\t<input class=\"newsletter-email\" type=\"email\" name=\"EMAIL\" placeholder=\"E-Mail\" required \/><input class=\"newsletter-submit\" type=\"submit\"  value=\"Abonnieren\" \/>\r\n<\/p>\r\n<\/div><label style=\"display: none !important;\">Lassen Sie dieses Feld leer, wenn Sie ein Mensch sind: <input type=\"text\" name=\"_mc4wp_honeypot\" value=\"\" tabindex=\"-1\" autocomplete=\"off\" \/><\/label><input type=\"hidden\" name=\"_mc4wp_timestamp\" value=\"1778621963\" \/><input type=\"hidden\" name=\"_mc4wp_form_id\" value=\"2930\" \/><input type=\"hidden\" name=\"_mc4wp_form_element_id\" value=\"mc4wp-form-1\" \/><div class=\"mc4wp-response\"><\/div><input type=\"hidden\" name=\"trp-form-language\" value=\"de\"\/><\/form><!-- \/ Mailchimp for WordPress Plugin -->\n\n\t\t<\/div>\n\t<\/div>\n<div  class=\"wpb_widgetised_column wpb_content_element\">\n\t\t<div class=\"wpb_wrapper\">\n\t\t\t\n\t\t\t\n\t\t<\/div>\n\t<\/div>\n<\/div><\/div><\/div><\/div><\/div><\/section>\n<\/div>","protected":false},"excerpt":{"rendered":"A nossa miss\u00e3oPrestar um Servi\u00e7o de Qualidade Servir com a melhor qualidade e servi\u00e7o poss\u00edvel os nossos clientes e os consumidores finais. Cumprir com o m\u00e1ximo rigor o C\u00f3digo Alimentar. Preservar a natureza implementando as mais diversas t\u00e9cnicas ambientais. HistorialFoi em 1978 que a marca BAROSA apareceu no mercado dos pescados congelados, ainda com uma [...]","protected":false},"author":1,"featured_media":0,"parent":0,"menu_order":0,"comment_status":"closed","ping_status":"closed","template":"page-nocontainer.php","meta":{"footnotes":""},"class_list":["post-911","page","type-page","status-publish","hentry"],"yoast_head":"<!-- This site is optimized with the Yoast SEO Premium plugin v27.6 (Yoast SEO v27.6) - https:\/\/yoast.com\/product\/yoast-seo-premium-wordpress\/ -->\n<title>Manuel de Sousa Barosa, Lda. | Sobre N\u00f3s<\/title>\n<meta name=\"robots\" content=\"index, follow, max-snippet:-1, max-image-preview:large, max-video-preview:-1\" \/>\n<link rel=\"canonical\" href=\"https:\/\/www.barosa.com\/de\/sobrenos\/\" \/>\n<meta property=\"og:locale\" content=\"de_DE\" \/>\n<meta property=\"og:type\" content=\"article\" \/>\n<meta property=\"og:title\" content=\"Sobre N\u00f3s\" \/>\n<meta property=\"og:url\" content=\"https:\/\/www.barosa.com\/de\/sobrenos\/\" \/>\n<meta property=\"og:site_name\" content=\"BAROSA Congelados | Manuel de Sousa Barosa, Lda.\" \/>\n<meta property=\"article:publisher\" content=\"http:\/\/www.facebook.com\/barosa\/\" \/>\n<meta property=\"article:modified_time\" content=\"2026-01-05T20:34:41+00:00\" \/>\n<meta property=\"og:image\" content=\"https:\/\/www.barosa.com\/wp-content\/uploads\/2024\/02\/BAROSA-Logo-1200-x-675.jpg\" \/>\n\t<meta property=\"og:image:width\" content=\"1200\" \/>\n\t<meta property=\"og:image:height\" content=\"675\" \/>\n\t<meta property=\"og:image:type\" content=\"image\/jpeg\" \/>\n<meta name=\"twitter:card\" content=\"summary_large_image\" \/>\n<meta name=\"twitter:site\" content=\"@barosa_lda\" \/>\n<meta name=\"twitter:label1\" content=\"Gesch\u00e4tzte Lesezeit\" \/>\n\t<meta name=\"twitter:data1\" content=\"5\u00a0Minuten\" \/>\n<script type=\"application\/ld+json\" class=\"yoast-schema-graph\">{\"@context\":\"https:\\\/\\\/schema.org\",\"@graph\":[{\"@type\":\"WebPage\",\"@id\":\"https:\\\/\\\/www.barosa.com\\\/sobrenos\\\/\",\"url\":\"https:\\\/\\\/www.barosa.com\\\/sobrenos\\\/\",\"name\":\"Manuel de Sousa Barosa, Lda. | Sobre N\u00f3s\",\"isPartOf\":{\"@id\":\"https:\\\/\\\/www.barosa.com\\\/#website\"},\"datePublished\":\"2017-07-07T04:19:18+00:00\",\"dateModified\":\"2026-01-05T20:34:41+00:00\",\"breadcrumb\":{\"@id\":\"https:\\\/\\\/www.barosa.com\\\/sobrenos\\\/#breadcrumb\"},\"inLanguage\":\"de\",\"potentialAction\":[{\"@type\":\"ReadAction\",\"target\":[\"https:\\\/\\\/www.barosa.com\\\/sobrenos\\\/\"]}]},{\"@type\":\"BreadcrumbList\",\"@id\":\"https:\\\/\\\/www.barosa.com\\\/sobrenos\\\/#breadcrumb\",\"itemListElement\":[{\"@type\":\"ListItem\",\"position\":1,\"name\":\"In\u00edcio\",\"item\":\"https:\\\/\\\/www.barosa.com\\\/\"},{\"@type\":\"ListItem\",\"position\":2,\"name\":\"Sobre N\u00f3s\"}]},{\"@type\":\"WebSite\",\"@id\":\"https:\\\/\\\/www.barosa.com\\\/#website\",\"url\":\"https:\\\/\\\/www.barosa.com\\\/\",\"name\":\"BAROSA Congelados | Manuel de Sousa Barosa, Lda.\",\"description\":\"Empresa de transforma\u00e7\u00e3o e comercializa\u00e7\u00e3o de produtos alimentares congelados. BAROSA \u00ae Pescados, &quot;N\u00e3o h\u00e1 bom garfo que resista\u00ae&quot;. BAROSA \u00ae FoodService &quot;O lado bom da comida\u00ae&quot;. Pescados Crust\u00e1ceos Mariscos Cefal\u00f3podes Bivalves Padaria Pastelaria Pizzas Sobremesas\",\"publisher\":{\"@id\":\"https:\\\/\\\/www.barosa.com\\\/#organization\"},\"alternateName\":\"BAROSA\u00ae\",\"potentialAction\":[{\"@type\":\"SearchAction\",\"target\":{\"@type\":\"EntryPoint\",\"urlTemplate\":\"https:\\\/\\\/www.barosa.com\\\/?s={search_term_string}\"},\"query-input\":{\"@type\":\"PropertyValueSpecification\",\"valueRequired\":true,\"valueName\":\"search_term_string\"}}],\"inLanguage\":\"de\"},{\"@type\":\"Organization\",\"@id\":\"https:\\\/\\\/www.barosa.com\\\/#organization\",\"name\":\"Manuel de Sousa Barosa, Lda.\",\"alternateName\":\"BAROSA\",\"url\":\"https:\\\/\\\/www.barosa.com\\\/\",\"logo\":{\"@type\":\"ImageObject\",\"inLanguage\":\"de\",\"@id\":\"https:\\\/\\\/www.barosa.com\\\/#\\\/schema\\\/logo\\\/image\\\/\",\"url\":\"https:\\\/\\\/www.barosa.com\\\/wp-content\\\/uploads\\\/2025\\\/03\\\/BAROSA-Logo-696x696-1.jpg\",\"contentUrl\":\"https:\\\/\\\/www.barosa.com\\\/wp-content\\\/uploads\\\/2025\\\/03\\\/BAROSA-Logo-696x696-1.jpg\",\"width\":696,\"height\":696,\"caption\":\"Manuel de Sousa Barosa, Lda.\"},\"image\":{\"@id\":\"https:\\\/\\\/www.barosa.com\\\/#\\\/schema\\\/logo\\\/image\\\/\"},\"sameAs\":[\"http:\\\/\\\/www.facebook.com\\\/barosa\\\/\",\"https:\\\/\\\/x.com\\\/barosa_lda\",\"https:\\\/\\\/www.instagram.com\\\/barosa_lda\\\/\",\"https:\\\/\\\/pt.linkedin.com\\\/company\\\/barosa-lda\"],\"description\":\"Empresa de transforma\u00e7\u00e3o e comercializa\u00e7\u00e3o de produtos alimentares congelados. BAROSA \u00ae Pescados, \\\"N\u00e3o h\u00e1 bom garfo que resista\u00ae\\\". BAROSA \u00ae FoodService \\\"O lado bom da comida!\u00ae\\\"\",\"email\":\"info@barosa.com\",\"telephone\":\"+351 262824403\",\"legalName\":\"Manuel de Sousa Barosa, Lda.\",\"foundingDate\":\"1975-05-21\",\"vatID\":\"503365190\",\"taxID\":\"503365190\",\"duns\":\"452388713\",\"numberOfEmployees\":{\"@type\":\"QuantitativeValue\",\"minValue\":\"11\",\"maxValue\":\"50\"},\"ethicsPolicy\":\"https:\\\/\\\/www.barosa.com\\\/politicaprivacidade\\\/\"}]}<\/script>\n<!-- \/ Yoast SEO Premium plugin. -->","yoast_head_json":{"title":"Manuel de Sousa Barosa, Lda | \u00dcber uns","robots":{"index":"index","follow":"follow","max-snippet":"max-snippet:-1","max-image-preview":"max-image-preview:large","max-video-preview":"max-video-preview:-1"},"canonical":"https:\/\/www.barosa.com\/de\/sobrenos\/","og_locale":"de_DE","og_type":"article","og_title":"Sobre N\u00f3s","og_url":"https:\/\/www.barosa.com\/de\/sobrenos\/","og_site_name":"BAROSA Congelados | Manuel de Sousa Barosa, Lda.","article_publisher":"http:\/\/www.facebook.com\/barosa\/","article_modified_time":"2026-01-05T20:34:41+00:00","og_image":[{"width":1200,"height":675,"url":"https:\/\/www.barosa.com\/wp-content\/uploads\/2024\/02\/BAROSA-Logo-1200-x-675.jpg","type":"image\/jpeg"}],"twitter_card":"summary_large_image","twitter_site":"@barosa_lda","twitter_misc":{"Gesch\u00e4tzte Lesezeit":"5\u00a0Minuten"},"schema":{"@context":"https:\/\/schema.org","@graph":[{"@type":"WebPage","@id":"https:\/\/www.barosa.com\/sobrenos\/","url":"https:\/\/www.barosa.com\/sobrenos\/","name":"Manuel de Sousa Barosa, Lda | \u00dcber uns","isPartOf":{"@id":"https:\/\/www.barosa.com\/#website"},"datePublished":"2017-07-07T04:19:18+00:00","dateModified":"2026-01-05T20:34:41+00:00","breadcrumb":{"@id":"https:\/\/www.barosa.com\/sobrenos\/#breadcrumb"},"inLanguage":"de","potentialAction":[{"@type":"ReadAction","target":["https:\/\/www.barosa.com\/sobrenos\/"]}]},{"@type":"BreadcrumbList","@id":"https:\/\/www.barosa.com\/sobrenos\/#breadcrumb","itemListElement":[{"@type":"ListItem","position":1,"name":"In\u00edcio","item":"https:\/\/www.barosa.com\/"},{"@type":"ListItem","position":2,"name":"Sobre N\u00f3s"}]},{"@type":"WebSite","@id":"https:\/\/www.barosa.com\/#website","url":"https:\/\/www.barosa.com\/","name":"BAROSA Congelados | Manuel de Sousa Barosa, Lda.","description":"Ein Unternehmen, das Tiefk\u00fchlkostprodukte verarbeitet und verkauft. BAROSA \u00ae Fisch, \"Keine gute Gabel kann widerstehen\u00ae\". BAROSA \u00ae FoodService \"Die gute Seite des Essens\u00ae\". Fisch Krustentiere Schalentiere Kopff\u00fc\u00dfer Muscheln B\u00e4ckerei Geb\u00e4ck Pizzas Desserts","publisher":{"@id":"https:\/\/www.barosa.com\/#organization"},"alternateName":"BAROSA\u00ae","potentialAction":[{"@type":"SearchAction","target":{"@type":"EntryPoint","urlTemplate":"https:\/\/www.barosa.com\/?s={search_term_string}"},"query-input":{"@type":"PropertyValueSpecification","valueRequired":true,"valueName":"search_term_string"}}],"inLanguage":"de"},{"@type":"Organization","@id":"https:\/\/www.barosa.com\/#organization","name":"Manuel de Sousa Barosa, Lda.","alternateName":"BAROSA","url":"https:\/\/www.barosa.com\/","logo":{"@type":"ImageObject","inLanguage":"de","@id":"https:\/\/www.barosa.com\/#\/schema\/logo\/image\/","url":"https:\/\/www.barosa.com\/wp-content\/uploads\/2025\/03\/BAROSA-Logo-696x696-1.jpg","contentUrl":"https:\/\/www.barosa.com\/wp-content\/uploads\/2025\/03\/BAROSA-Logo-696x696-1.jpg","width":696,"height":696,"caption":"Manuel de Sousa Barosa, Lda."},"image":{"@id":"https:\/\/www.barosa.com\/#\/schema\/logo\/image\/"},"sameAs":["http:\/\/www.facebook.com\/barosa\/","https:\/\/x.com\/barosa_lda","https:\/\/www.instagram.com\/barosa_lda\/","https:\/\/pt.linkedin.com\/company\/barosa-lda"],"description":"Ein Unternehmen, das Tiefk\u00fchlkostprodukte verarbeitet und verkauft. BAROSA \u00ae Fisch, \"Keine gute Gabel kann widerstehen\u00ae\". BAROSA \u00ae FoodService \"Die gute Seite des Essens!\u00ae\"","email":"info@barosa.com","telephone":"+351 262824403","legalName":"Manuel de Sousa Barosa, Lda.","foundingDate":"1975-05-21","vatID":"503365190","taxID":"503365190","duns":"452388713","numberOfEmployees":{"@type":"QuantitativeValue","minValue":"11","maxValue":"50"},"ethicsPolicy":"https:\/\/www.barosa.com\/politicaprivacidade\/"}]}},"_links":{"self":[{"href":"https:\/\/www.barosa.com\/de\/wp-json\/wp\/v2\/pages\/911","targetHints":{"allow":["GET"]}}],"collection":[{"href":"https:\/\/www.barosa.com\/de\/wp-json\/wp\/v2\/pages"}],"about":[{"href":"https:\/\/www.barosa.com\/de\/wp-json\/wp\/v2\/types\/page"}],"author":[{"embeddable":true,"href":"https:\/\/www.barosa.com\/de\/wp-json\/wp\/v2\/users\/1"}],"replies":[{"embeddable":true,"href":"https:\/\/www.barosa.com\/de\/wp-json\/wp\/v2\/comments?post=911"}],"version-history":[{"count":32,"href":"https:\/\/www.barosa.com\/de\/wp-json\/wp\/v2\/pages\/911\/revisions"}],"predecessor-version":[{"id":20417,"href":"https:\/\/www.barosa.com\/de\/wp-json\/wp\/v2\/pages\/911\/revisions\/20417"}],"wp:attachment":[{"href":"https:\/\/www.barosa.com\/de\/wp-json\/wp\/v2\/media?parent=911"}],"curies":[{"name":"wp","href":"https:\/\/api.w.org\/{rel}","templated":true}]}}