{"id":331,"date":"2017-06-23T08:18:37","date_gmt":"2017-06-23T08:18:37","guid":{"rendered":"https:\/\/digitextus.pt\/barosa\/?page_id=331"},"modified":"2017-08-07T09:42:18","modified_gmt":"2017-08-07T09:42:18","slug":"team-carousel","status":"publish","type":"page","link":"https:\/\/www.barosa.com\/de\/team-carousel\/","title":{"rendered":"Team Carousel"},"content":{"rendered":"<div class=\"wpb-content-wrapper\"><section class=\"vc_section bt-team-section vc_custom_1501838414477\"><div class=\"vc_row wpb_row vc_row-fluid\"><div class=\"wpb_column vc_column_container vc_col-sm-12\"><div class=\"vc_column-inner\"><div class=\"wpb_wrapper\"><div class=\"vc_separator wpb_content_element vc_separator_align_center vc_sep_width_100 vc_sep_double vc_sep_pos_align_center vc_sep_color_grey wpb_content_element wpb_animate_when_almost_visible wpb_fadeInDown fadeInDown vc_separator-has-text\" ><span class=\"vc_sep_holder vc_sep_holder_l\"><span class=\"vc_sep_line\"><\/span><\/span><h4>TEAM CAROUSEL STYLE 01<\/h4><span class=\"vc_sep_holder vc_sep_holder_r\"><span class=\"vc_sep_line\"><\/span><\/span>\n<\/div><div class=\"vc_empty_space\"   style=\"height: 30px\"><span class=\"vc_empty_space_inner\"><\/span><\/div><\/div><\/div><\/div><\/div><div class=\"container\"><div class=\"vc_row wpb_row vc_row-fluid\"><div class=\"wpb_column vc_column_container vc_col-sm-12\"><div class=\"vc_column-inner\"><div class=\"wpb_wrapper\">\t\t\t<div class=\" wpb_animate_when_almost_visible wpb_flipInX flipInX bt-element bt-team-carousel-element default nav-dots-doyle space30 \">\r\n\t\t\t\t<div class=\"owl-carousel\" data-owl=\"{&quot;items&quot;:&quot;4&quot;,&quot;margin&quot;:30,&quot;loop&quot;:false,&quot;autoplay&quot;:false,&quot;autoplayHoverPause&quot;:false,&quot;smartSpeed&quot;:700,&quot;nav&quot;:true,&quot;navText&quot;:[&quot;&lt;i class=\\&quot;fa fa-angle-left\\&quot;&gt;&lt;\\\/i&gt;&quot;,&quot;&lt;i class=\\&quot;fa fa-angle-right\\&quot;&gt;&lt;\\\/i&gt;&quot;],&quot;dots&quot;:false,&quot;responsive&quot;:{&quot;1200&quot;:{&quot;items&quot;:&quot;4&quot;},&quot;992&quot;:{&quot;items&quot;:3},&quot;768&quot;:{&quot;items&quot;:2},&quot;0&quot;:{&quot;items&quot;:1,&quot;nav&quot;:true,&quot;dots&quot;:false}}}\">\r\n\t\t\t\t\t\r\n<div class=\"bt-item\">\r\n\t<div class=\"bt-thumb\">\r\n\t\t\t\t<div class=\"bt-overlay\">\r\n\t\t\t<div class=\"bt-info\">\r\n\t\t\t\t<a class=\"bt-phone\" href=\"tel:(1200)-0989-568-331\"><i class=\"fa fa-mobile\"><\/i> (1200)-0989-568-331<\/a><a class=\"bt-readmore\" href=\"https:\/\/www.barosa.com\/de\/team\/veronica-anluz\/\">See More<\/a>\t\t\t<\/div>\r\n\t\t<\/div>\r\n\t<\/div>\r\n\t<div class=\"bt-content\">\r\n\t\t<h3 class=\"bt-title\"><a href=\"https:\/\/www.barosa.com\/de\/team\/veronica-anluz\/\">Veronica Anluz<\/a><\/h3>\r\n\t\t<div class=\"bt-position\">Senior graphic design<\/div><ul class=\"bt-socials\"><li><a href=\"#\"><i class=\"fa fa-facebook\"><\/i><\/a><\/li> <li><a href=\"#\"><i class=\"fa fa-twitter\"><\/i><\/a><\/li> <li><a href=\"#\"><i class=\"fa fa-google-plus\"><\/i><\/a><\/li> <li><a href=\"#\"><i class=\"fa fa-linkedin\"><\/i><\/a><\/li> <li><a href=\"#\"><i class=\"fa fa-dribbble\"><\/i><\/a><\/li><\/ul><a class=\"bt-email\" href=\"mailto:bearsthemes@gmai.com\"><i class=\"fa fa-paper-plane-o\"><\/i> bearsthemes@gmai.com<\/a>\t<\/div>\r\n<\/div>\r\n\r\n<div class=\"bt-item\">\r\n\t<div class=\"bt-thumb\">\r\n\t\t\t\t<div class=\"bt-overlay\">\r\n\t\t\t<div class=\"bt-info\">\r\n\t\t\t\t<a class=\"bt-phone\" href=\"tel:(1200)-0989-568-331\"><i class=\"fa fa-mobile\"><\/i> (1200)-0989-568-331<\/a><a class=\"bt-readmore\" href=\"https:\/\/www.barosa.com\/de\/team\/jonny-miller\/\">See More<\/a>\t\t\t<\/div>\r\n\t\t<\/div>\r\n\t<\/div>\r\n\t<div class=\"bt-content\">\r\n\t\t<h3 class=\"bt-title\"><a href=\"https:\/\/www.barosa.com\/de\/team\/jonny-miller\/\">Jonny Miller<\/a><\/h3>\r\n\t\t<div class=\"bt-position\">Photography<\/div><ul class=\"bt-socials\"><li><a href=\"#\"><i class=\"fa fa-facebook\"><\/i><\/a><\/li> <li><a href=\"#\"><i class=\"fa fa-twitter\"><\/i><\/a><\/li> <li><a href=\"#\"><i class=\"fa fa-google-plus\"><\/i><\/a><\/li> <li><a href=\"#\"><i class=\"fa fa-linkedin\"><\/i><\/a><\/li> <li><a href=\"#\"><i class=\"fa fa-dribbble\"><\/i><\/a><\/li><\/ul><a class=\"bt-email\" href=\"mailto:bearsthemes@gmai.com\"><i class=\"fa fa-paper-plane-o\"><\/i> bearsthemes@gmai.com<\/a>\t<\/div>\r\n<\/div>\r\n\r\n<div class=\"bt-item\">\r\n\t<div class=\"bt-thumb\">\r\n\t\t\t\t<div class=\"bt-overlay\">\r\n\t\t\t<div class=\"bt-info\">\r\n\t\t\t\t<a class=\"bt-phone\" href=\"tel:(1200)-0989-568-331\"><i class=\"fa fa-mobile\"><\/i> (1200)-0989-568-331<\/a><a class=\"bt-readmore\" href=\"https:\/\/www.barosa.com\/de\/team\/karren-gillan\/\">See More<\/a>\t\t\t<\/div>\r\n\t\t<\/div>\r\n\t<\/div>\r\n\t<div class=\"bt-content\">\r\n\t\t<h3 class=\"bt-title\"><a href=\"https:\/\/www.barosa.com\/de\/team\/karren-gillan\/\">Karren gillan<\/a><\/h3>\r\n\t\t<div class=\"bt-position\">Senior UI\/UX Design<\/div><ul class=\"bt-socials\"><li><a href=\"#\"><i class=\"fa fa-facebook\"><\/i><\/a><\/li> <li><a href=\"#\"><i class=\"fa fa-twitter\"><\/i><\/a><\/li> <li><a href=\"#\"><i class=\"fa fa-google-plus\"><\/i><\/a><\/li> <li><a href=\"#\"><i class=\"fa fa-linkedin\"><\/i><\/a><\/li> <li><a href=\"#\"><i class=\"fa fa-dribbble\"><\/i><\/a><\/li><\/ul><a class=\"bt-email\" href=\"mailto:bearsthemes@gmai.com\"><i class=\"fa fa-paper-plane-o\"><\/i> bearsthemes@gmai.com<\/a>\t<\/div>\r\n<\/div>\r\n\r\n<div class=\"bt-item\">\r\n\t<div class=\"bt-thumb\">\r\n\t\t\t\t<div class=\"bt-overlay\">\r\n\t\t\t<div class=\"bt-info\">\r\n\t\t\t\t<a class=\"bt-phone\" href=\"tel:(1200)-0989-568-331\"><i class=\"fa fa-mobile\"><\/i> (1200)-0989-568-331<\/a><a class=\"bt-readmore\" href=\"https:\/\/www.barosa.com\/de\/team\/rosinante-welrail\/\">See More<\/a>\t\t\t<\/div>\r\n\t\t<\/div>\r\n\t<\/div>\r\n\t<div class=\"bt-content\">\r\n\t\t<h3 class=\"bt-title\"><a href=\"https:\/\/www.barosa.com\/de\/team\/rosinante-welrail\/\">Rosinante Welrail<\/a><\/h3>\r\n\t\t<div class=\"bt-position\">Senior UI\/UX Design<\/div><ul class=\"bt-socials\"><li><a href=\"#\"><i class=\"fa fa-facebook\"><\/i><\/a><\/li> <li><a href=\"#\"><i class=\"fa fa-twitter\"><\/i><\/a><\/li> <li><a href=\"#\"><i class=\"fa fa-google-plus\"><\/i><\/a><\/li> <li><a href=\"#\"><i class=\"fa fa-linkedin\"><\/i><\/a><\/li> <li><a href=\"#\"><i class=\"fa fa-dribbble\"><\/i><\/a><\/li><\/ul><a class=\"bt-email\" href=\"mailto:bearsthemes@gmai.com\"><i class=\"fa fa-paper-plane-o\"><\/i> bearsthemes@gmai.com<\/a>\t<\/div>\r\n<\/div>\r\n\t\t\t\t<\/div>\r\n\t\t\t\t<script type=\"text\/javascript\">\r\n\t\t\t\t\tjQuery(document).ready(function($) {\r\n\t\t\t\t\t\tif ($('.bt-team-carousel-element .owl-carousel').length) {\r\n\t\t\t\t\t\t\t$('.bt-team-carousel-element .owl-carousel').each(function() {\r\n\t\t\t\t\t\t\t\t$(this).owlCarousel($(this).data('owl'));\r\n\t\t\t\t\t\t\t});\r\n\t\t\t\t\t\t}\r\n\t\t\t\t\t});\r\n\t\t\t\t<\/script>\r\n\t\t\t<\/div>\r\n\t\t<\/div><\/div><\/div><\/div><\/div><\/section><section class=\"vc_section bt-team-section vc_custom_1501838632126\"><div class=\"vc_row wpb_row vc_row-fluid\"><div class=\"wpb_column vc_column_container vc_col-sm-12\"><div class=\"vc_column-inner\"><div class=\"wpb_wrapper\"><div class=\"vc_separator wpb_content_element vc_separator_align_center vc_sep_width_100 vc_sep_double vc_sep_pos_align_center vc_sep_color_grey wpb_content_element wpb_animate_when_almost_visible wpb_fadeInDown fadeInDown vc_separator-has-text\" ><span class=\"vc_sep_holder vc_sep_holder_l\"><span class=\"vc_sep_line\"><\/span><\/span><h4>TEAM CAROUSEL STYLE 02<\/h4><span class=\"vc_sep_holder vc_sep_holder_r\"><span class=\"vc_sep_line\"><\/span><\/span>\n<\/div><div class=\"vc_empty_space\"   style=\"height: 30px\"><span class=\"vc_empty_space_inner\"><\/span><\/div><\/div><\/div><\/div><\/div><div class=\"container\"><div class=\"vc_row wpb_row vc_row-fluid\"><div class=\"wpb_column vc_column_container vc_col-sm-12\"><div class=\"vc_column-inner\"><div class=\"wpb_wrapper\">\t\t\t<div class=\" wpb_animate_when_almost_visible wpb_flipInX flipInX bt-element bt-team-carousel-element layout1 nav-dots-doyle space30 \">\r\n\t\t\t\t<div class=\"owl-carousel\" data-owl=\"{&quot;items&quot;:&quot;3&quot;,&quot;margin&quot;:30,&quot;loop&quot;:false,&quot;autoplay&quot;:false,&quot;autoplayHoverPause&quot;:false,&quot;smartSpeed&quot;:700,&quot;nav&quot;:true,&quot;navText&quot;:[&quot;&lt;i class=\\&quot;fa fa-angle-left\\&quot;&gt;&lt;\\\/i&gt;&quot;,&quot;&lt;i class=\\&quot;fa fa-angle-right\\&quot;&gt;&lt;\\\/i&gt;&quot;],&quot;dots&quot;:false,&quot;responsive&quot;:{&quot;1200&quot;:{&quot;items&quot;:&quot;3&quot;},&quot;992&quot;:{&quot;items&quot;:3},&quot;768&quot;:{&quot;items&quot;:2},&quot;0&quot;:{&quot;items&quot;:1,&quot;nav&quot;:true,&quot;dots&quot;:false}}}\">\r\n\t\t\t\t\t\r\n<div class=\"bt-item\">\r\n\t<div class=\"bt-thumb\">\r\n\t\t\t\t<div class=\"bt-overlay\">\r\n\t\t\t<div class=\"bt-info\">\r\n\t\t\t\t<a class=\"bt-phone\" href=\"tel:(1200)-0989-568-331\"><i class=\"fa fa-mobile\"><\/i> (1200)-0989-568-331<\/a><a class=\"bt-readmore\" href=\"https:\/\/www.barosa.com\/de\/team\/veronica-anluz\/\">See More<\/a>\t\t\t<\/div>\r\n\t\t<\/div>\r\n\t<\/div>\r\n\t<div class=\"bt-content\">\r\n\t\t<h3 class=\"bt-title\"><a href=\"https:\/\/www.barosa.com\/de\/team\/veronica-anluz\/\">Veronica Anluz<\/a><\/h3>\r\n\t\t<div class=\"bt-position\">Senior graphic design<\/div><ul class=\"bt-socials\"><li><a href=\"#\"><i class=\"fa fa-facebook\"><\/i><\/a><\/li> <li><a href=\"#\"><i class=\"fa fa-twitter\"><\/i><\/a><\/li> <li><a href=\"#\"><i class=\"fa fa-google-plus\"><\/i><\/a><\/li> <li><a href=\"#\"><i class=\"fa fa-linkedin\"><\/i><\/a><\/li> <li><a href=\"#\"><i class=\"fa fa-dribbble\"><\/i><\/a><\/li><\/ul><a class=\"bt-email\" href=\"mailto:bearsthemes@gmai.com\"><i class=\"fa fa-paper-plane-o\"><\/i> bearsthemes@gmai.com<\/a>\t<\/div>\r\n<\/div>\r\n\r\n<div class=\"bt-item\">\r\n\t<div class=\"bt-thumb\">\r\n\t\t\t\t<div class=\"bt-overlay\">\r\n\t\t\t<div class=\"bt-info\">\r\n\t\t\t\t<a class=\"bt-phone\" href=\"tel:(1200)-0989-568-331\"><i class=\"fa fa-mobile\"><\/i> (1200)-0989-568-331<\/a><a class=\"bt-readmore\" href=\"https:\/\/www.barosa.com\/de\/team\/jonny-miller\/\">See More<\/a>\t\t\t<\/div>\r\n\t\t<\/div>\r\n\t<\/div>\r\n\t<div class=\"bt-content\">\r\n\t\t<h3 class=\"bt-title\"><a href=\"https:\/\/www.barosa.com\/de\/team\/jonny-miller\/\">Jonny Miller<\/a><\/h3>\r\n\t\t<div class=\"bt-position\">Photography<\/div><ul class=\"bt-socials\"><li><a href=\"#\"><i class=\"fa fa-facebook\"><\/i><\/a><\/li> <li><a href=\"#\"><i class=\"fa fa-twitter\"><\/i><\/a><\/li> <li><a href=\"#\"><i class=\"fa fa-google-plus\"><\/i><\/a><\/li> <li><a href=\"#\"><i class=\"fa fa-linkedin\"><\/i><\/a><\/li> <li><a href=\"#\"><i class=\"fa fa-dribbble\"><\/i><\/a><\/li><\/ul><a class=\"bt-email\" href=\"mailto:bearsthemes@gmai.com\"><i class=\"fa fa-paper-plane-o\"><\/i> bearsthemes@gmai.com<\/a>\t<\/div>\r\n<\/div>\r\n\r\n<div class=\"bt-item\">\r\n\t<div class=\"bt-thumb\">\r\n\t\t\t\t<div class=\"bt-overlay\">\r\n\t\t\t<div class=\"bt-info\">\r\n\t\t\t\t<a class=\"bt-phone\" href=\"tel:(1200)-0989-568-331\"><i class=\"fa fa-mobile\"><\/i> (1200)-0989-568-331<\/a><a class=\"bt-readmore\" href=\"https:\/\/www.barosa.com\/de\/team\/karren-gillan\/\">See More<\/a>\t\t\t<\/div>\r\n\t\t<\/div>\r\n\t<\/div>\r\n\t<div class=\"bt-content\">\r\n\t\t<h3 class=\"bt-title\"><a href=\"https:\/\/www.barosa.com\/de\/team\/karren-gillan\/\">Karren gillan<\/a><\/h3>\r\n\t\t<div class=\"bt-position\">Senior UI\/UX Design<\/div><ul class=\"bt-socials\"><li><a href=\"#\"><i class=\"fa fa-facebook\"><\/i><\/a><\/li> <li><a href=\"#\"><i class=\"fa fa-twitter\"><\/i><\/a><\/li> <li><a href=\"#\"><i class=\"fa fa-google-plus\"><\/i><\/a><\/li> <li><a href=\"#\"><i class=\"fa fa-linkedin\"><\/i><\/a><\/li> <li><a href=\"#\"><i class=\"fa fa-dribbble\"><\/i><\/a><\/li><\/ul><a class=\"bt-email\" href=\"mailto:bearsthemes@gmai.com\"><i class=\"fa fa-paper-plane-o\"><\/i> bearsthemes@gmai.com<\/a>\t<\/div>\r\n<\/div>\r\n\r\n<div class=\"bt-item\">\r\n\t<div class=\"bt-thumb\">\r\n\t\t\t\t<div class=\"bt-overlay\">\r\n\t\t\t<div class=\"bt-info\">\r\n\t\t\t\t<a class=\"bt-phone\" href=\"tel:(1200)-0989-568-331\"><i class=\"fa fa-mobile\"><\/i> (1200)-0989-568-331<\/a><a class=\"bt-readmore\" href=\"https:\/\/www.barosa.com\/de\/team\/rosinante-welrail\/\">See More<\/a>\t\t\t<\/div>\r\n\t\t<\/div>\r\n\t<\/div>\r\n\t<div class=\"bt-content\">\r\n\t\t<h3 class=\"bt-title\"><a href=\"https:\/\/www.barosa.com\/de\/team\/rosinante-welrail\/\">Rosinante Welrail<\/a><\/h3>\r\n\t\t<div class=\"bt-position\">Senior UI\/UX Design<\/div><ul class=\"bt-socials\"><li><a href=\"#\"><i class=\"fa fa-facebook\"><\/i><\/a><\/li> <li><a href=\"#\"><i class=\"fa fa-twitter\"><\/i><\/a><\/li> <li><a href=\"#\"><i class=\"fa fa-google-plus\"><\/i><\/a><\/li> <li><a href=\"#\"><i class=\"fa fa-linkedin\"><\/i><\/a><\/li> <li><a href=\"#\"><i class=\"fa fa-dribbble\"><\/i><\/a><\/li><\/ul><a class=\"bt-email\" href=\"mailto:bearsthemes@gmai.com\"><i class=\"fa fa-paper-plane-o\"><\/i> bearsthemes@gmai.com<\/a>\t<\/div>\r\n<\/div>\r\n\t\t\t\t<\/div>\r\n\t\t\t\t<script type=\"text\/javascript\">\r\n\t\t\t\t\tjQuery(document).ready(function($) {\r\n\t\t\t\t\t\tif ($('.bt-team-carousel-element .owl-carousel').length) {\r\n\t\t\t\t\t\t\t$('.bt-team-carousel-element .owl-carousel').each(function() {\r\n\t\t\t\t\t\t\t\t$(this).owlCarousel($(this).data('owl'));\r\n\t\t\t\t\t\t\t});\r\n\t\t\t\t\t\t}\r\n\t\t\t\t\t});\r\n\t\t\t\t<\/script>\r\n\t\t\t<\/div>\r\n\t\t<\/div><\/div><\/div><\/div><\/div><\/section>\n<\/div>","protected":false},"excerpt":{"rendered":"Nullam quis risus eget urna mollis ornare vel eu leo. Aenean lacinia bibendum nulla sed consectetur. Integer posuere erat a ante venenatis dapibus posuere velit aliquet. Nulla vitae elit libero, a pharetra augue. Aenean lacinia bibendum nulla sed consectetur. Donec ullamcorper nulla non metus auctor fringilla.","protected":false},"author":1,"featured_media":0,"parent":0,"menu_order":0,"comment_status":"closed","ping_status":"closed","template":"page-nocontainer.php","meta":{"footnotes":""},"class_list":["post-331","page","type-page","status-publish","hentry"],"yoast_head":"<!-- This site is optimized with the Yoast SEO Premium plugin v27.2 (Yoast SEO v27.3) - https:\/\/yoast.com\/product\/yoast-seo-premium-wordpress\/ -->\n<title>Team Carousel - BAROSA Congelados | Manuel de Sousa Barosa, Lda.<\/title>\n<meta name=\"robots\" content=\"index, follow, max-snippet:-1, max-image-preview:large, max-video-preview:-1\" \/>\n<link rel=\"canonical\" href=\"https:\/\/www.barosa.com\/de\/team-carousel\/\" \/>\n<meta property=\"og:locale\" content=\"de_DE\" \/>\n<meta property=\"og:type\" content=\"article\" \/>\n<meta property=\"og:title\" content=\"Team Carousel\" \/>\n<meta property=\"og:url\" content=\"https:\/\/www.barosa.com\/de\/team-carousel\/\" \/>\n<meta property=\"og:site_name\" content=\"BAROSA Congelados | Manuel de Sousa Barosa, Lda.\" \/>\n<meta property=\"article:publisher\" content=\"http:\/\/www.facebook.com\/barosa\/\" \/>\n<meta property=\"article:modified_time\" content=\"2017-08-07T09:42:18+00:00\" \/>\n<meta property=\"og:image\" content=\"https:\/\/www.barosa.com\/wp-content\/uploads\/2024\/02\/BAROSA-Logo-1200-x-675.jpg\" \/>\n\t<meta property=\"og:image:width\" content=\"1200\" \/>\n\t<meta property=\"og:image:height\" content=\"675\" \/>\n\t<meta property=\"og:image:type\" content=\"image\/jpeg\" \/>\n<meta name=\"twitter:card\" content=\"summary_large_image\" \/>\n<meta name=\"twitter:site\" content=\"@barosa_lda\" \/>\n<meta name=\"twitter:label1\" content=\"Gesch\u00e4tzte Lesezeit\" \/>\n\t<meta name=\"twitter:data1\" content=\"1\u00a0Minute\" \/>\n<script type=\"application\/ld+json\" class=\"yoast-schema-graph\">{\"@context\":\"https:\\\/\\\/schema.org\",\"@graph\":[{\"@type\":\"WebPage\",\"@id\":\"https:\\\/\\\/www.barosa.com\\\/team-carousel\\\/\",\"url\":\"https:\\\/\\\/www.barosa.com\\\/team-carousel\\\/\",\"name\":\"Team Carousel - BAROSA Congelados | Manuel de Sousa Barosa, Lda.\",\"isPartOf\":{\"@id\":\"https:\\\/\\\/www.barosa.com\\\/#website\"},\"datePublished\":\"2017-06-23T08:18:37+00:00\",\"dateModified\":\"2017-08-07T09:42:18+00:00\",\"breadcrumb\":{\"@id\":\"https:\\\/\\\/www.barosa.com\\\/team-carousel\\\/#breadcrumb\"},\"inLanguage\":\"de\",\"potentialAction\":[{\"@type\":\"ReadAction\",\"target\":[\"https:\\\/\\\/www.barosa.com\\\/team-carousel\\\/\"]}]},{\"@type\":\"BreadcrumbList\",\"@id\":\"https:\\\/\\\/www.barosa.com\\\/team-carousel\\\/#breadcrumb\",\"itemListElement\":[{\"@type\":\"ListItem\",\"position\":1,\"name\":\"In\u00edcio\",\"item\":\"https:\\\/\\\/www.barosa.com\\\/\"},{\"@type\":\"ListItem\",\"position\":2,\"name\":\"Team Carousel\"}]},{\"@type\":\"WebSite\",\"@id\":\"https:\\\/\\\/www.barosa.com\\\/#website\",\"url\":\"https:\\\/\\\/www.barosa.com\\\/\",\"name\":\"BAROSA Congelados | Manuel de Sousa Barosa, Lda.\",\"description\":\"Empresa de transforma\u00e7\u00e3o e comercializa\u00e7\u00e3o de produtos alimentares congelados. BAROSA \u00ae Pescados, &quot;N\u00e3o h\u00e1 bom garfo que resista\u00ae&quot;. BAROSA \u00ae FoodService &quot;O lado bom da comida\u00ae&quot;. Pescados Crust\u00e1ceos Mariscos Cefal\u00f3podes Bivalves Padaria Pastelaria Pizzas Sobremesas\",\"publisher\":{\"@id\":\"https:\\\/\\\/www.barosa.com\\\/#organization\"},\"alternateName\":\"BAROSA\u00ae\",\"potentialAction\":[{\"@type\":\"SearchAction\",\"target\":{\"@type\":\"EntryPoint\",\"urlTemplate\":\"https:\\\/\\\/www.barosa.com\\\/?s={search_term_string}\"},\"query-input\":{\"@type\":\"PropertyValueSpecification\",\"valueRequired\":true,\"valueName\":\"search_term_string\"}}],\"inLanguage\":\"de\"},{\"@type\":\"Organization\",\"@id\":\"https:\\\/\\\/www.barosa.com\\\/#organization\",\"name\":\"Manuel de Sousa Barosa, Lda.\",\"alternateName\":\"BAROSA\",\"url\":\"https:\\\/\\\/www.barosa.com\\\/\",\"logo\":{\"@type\":\"ImageObject\",\"inLanguage\":\"de\",\"@id\":\"https:\\\/\\\/www.barosa.com\\\/#\\\/schema\\\/logo\\\/image\\\/\",\"url\":\"https:\\\/\\\/www.barosa.com\\\/wp-content\\\/uploads\\\/2025\\\/03\\\/BAROSA-Logo-696x696-1.jpg\",\"contentUrl\":\"https:\\\/\\\/www.barosa.com\\\/wp-content\\\/uploads\\\/2025\\\/03\\\/BAROSA-Logo-696x696-1.jpg\",\"width\":696,\"height\":696,\"caption\":\"Manuel de Sousa Barosa, Lda.\"},\"image\":{\"@id\":\"https:\\\/\\\/www.barosa.com\\\/#\\\/schema\\\/logo\\\/image\\\/\"},\"sameAs\":[\"http:\\\/\\\/www.facebook.com\\\/barosa\\\/\",\"https:\\\/\\\/x.com\\\/barosa_lda\",\"https:\\\/\\\/www.instagram.com\\\/barosa_lda\\\/\",\"https:\\\/\\\/pt.linkedin.com\\\/company\\\/barosa-lda\"],\"description\":\"Empresa de transforma\u00e7\u00e3o e comercializa\u00e7\u00e3o de produtos alimentares congelados. BAROSA \u00ae Pescados, \\\"N\u00e3o h\u00e1 bom garfo que resista\u00ae\\\". BAROSA \u00ae FoodService \\\"O lado bom da comida!\u00ae\\\"\",\"email\":\"info@barosa.com\",\"telephone\":\"+351 262824403\",\"legalName\":\"Manuel de Sousa Barosa, Lda.\",\"foundingDate\":\"1975-05-21\",\"vatID\":\"503365190\",\"taxID\":\"503365190\",\"duns\":\"452388713\",\"numberOfEmployees\":{\"@type\":\"QuantitativeValue\",\"minValue\":\"11\",\"maxValue\":\"50\"},\"ethicsPolicy\":\"https:\\\/\\\/www.barosa.com\\\/politicaprivacidade\\\/\"}]}<\/script>\n<!-- \/ Yoast SEO Premium plugin. -->","yoast_head_json":{"title":"Team Carousel - BAROSA Congelados | Manuel de Sousa Barosa, Lda.","robots":{"index":"index","follow":"follow","max-snippet":"max-snippet:-1","max-image-preview":"max-image-preview:large","max-video-preview":"max-video-preview:-1"},"canonical":"https:\/\/www.barosa.com\/de\/team-carousel\/","og_locale":"de_DE","og_type":"article","og_title":"Team Carousel","og_url":"https:\/\/www.barosa.com\/de\/team-carousel\/","og_site_name":"BAROSA Congelados | Manuel de Sousa Barosa, Lda.","article_publisher":"http:\/\/www.facebook.com\/barosa\/","article_modified_time":"2017-08-07T09:42:18+00:00","og_image":[{"width":1200,"height":675,"url":"https:\/\/www.barosa.com\/wp-content\/uploads\/2024\/02\/BAROSA-Logo-1200-x-675.jpg","type":"image\/jpeg"}],"twitter_card":"summary_large_image","twitter_site":"@barosa_lda","twitter_misc":{"Gesch\u00e4tzte Lesezeit":"1\u00a0Minute"},"schema":{"@context":"https:\/\/schema.org","@graph":[{"@type":"WebPage","@id":"https:\/\/www.barosa.com\/team-carousel\/","url":"https:\/\/www.barosa.com\/team-carousel\/","name":"Team Carousel - BAROSA Congelados | Manuel de Sousa Barosa, Lda.","isPartOf":{"@id":"https:\/\/www.barosa.com\/#website"},"datePublished":"2017-06-23T08:18:37+00:00","dateModified":"2017-08-07T09:42:18+00:00","breadcrumb":{"@id":"https:\/\/www.barosa.com\/team-carousel\/#breadcrumb"},"inLanguage":"de","potentialAction":[{"@type":"ReadAction","target":["https:\/\/www.barosa.com\/team-carousel\/"]}]},{"@type":"BreadcrumbList","@id":"https:\/\/www.barosa.com\/team-carousel\/#breadcrumb","itemListElement":[{"@type":"ListItem","position":1,"name":"In\u00edcio","item":"https:\/\/www.barosa.com\/"},{"@type":"ListItem","position":2,"name":"Team Carousel"}]},{"@type":"WebSite","@id":"https:\/\/www.barosa.com\/#website","url":"https:\/\/www.barosa.com\/","name":"BAROSA Congelados | Manuel de Sousa Barosa, Lda.","description":"Ein Unternehmen, das Tiefk\u00fchlkostprodukte verarbeitet und verkauft. BAROSA \u00ae Fisch, \"Keine gute Gabel kann widerstehen\u00ae\". BAROSA \u00ae FoodService \"Die gute Seite des Essens\u00ae\". Fisch Krustentiere Schalentiere Kopff\u00fc\u00dfer Muscheln B\u00e4ckerei Geb\u00e4ck Pizzas Desserts","publisher":{"@id":"https:\/\/www.barosa.com\/#organization"},"alternateName":"BAROSA\u00ae","potentialAction":[{"@type":"SearchAction","target":{"@type":"EntryPoint","urlTemplate":"https:\/\/www.barosa.com\/?s={search_term_string}"},"query-input":{"@type":"PropertyValueSpecification","valueRequired":true,"valueName":"search_term_string"}}],"inLanguage":"de"},{"@type":"Organization","@id":"https:\/\/www.barosa.com\/#organization","name":"Manuel de Sousa Barosa, Lda.","alternateName":"BAROSA","url":"https:\/\/www.barosa.com\/","logo":{"@type":"ImageObject","inLanguage":"de","@id":"https:\/\/www.barosa.com\/#\/schema\/logo\/image\/","url":"https:\/\/www.barosa.com\/wp-content\/uploads\/2025\/03\/BAROSA-Logo-696x696-1.jpg","contentUrl":"https:\/\/www.barosa.com\/wp-content\/uploads\/2025\/03\/BAROSA-Logo-696x696-1.jpg","width":696,"height":696,"caption":"Manuel de Sousa Barosa, Lda."},"image":{"@id":"https:\/\/www.barosa.com\/#\/schema\/logo\/image\/"},"sameAs":["http:\/\/www.facebook.com\/barosa\/","https:\/\/x.com\/barosa_lda","https:\/\/www.instagram.com\/barosa_lda\/","https:\/\/pt.linkedin.com\/company\/barosa-lda"],"description":"Ein Unternehmen, das Tiefk\u00fchlkostprodukte verarbeitet und verkauft. BAROSA \u00ae Fisch, \"Keine gute Gabel kann widerstehen\u00ae\". BAROSA \u00ae FoodService \"Die gute Seite des Essens!\u00ae\"","email":"info@barosa.com","telephone":"+351 262824403","legalName":"Manuel de Sousa Barosa, Lda.","foundingDate":"1975-05-21","vatID":"503365190","taxID":"503365190","duns":"452388713","numberOfEmployees":{"@type":"QuantitativeValue","minValue":"11","maxValue":"50"},"ethicsPolicy":"https:\/\/www.barosa.com\/politicaprivacidade\/"}]}},"_links":{"self":[{"href":"https:\/\/www.barosa.com\/de\/wp-json\/wp\/v2\/pages\/331","targetHints":{"allow":["GET"]}}],"collection":[{"href":"https:\/\/www.barosa.com\/de\/wp-json\/wp\/v2\/pages"}],"about":[{"href":"https:\/\/www.barosa.com\/de\/wp-json\/wp\/v2\/types\/page"}],"author":[{"embeddable":true,"href":"https:\/\/www.barosa.com\/de\/wp-json\/wp\/v2\/users\/1"}],"replies":[{"embeddable":true,"href":"https:\/\/www.barosa.com\/de\/wp-json\/wp\/v2\/comments?post=331"}],"version-history":[{"count":0,"href":"https:\/\/www.barosa.com\/de\/wp-json\/wp\/v2\/pages\/331\/revisions"}],"wp:attachment":[{"href":"https:\/\/www.barosa.com\/de\/wp-json\/wp\/v2\/media?parent=331"}],"curies":[{"name":"wp","href":"https:\/\/api.w.org\/{rel}","templated":true}]}}