{"id":3193,"date":"2019-10-30T14:50:43","date_gmt":"2019-10-30T14:50:43","guid":{"rendered":"https:\/\/digitextus.pt\/barosa\/?page_id=3193"},"modified":"2025-09-29T10:04:26","modified_gmt":"2025-09-29T09:04:26","slug":"empresa-amiga-do-meio-ambiente","status":"publish","type":"page","link":"https:\/\/www.barosa.com\/de\/empresa-amiga-do-meio-ambiente\/","title":{"rendered":"Umweltfreundliches Unternehmen"},"content":{"rendered":"<div class=\"wpb-content-wrapper\"><div class=\"vc_row wpb_row vc_row-fluid\"><div class=\"wpb_column vc_column_container vc_col-sm-12\"><div class=\"vc_column-inner\"><div class=\"wpb_wrapper\">\n\t<div class=\"wpb_text_column wpb_content_element\" >\n\t\t<div class=\"wpb_wrapper\">\n\t\t\t<p>Die BAROSA Gruppe hat ihre soziale Verantwortung in der Region wahrgenommen und in umweltrelevante Bereiche investiert, um die Gesundheit unseres Planeten zu erhalten:<\/p>\n<ul>\n<li>Im Jahr 2012 wurden 522 Fotovoltaikmodule mit einer Leistung von 137,79 kW installiert. 644 Fotovoltaikmodule mit einer maximalen Leistung von 222,97 kW vermeiden den Aussto\u00df von +\/- 145 Tonnen CO2 pro Jahr in die Atmosph\u00e4re;<\/li>\n<li>Seit 2012 verf\u00fcgt es \u00fcber Thermosolarkollektoren f\u00fcr die Warmwasserbereitung;<\/li>\n<li>Er installierte LED-Leuchten in allen Bereichen des Unternehmens;<\/li>\n<li>Es verf\u00fcgt \u00fcber elektronische Systeme zur Energiekontrolle;<\/li>\n<li>Seit 2013 elektrifizieren wir unsere Fahrzeugflotte (Pkw und Lkw);<\/li>\n<li>Erprobung der Wasserstofftechnologie in Autos zur Senkung der Kohlendioxidemissionen beginnt im Jahr 2022 <strong>bis zu 80%<\/strong>;<\/li>\n<li>Seit 2010 wird f\u00fcr die Au\u00dfenw\u00e4sche (Fahrzeuge\/Sonstiges) nicht trinkbares Wasser verwendet;<\/li>\n<li>W\u00e4hlt festen Abfall aus;<\/li>\n<li>Recyceln Sie das Papier, das Sie bereits f\u00fcr Ihre internen Fotokopien verwendet haben, indem Sie es ein zweites Mal benutzen;<\/li>\n<li>Heften Sie die Rechnungen von Manuel Barosa, Lda. ohne Metallklammern;<\/li>\n<li>Sie verwendet in ihren Verwaltungsdiensten \u00f6kologische Heftger\u00e4te und vermeidet die Verwendung von Metallheftklammern;<\/li>\n<li>Es verschickt unbedruckte Umschl\u00e4ge mit Dokumenten an Kunden, damit diese sie wiederverwenden k\u00f6nnen;<\/li>\n<li>Sammelt verbrauchte Batterien von allen Mitarbeitern\/Besuchern des Unternehmens ein.<\/li>\n<\/ul>\n<p>Wir werden weiterhin in die Lebensqualit\u00e4t unseres Planeten investieren, indem wir die neuesten umweltfreundlichen Praktiken anwenden.<\/p>\n<p style=\"text-align: center;\"><img decoding=\"async\" src=\"https:\/\/gallery.mailchimp.com\/aedc27a2337b728fbfb89d96a\/images\/838125a1-3a9e-4c13-83b2-9d6acbaf82c7.jpg\" \/><\/p>\n\n\t\t<\/div>\n\t<\/div>\n<\/div><\/div><\/div><\/div>\n<\/div>","protected":false},"excerpt":{"rendered":"O grupo BAROSA tem assumido a sua responsabilidade social na regi\u00e3o, investindo nas \u00e1reas de influ\u00eancia ambiental, por modo a preservar a sa\u00fade do nosso planeta, para tal implementou as seguintes medidas: Em 2012 montou 522 pain\u00e9is fotovoltaicos com uma produ\u00e7\u00e3o de 137,79kW, atualmente tem 644 pain\u00e9is fotovoltaicos com uma produ\u00e7\u00e3o m\u00e1xima de 222,97kW evitando [...]","protected":false},"author":1,"featured_media":0,"parent":0,"menu_order":0,"comment_status":"closed","ping_status":"closed","template":"","meta":{"footnotes":""},"class_list":["post-3193","page","type-page","status-publish","hentry"],"yoast_head":"<!-- This site is optimized with the Yoast SEO Premium plugin v27.6 (Yoast SEO v27.6) - https:\/\/yoast.com\/product\/yoast-seo-premium-wordpress\/ -->\n<title>BAROSA | Empresa Amiga do Meio Ambiente<\/title>\n<meta name=\"description\" content=\"O grupo BAROSA tem assumido a sua responsabilidade social na regi\u00e3o, investindo nas \u00e1reas de influ\u00eancia ambiental, por modo a preservar a sa\u00fade do nosso planeta.\" \/>\n<meta name=\"robots\" content=\"index, follow, max-snippet:-1, max-image-preview:large, max-video-preview:-1\" \/>\n<link rel=\"canonical\" href=\"https:\/\/www.barosa.com\/de\/empresa-amiga-do-meio-ambiente\/\" \/>\n<meta property=\"og:locale\" content=\"de_DE\" \/>\n<meta property=\"og:type\" content=\"article\" \/>\n<meta property=\"og:title\" content=\"Empresa Amiga do Meio Ambiente\" \/>\n<meta property=\"og:description\" content=\"O grupo BAROSA tem assumido a sua responsabilidade social na regi\u00e3o, investindo nas \u00e1reas de influ\u00eancia ambiental, por modo a preservar a sa\u00fade do nosso planeta.\" \/>\n<meta property=\"og:url\" content=\"https:\/\/www.barosa.com\/de\/empresa-amiga-do-meio-ambiente\/\" \/>\n<meta property=\"og:site_name\" content=\"BAROSA Congelados | Manuel de Sousa Barosa, Lda.\" \/>\n<meta property=\"article:publisher\" content=\"http:\/\/www.facebook.com\/barosa\/\" \/>\n<meta property=\"article:modified_time\" content=\"2025-09-29T09:04:26+00:00\" \/>\n<meta property=\"og:image\" content=\"https:\/\/gallery.mailchimp.com\/aedc27a2337b728fbfb89d96a\/images\/838125a1-3a9e-4c13-83b2-9d6acbaf82c7.jpg\" \/>\n<meta name=\"twitter:card\" content=\"summary_large_image\" \/>\n<meta name=\"twitter:site\" content=\"@barosa_lda\" \/>\n<meta name=\"twitter:label1\" content=\"Gesch\u00e4tzte Lesezeit\" \/>\n\t<meta name=\"twitter:data1\" content=\"1\u00a0Minute\" \/>\n<script type=\"application\/ld+json\" class=\"yoast-schema-graph\">{\"@context\":\"https:\\\/\\\/schema.org\",\"@graph\":[{\"@type\":\"WebPage\",\"@id\":\"https:\\\/\\\/www.barosa.com\\\/empresa-amiga-do-meio-ambiente\\\/\",\"url\":\"https:\\\/\\\/www.barosa.com\\\/empresa-amiga-do-meio-ambiente\\\/\",\"name\":\"BAROSA | Empresa Amiga do Meio Ambiente\",\"isPartOf\":{\"@id\":\"https:\\\/\\\/www.barosa.com\\\/#website\"},\"primaryImageOfPage\":{\"@id\":\"https:\\\/\\\/www.barosa.com\\\/empresa-amiga-do-meio-ambiente\\\/#primaryimage\"},\"image\":{\"@id\":\"https:\\\/\\\/www.barosa.com\\\/empresa-amiga-do-meio-ambiente\\\/#primaryimage\"},\"thumbnailUrl\":\"https:\\\/\\\/gallery.mailchimp.com\\\/aedc27a2337b728fbfb89d96a\\\/images\\\/838125a1-3a9e-4c13-83b2-9d6acbaf82c7.jpg\",\"datePublished\":\"2019-10-30T14:50:43+00:00\",\"dateModified\":\"2025-09-29T09:04:26+00:00\",\"description\":\"O grupo BAROSA tem assumido a sua responsabilidade social na regi\u00e3o, investindo nas \u00e1reas de influ\u00eancia ambiental, por modo a preservar a sa\u00fade do nosso planeta.\",\"breadcrumb\":{\"@id\":\"https:\\\/\\\/www.barosa.com\\\/empresa-amiga-do-meio-ambiente\\\/#breadcrumb\"},\"inLanguage\":\"de\",\"potentialAction\":[{\"@type\":\"ReadAction\",\"target\":[\"https:\\\/\\\/www.barosa.com\\\/empresa-amiga-do-meio-ambiente\\\/\"]}]},{\"@type\":\"ImageObject\",\"inLanguage\":\"de\",\"@id\":\"https:\\\/\\\/www.barosa.com\\\/empresa-amiga-do-meio-ambiente\\\/#primaryimage\",\"url\":\"https:\\\/\\\/gallery.mailchimp.com\\\/aedc27a2337b728fbfb89d96a\\\/images\\\/838125a1-3a9e-4c13-83b2-9d6acbaf82c7.jpg\",\"contentUrl\":\"https:\\\/\\\/gallery.mailchimp.com\\\/aedc27a2337b728fbfb89d96a\\\/images\\\/838125a1-3a9e-4c13-83b2-9d6acbaf82c7.jpg\"},{\"@type\":\"BreadcrumbList\",\"@id\":\"https:\\\/\\\/www.barosa.com\\\/empresa-amiga-do-meio-ambiente\\\/#breadcrumb\",\"itemListElement\":[{\"@type\":\"ListItem\",\"position\":1,\"name\":\"In\u00edcio\",\"item\":\"https:\\\/\\\/www.barosa.com\\\/\"},{\"@type\":\"ListItem\",\"position\":2,\"name\":\"Empresa Amiga do Meio Ambiente\"}]},{\"@type\":\"WebSite\",\"@id\":\"https:\\\/\\\/www.barosa.com\\\/#website\",\"url\":\"https:\\\/\\\/www.barosa.com\\\/\",\"name\":\"BAROSA Congelados | Manuel de Sousa Barosa, Lda.\",\"description\":\"Empresa de transforma\u00e7\u00e3o e comercializa\u00e7\u00e3o de produtos alimentares congelados. BAROSA \u00ae Pescados, &quot;N\u00e3o h\u00e1 bom garfo que resista\u00ae&quot;. BAROSA \u00ae FoodService &quot;O lado bom da comida\u00ae&quot;. Pescados Crust\u00e1ceos Mariscos Cefal\u00f3podes Bivalves Padaria Pastelaria Pizzas Sobremesas\",\"publisher\":{\"@id\":\"https:\\\/\\\/www.barosa.com\\\/#organization\"},\"alternateName\":\"BAROSA\u00ae\",\"potentialAction\":[{\"@type\":\"SearchAction\",\"target\":{\"@type\":\"EntryPoint\",\"urlTemplate\":\"https:\\\/\\\/www.barosa.com\\\/?s={search_term_string}\"},\"query-input\":{\"@type\":\"PropertyValueSpecification\",\"valueRequired\":true,\"valueName\":\"search_term_string\"}}],\"inLanguage\":\"de\"},{\"@type\":\"Organization\",\"@id\":\"https:\\\/\\\/www.barosa.com\\\/#organization\",\"name\":\"Manuel de Sousa Barosa, Lda.\",\"alternateName\":\"BAROSA\",\"url\":\"https:\\\/\\\/www.barosa.com\\\/\",\"logo\":{\"@type\":\"ImageObject\",\"inLanguage\":\"de\",\"@id\":\"https:\\\/\\\/www.barosa.com\\\/#\\\/schema\\\/logo\\\/image\\\/\",\"url\":\"https:\\\/\\\/www.barosa.com\\\/wp-content\\\/uploads\\\/2025\\\/03\\\/BAROSA-Logo-696x696-1.jpg\",\"contentUrl\":\"https:\\\/\\\/www.barosa.com\\\/wp-content\\\/uploads\\\/2025\\\/03\\\/BAROSA-Logo-696x696-1.jpg\",\"width\":696,\"height\":696,\"caption\":\"Manuel de Sousa Barosa, Lda.\"},\"image\":{\"@id\":\"https:\\\/\\\/www.barosa.com\\\/#\\\/schema\\\/logo\\\/image\\\/\"},\"sameAs\":[\"http:\\\/\\\/www.facebook.com\\\/barosa\\\/\",\"https:\\\/\\\/x.com\\\/barosa_lda\",\"https:\\\/\\\/www.instagram.com\\\/barosa_lda\\\/\",\"https:\\\/\\\/pt.linkedin.com\\\/company\\\/barosa-lda\"],\"description\":\"Empresa de transforma\u00e7\u00e3o e comercializa\u00e7\u00e3o de produtos alimentares congelados. BAROSA \u00ae Pescados, \\\"N\u00e3o h\u00e1 bom garfo que resista\u00ae\\\". BAROSA \u00ae FoodService \\\"O lado bom da comida!\u00ae\\\"\",\"email\":\"info@barosa.com\",\"telephone\":\"+351 262824403\",\"legalName\":\"Manuel de Sousa Barosa, Lda.\",\"foundingDate\":\"1975-05-21\",\"vatID\":\"503365190\",\"taxID\":\"503365190\",\"duns\":\"452388713\",\"numberOfEmployees\":{\"@type\":\"QuantitativeValue\",\"minValue\":\"11\",\"maxValue\":\"50\"},\"ethicsPolicy\":\"https:\\\/\\\/www.barosa.com\\\/politicaprivacidade\\\/\"}]}<\/script>\n<!-- \/ Yoast SEO Premium plugin. -->","yoast_head_json":{"title":"BAROSA | Umweltfreundliches Unternehmen","description":"Die BAROSA Gruppe hat ihre soziale Verantwortung in der Region wahrgenommen und in umweltrelevante Bereiche investiert, um die Gesundheit unseres Planeten zu erhalten.","robots":{"index":"index","follow":"follow","max-snippet":"max-snippet:-1","max-image-preview":"max-image-preview:large","max-video-preview":"max-video-preview:-1"},"canonical":"https:\/\/www.barosa.com\/de\/empresa-amiga-do-meio-ambiente\/","og_locale":"de_DE","og_type":"article","og_title":"Empresa Amiga do Meio Ambiente","og_description":"O grupo BAROSA tem assumido a sua responsabilidade social na regi\u00e3o, investindo nas \u00e1reas de influ\u00eancia ambiental, por modo a preservar a sa\u00fade do nosso planeta.","og_url":"https:\/\/www.barosa.com\/de\/empresa-amiga-do-meio-ambiente\/","og_site_name":"BAROSA Congelados | Manuel de Sousa Barosa, Lda.","article_publisher":"http:\/\/www.facebook.com\/barosa\/","article_modified_time":"2025-09-29T09:04:26+00:00","og_image":[{"url":"https:\/\/gallery.mailchimp.com\/aedc27a2337b728fbfb89d96a\/images\/838125a1-3a9e-4c13-83b2-9d6acbaf82c7.jpg","type":"","width":"","height":""}],"twitter_card":"summary_large_image","twitter_site":"@barosa_lda","twitter_misc":{"Gesch\u00e4tzte Lesezeit":"1\u00a0Minute"},"schema":{"@context":"https:\/\/schema.org","@graph":[{"@type":"WebPage","@id":"https:\/\/www.barosa.com\/empresa-amiga-do-meio-ambiente\/","url":"https:\/\/www.barosa.com\/empresa-amiga-do-meio-ambiente\/","name":"BAROSA | Umweltfreundliches Unternehmen","isPartOf":{"@id":"https:\/\/www.barosa.com\/#website"},"primaryImageOfPage":{"@id":"https:\/\/www.barosa.com\/empresa-amiga-do-meio-ambiente\/#primaryimage"},"image":{"@id":"https:\/\/www.barosa.com\/empresa-amiga-do-meio-ambiente\/#primaryimage"},"thumbnailUrl":"https:\/\/gallery.mailchimp.com\/aedc27a2337b728fbfb89d96a\/images\/838125a1-3a9e-4c13-83b2-9d6acbaf82c7.jpg","datePublished":"2019-10-30T14:50:43+00:00","dateModified":"2025-09-29T09:04:26+00:00","description":"Die BAROSA Gruppe hat ihre soziale Verantwortung in der Region wahrgenommen und in umweltrelevante Bereiche investiert, um die Gesundheit unseres Planeten zu erhalten.","breadcrumb":{"@id":"https:\/\/www.barosa.com\/empresa-amiga-do-meio-ambiente\/#breadcrumb"},"inLanguage":"de","potentialAction":[{"@type":"ReadAction","target":["https:\/\/www.barosa.com\/empresa-amiga-do-meio-ambiente\/"]}]},{"@type":"ImageObject","inLanguage":"de","@id":"https:\/\/www.barosa.com\/empresa-amiga-do-meio-ambiente\/#primaryimage","url":"https:\/\/gallery.mailchimp.com\/aedc27a2337b728fbfb89d96a\/images\/838125a1-3a9e-4c13-83b2-9d6acbaf82c7.jpg","contentUrl":"https:\/\/gallery.mailchimp.com\/aedc27a2337b728fbfb89d96a\/images\/838125a1-3a9e-4c13-83b2-9d6acbaf82c7.jpg"},{"@type":"BreadcrumbList","@id":"https:\/\/www.barosa.com\/empresa-amiga-do-meio-ambiente\/#breadcrumb","itemListElement":[{"@type":"ListItem","position":1,"name":"In\u00edcio","item":"https:\/\/www.barosa.com\/"},{"@type":"ListItem","position":2,"name":"Empresa Amiga do Meio Ambiente"}]},{"@type":"WebSite","@id":"https:\/\/www.barosa.com\/#website","url":"https:\/\/www.barosa.com\/","name":"BAROSA Congelados | Manuel de Sousa Barosa, Lda.","description":"Ein Unternehmen, das Tiefk\u00fchlkostprodukte verarbeitet und verkauft. BAROSA \u00ae Fisch, \"Keine gute Gabel kann widerstehen\u00ae\". BAROSA \u00ae FoodService \"Die gute Seite des Essens\u00ae\". Fisch Krustentiere Schalentiere Kopff\u00fc\u00dfer Muscheln B\u00e4ckerei Geb\u00e4ck Pizzas Desserts","publisher":{"@id":"https:\/\/www.barosa.com\/#organization"},"alternateName":"BAROSA\u00ae","potentialAction":[{"@type":"SearchAction","target":{"@type":"EntryPoint","urlTemplate":"https:\/\/www.barosa.com\/?s={search_term_string}"},"query-input":{"@type":"PropertyValueSpecification","valueRequired":true,"valueName":"search_term_string"}}],"inLanguage":"de"},{"@type":"Organization","@id":"https:\/\/www.barosa.com\/#organization","name":"Manuel de Sousa Barosa, Lda.","alternateName":"BAROSA","url":"https:\/\/www.barosa.com\/","logo":{"@type":"ImageObject","inLanguage":"de","@id":"https:\/\/www.barosa.com\/#\/schema\/logo\/image\/","url":"https:\/\/www.barosa.com\/wp-content\/uploads\/2025\/03\/BAROSA-Logo-696x696-1.jpg","contentUrl":"https:\/\/www.barosa.com\/wp-content\/uploads\/2025\/03\/BAROSA-Logo-696x696-1.jpg","width":696,"height":696,"caption":"Manuel de Sousa Barosa, Lda."},"image":{"@id":"https:\/\/www.barosa.com\/#\/schema\/logo\/image\/"},"sameAs":["http:\/\/www.facebook.com\/barosa\/","https:\/\/x.com\/barosa_lda","https:\/\/www.instagram.com\/barosa_lda\/","https:\/\/pt.linkedin.com\/company\/barosa-lda"],"description":"Ein Unternehmen, das Tiefk\u00fchlkostprodukte verarbeitet und verkauft. BAROSA \u00ae Fisch, \"Keine gute Gabel kann widerstehen\u00ae\". BAROSA \u00ae FoodService \"Die gute Seite des Essens!\u00ae\"","email":"info@barosa.com","telephone":"+351 262824403","legalName":"Manuel de Sousa Barosa, Lda.","foundingDate":"1975-05-21","vatID":"503365190","taxID":"503365190","duns":"452388713","numberOfEmployees":{"@type":"QuantitativeValue","minValue":"11","maxValue":"50"},"ethicsPolicy":"https:\/\/www.barosa.com\/politicaprivacidade\/"}]}},"_links":{"self":[{"href":"https:\/\/www.barosa.com\/de\/wp-json\/wp\/v2\/pages\/3193","targetHints":{"allow":["GET"]}}],"collection":[{"href":"https:\/\/www.barosa.com\/de\/wp-json\/wp\/v2\/pages"}],"about":[{"href":"https:\/\/www.barosa.com\/de\/wp-json\/wp\/v2\/types\/page"}],"author":[{"embeddable":true,"href":"https:\/\/www.barosa.com\/de\/wp-json\/wp\/v2\/users\/1"}],"replies":[{"embeddable":true,"href":"https:\/\/www.barosa.com\/de\/wp-json\/wp\/v2\/comments?post=3193"}],"version-history":[{"count":9,"href":"https:\/\/www.barosa.com\/de\/wp-json\/wp\/v2\/pages\/3193\/revisions"}],"predecessor-version":[{"id":18692,"href":"https:\/\/www.barosa.com\/de\/wp-json\/wp\/v2\/pages\/3193\/revisions\/18692"}],"wp:attachment":[{"href":"https:\/\/www.barosa.com\/de\/wp-json\/wp\/v2\/media?parent=3193"}],"curies":[{"name":"wp","href":"https:\/\/api.w.org\/{rel}","templated":true}]}}