{"id":295,"date":"2017-06-22T06:53:54","date_gmt":"2017-06-22T06:53:54","guid":{"rendered":"https:\/\/digitextus.pt\/barosa\/?page_id=295"},"modified":"2017-08-07T09:41:09","modified_gmt":"2017-08-07T09:41:09","slug":"pricing-table","status":"publish","type":"page","link":"https:\/\/www.barosa.com\/de\/pricing-table\/","title":{"rendered":"Pricing Table"},"content":{"rendered":"<div class=\"wpb-content-wrapper\"><section class=\"vc_section bt-pricing-table-section vc_custom_1501830536364\"><div class=\"container\"><div class=\"vc_row wpb_row vc_row-fluid\"><div class=\"wpb_column vc_column_container vc_col-sm-12\"><div class=\"vc_column-inner\"><div class=\"wpb_wrapper\"><div class=\"vc_separator wpb_content_element vc_separator_align_center vc_sep_width_100 vc_sep_double vc_sep_pos_align_center vc_sep_color_grey wpb_content_element wpb_animate_when_almost_visible wpb_fadeInDown fadeInDown vc_separator-has-text\" ><span class=\"vc_sep_holder vc_sep_holder_l\"><span class=\"vc_sep_line\"><\/span><\/span><h4>PRICING TABLE STYLE 01<\/h4><span class=\"vc_sep_holder vc_sep_holder_r\"><span class=\"vc_sep_line\"><\/span><\/span>\n<\/div><div class=\"vc_empty_space\"   style=\"height: 30px\"><span class=\"vc_empty_space_inner\"><\/span><\/div><\/div><\/div><\/div><\/div><\/div><div class=\"container\"><div class=\"vc_row wpb_row vc_row-fluid\"><div class=\"wpb_column vc_column_container vc_col-sm-4\"><div class=\"vc_column-inner\"><div class=\"wpb_wrapper\">\t\t<div class=\"hvr-curl-top-right wpb_animate_when_almost_visible wpb_flipInY flipInY bt-element bt-pricing-table-element default\" >\r\n\t\t\t<div class=\"bt-price-time\">\r\n\t<div class=\"bt-icon\" ><i class=\"flaticon-earth-globe\" style=\"\"><\/i><\/div>\t<div class=\"bt-inner\">\r\n\t\t<div class=\"bt-price\" >$29<\/div><div class=\"bt-time\" >MONTH<\/div>\t<\/div>\r\n<\/div>\r\n<h3 class=\"bt-title\" >Basic Plan<\/h3><ul class=\"bt-options\" ><li class=\"enable\">240 PSD Included<\/li> <li class=\"enable\">Creative Design<\/li> <li class=\"enable\">Premium Stock <\/li> <li class=\"disable\">Drag & Drop Layouts<\/li> <li class=\"disable\">Premium Icon Design<\/li> <li class=\"disable\">Support 24\/07<\/li><\/ul><a class=\"bt-btn-order\" href=\"#\">Order Now<\/a>\t\t<\/div>\r\n\t\t<\/div><\/div><\/div><div class=\"wpb_column vc_column_container vc_col-sm-4\"><div class=\"vc_column-inner\"><div class=\"wpb_wrapper\">\t\t<div class=\"hvr-curl-top-right wpb_animate_when_almost_visible wpb_flipInY flipInY bt-element bt-pricing-table-element default\" >\r\n\t\t\t<div class=\"bt-price-time\">\r\n\t<div class=\"bt-icon\" ><i class=\"flaticon-quality\" style=\"\"><\/i><\/div>\t<div class=\"bt-inner\">\r\n\t\t<div class=\"bt-price\" >$39<\/div><div class=\"bt-time\" >MONTH<\/div>\t<\/div>\r\n<\/div>\r\n<h3 class=\"bt-title\" >Standard Plan<\/h3><ul class=\"bt-options\" ><li class=\"enable\">240 PSD Included<\/li> <li class=\"enable\">Creative Design<\/li> <li class=\"enable\">Premium Stock <\/li> <li class=\"enable\">Drag & Drop Layouts<\/li> <li class=\"disable\">Premium Icon Design<\/li> <li class=\"disable\">Support 24\/07<\/li><\/ul><a class=\"bt-btn-order\" href=\"#\">Order Now<\/a>\t\t<\/div>\r\n\t\t<\/div><\/div><\/div><div class=\"wpb_column vc_column_container vc_col-sm-4\"><div class=\"vc_column-inner\"><div class=\"wpb_wrapper\">\t\t<div class=\"hvr-curl-top-right wpb_animate_when_almost_visible wpb_flipInY flipInY bt-element bt-pricing-table-element default\" >\r\n\t\t\t<div class=\"bt-price-time\">\r\n\t<div class=\"bt-icon\" ><i class=\"flaticon-trophy\" style=\"\"><\/i><\/div>\t<div class=\"bt-inner\">\r\n\t\t<div class=\"bt-price\" >$49<\/div><div class=\"bt-time\" >MONTH<\/div>\t<\/div>\r\n<\/div>\r\n<h3 class=\"bt-title\" >Premium Plan<\/h3><ul class=\"bt-options\" ><li class=\"enable\">240 PSD Included<\/li> <li class=\"enable\">Creative Design<\/li> <li class=\"enable\">Premium Stock <\/li> <li class=\"enable\">Drag & Drop Layouts<\/li> <li class=\"enable\">Premium Icon Design<\/li> <li class=\"enable\">Support 24\/07<\/li><\/ul><a class=\"bt-btn-order\" href=\"#\">Order Now<\/a>\t\t<\/div>\r\n\t\t<\/div><\/div><\/div><\/div><\/div><\/section><section class=\"vc_section bt-pricing-table-section2 vc_custom_1501830615526\"><div class=\"container\"><div class=\"vc_row wpb_row vc_row-fluid\"><div class=\"wpb_column vc_column_container vc_col-sm-12\"><div class=\"vc_column-inner\"><div class=\"wpb_wrapper\"><div class=\"vc_separator wpb_content_element vc_separator_align_center vc_sep_width_100 vc_sep_double vc_sep_pos_align_center vc_sep_color_grey wpb_content_element wpb_animate_when_almost_visible wpb_fadeInDown fadeInDown vc_separator-has-text\" ><span class=\"vc_sep_holder vc_sep_holder_l\"><span class=\"vc_sep_line\"><\/span><\/span><h4>PRICING TABLE STYLE 02<\/h4><span class=\"vc_sep_holder vc_sep_holder_r\"><span class=\"vc_sep_line\"><\/span><\/span>\n<\/div><div class=\"vc_empty_space\"   style=\"height: 30px\"><span class=\"vc_empty_space_inner\"><\/span><\/div><\/div><\/div><\/div><\/div><\/div><div class=\"container\"><div class=\"vc_row wpb_row vc_row-fluid\"><div class=\"wpb_animate_when_almost_visible wpb_flipInY flipInY wpb_column vc_column_container vc_col-sm-4\"><div class=\"vc_column-inner\"><div class=\"wpb_wrapper\">\t\t<div class=\"bt-element bt-pricing-table-element layout1 text-center\" >\r\n\t\t\t<div class=\"bt-icon\" ><i class=\"flaticon-target\" style=\"\"><\/i><\/div><h3 class=\"bt-title\" >Basic Plan<\/h3><div class=\"bt-price-time\">\r\n\t<div class=\"bt-price\" >$29.99<\/div><div class=\"bt-time\" >\/Month<\/div><\/div>\r\n<ul class=\"bt-options\" ><li class=\"enable\">240 PSD Included<\/li> <li class=\"enable\">Creative Design<\/li> <li class=\"enable\">Premium Stock <\/li> <li class=\"disable\">Drag & Drop Layouts<\/li> <li class=\"disable\">Premium Icon Design<\/li> <li class=\"disable\">Support 24\/07<\/li><\/ul><a class=\"bt-btn-order\" href=\"#\">Purchase Plan<\/a>\t\t<\/div>\r\n\t\t<\/div><\/div><\/div><div class=\"wpb_animate_when_almost_visible wpb_flipInY flipInY wpb_column vc_column_container vc_col-sm-4\"><div class=\"vc_column-inner\"><div class=\"wpb_wrapper\">\t\t<div class=\"bt-element bt-pricing-table-element layout1 text-center\" >\r\n\t\t\t<div class=\"bt-icon\" ><i class=\"flaticon-quality\" style=\"\"><\/i><\/div><h3 class=\"bt-title\" >Standard Plan<\/h3><div class=\"bt-price-time\">\r\n\t<div class=\"bt-price\" >$29.99<\/div><div class=\"bt-time\" >\/Month<\/div><\/div>\r\n<ul class=\"bt-options\" ><li class=\"enable\">240 PSD Included<\/li> <li class=\"enable\">Creative Design<\/li> <li class=\"enable\">Premium Stock <\/li> <li class=\"enable\">Drag & Drop Layouts<\/li> <li class=\"disable\">Premium Icon Design<\/li> <li class=\"disable\">Support 24\/07<\/li><\/ul><a class=\"bt-btn-order\" href=\"#\">Purchase Plan<\/a>\t\t<\/div>\r\n\t\t<\/div><\/div><\/div><div class=\"wpb_animate_when_almost_visible wpb_flipInY flipInY wpb_column vc_column_container vc_col-sm-4\"><div class=\"vc_column-inner\"><div class=\"wpb_wrapper\">\t\t<div class=\"bt-element bt-pricing-table-element layout1 text-center\" >\r\n\t\t\t<div class=\"bt-icon\" ><i class=\"flaticon-trophy\" style=\"\"><\/i><\/div><h3 class=\"bt-title\" >Premium Plan<\/h3><div class=\"bt-price-time\">\r\n\t<div class=\"bt-price\" >$29.99<\/div><div class=\"bt-time\" >\/Month<\/div><\/div>\r\n<ul class=\"bt-options\" ><li class=\"enable\">240 PSD Included<\/li> <li class=\"enable\">Creative Design<\/li> <li class=\"enable\">Premium Stock <\/li> <li class=\"enable\">Drag & Drop Layouts<\/li> <li class=\"enable\">Premium Icon Design<\/li> <li class=\"enable\">Support 24\/07<\/li><\/ul><a class=\"bt-btn-order\" href=\"#\">Purchase Plan<\/a>\t\t<\/div>\r\n\t\t<\/div><\/div><\/div><\/div><\/div><\/section>\n<\/div>","protected":false},"excerpt":{"rendered":"PRICING TABLE STYLE 01 $29MONTH Basic Plan240 PSD Included Creative Design Premium Stock Drag & Drop Layouts Premium Icon Design Support 24\/07Order Now $39MONTH Standard Plan240 PSD Included Creative Design Premium Stock Drag & Drop Layouts Premium Icon Design Support 24\/07Order Now $49MONTH Premium Plan240 PSD Included Creative Design Premium Stock Drag & Drop Layouts [...]","protected":false},"author":1,"featured_media":0,"parent":0,"menu_order":0,"comment_status":"closed","ping_status":"closed","template":"page-nocontainer.php","meta":{"footnotes":""},"class_list":["post-295","page","type-page","status-publish","hentry"],"yoast_head":"<!-- This site is optimized with the Yoast SEO Premium plugin v27.2 (Yoast SEO v27.3) - https:\/\/yoast.com\/product\/yoast-seo-premium-wordpress\/ -->\n<title>Pricing Table - BAROSA Congelados | Manuel de Sousa Barosa, Lda.<\/title>\n<meta name=\"robots\" content=\"index, follow, max-snippet:-1, max-image-preview:large, max-video-preview:-1\" \/>\n<link rel=\"canonical\" href=\"https:\/\/www.barosa.com\/de\/pricing-table\/\" \/>\n<meta property=\"og:locale\" content=\"de_DE\" \/>\n<meta property=\"og:type\" content=\"article\" \/>\n<meta property=\"og:title\" content=\"Pricing Table\" \/>\n<meta property=\"og:url\" content=\"https:\/\/www.barosa.com\/de\/pricing-table\/\" \/>\n<meta property=\"og:site_name\" content=\"BAROSA Congelados | Manuel de Sousa Barosa, Lda.\" \/>\n<meta property=\"article:publisher\" content=\"http:\/\/www.facebook.com\/barosa\/\" \/>\n<meta property=\"article:modified_time\" content=\"2017-08-07T09:41:09+00:00\" \/>\n<meta property=\"og:image\" content=\"https:\/\/www.barosa.com\/wp-content\/uploads\/2024\/02\/BAROSA-Logo-1200-x-675.jpg\" \/>\n\t<meta property=\"og:image:width\" content=\"1200\" \/>\n\t<meta property=\"og:image:height\" content=\"675\" \/>\n\t<meta property=\"og:image:type\" content=\"image\/jpeg\" \/>\n<meta name=\"twitter:card\" content=\"summary_large_image\" \/>\n<meta name=\"twitter:site\" content=\"@barosa_lda\" \/>\n<meta name=\"twitter:label1\" content=\"Gesch\u00e4tzte Lesezeit\" \/>\n\t<meta name=\"twitter:data1\" content=\"4\u00a0Minuten\" \/>\n<script type=\"application\/ld+json\" class=\"yoast-schema-graph\">{\"@context\":\"https:\\\/\\\/schema.org\",\"@graph\":[{\"@type\":\"WebPage\",\"@id\":\"https:\\\/\\\/www.barosa.com\\\/pricing-table\\\/\",\"url\":\"https:\\\/\\\/www.barosa.com\\\/pricing-table\\\/\",\"name\":\"Pricing Table - BAROSA Congelados | Manuel de Sousa Barosa, Lda.\",\"isPartOf\":{\"@id\":\"https:\\\/\\\/www.barosa.com\\\/#website\"},\"datePublished\":\"2017-06-22T06:53:54+00:00\",\"dateModified\":\"2017-08-07T09:41:09+00:00\",\"breadcrumb\":{\"@id\":\"https:\\\/\\\/www.barosa.com\\\/pricing-table\\\/#breadcrumb\"},\"inLanguage\":\"de\",\"potentialAction\":[{\"@type\":\"ReadAction\",\"target\":[\"https:\\\/\\\/www.barosa.com\\\/pricing-table\\\/\"]}]},{\"@type\":\"BreadcrumbList\",\"@id\":\"https:\\\/\\\/www.barosa.com\\\/pricing-table\\\/#breadcrumb\",\"itemListElement\":[{\"@type\":\"ListItem\",\"position\":1,\"name\":\"In\u00edcio\",\"item\":\"https:\\\/\\\/www.barosa.com\\\/\"},{\"@type\":\"ListItem\",\"position\":2,\"name\":\"Pricing Table\"}]},{\"@type\":\"WebSite\",\"@id\":\"https:\\\/\\\/www.barosa.com\\\/#website\",\"url\":\"https:\\\/\\\/www.barosa.com\\\/\",\"name\":\"BAROSA Congelados | Manuel de Sousa Barosa, Lda.\",\"description\":\"Empresa de transforma\u00e7\u00e3o e comercializa\u00e7\u00e3o de produtos alimentares congelados. BAROSA \u00ae Pescados, &quot;N\u00e3o h\u00e1 bom garfo que resista\u00ae&quot;. BAROSA \u00ae FoodService &quot;O lado bom da comida\u00ae&quot;. Pescados Crust\u00e1ceos Mariscos Cefal\u00f3podes Bivalves Padaria Pastelaria Pizzas Sobremesas\",\"publisher\":{\"@id\":\"https:\\\/\\\/www.barosa.com\\\/#organization\"},\"alternateName\":\"BAROSA\u00ae\",\"potentialAction\":[{\"@type\":\"SearchAction\",\"target\":{\"@type\":\"EntryPoint\",\"urlTemplate\":\"https:\\\/\\\/www.barosa.com\\\/?s={search_term_string}\"},\"query-input\":{\"@type\":\"PropertyValueSpecification\",\"valueRequired\":true,\"valueName\":\"search_term_string\"}}],\"inLanguage\":\"de\"},{\"@type\":\"Organization\",\"@id\":\"https:\\\/\\\/www.barosa.com\\\/#organization\",\"name\":\"Manuel de Sousa Barosa, Lda.\",\"alternateName\":\"BAROSA\",\"url\":\"https:\\\/\\\/www.barosa.com\\\/\",\"logo\":{\"@type\":\"ImageObject\",\"inLanguage\":\"de\",\"@id\":\"https:\\\/\\\/www.barosa.com\\\/#\\\/schema\\\/logo\\\/image\\\/\",\"url\":\"https:\\\/\\\/www.barosa.com\\\/wp-content\\\/uploads\\\/2025\\\/03\\\/BAROSA-Logo-696x696-1.jpg\",\"contentUrl\":\"https:\\\/\\\/www.barosa.com\\\/wp-content\\\/uploads\\\/2025\\\/03\\\/BAROSA-Logo-696x696-1.jpg\",\"width\":696,\"height\":696,\"caption\":\"Manuel de Sousa Barosa, Lda.\"},\"image\":{\"@id\":\"https:\\\/\\\/www.barosa.com\\\/#\\\/schema\\\/logo\\\/image\\\/\"},\"sameAs\":[\"http:\\\/\\\/www.facebook.com\\\/barosa\\\/\",\"https:\\\/\\\/x.com\\\/barosa_lda\",\"https:\\\/\\\/www.instagram.com\\\/barosa_lda\\\/\",\"https:\\\/\\\/pt.linkedin.com\\\/company\\\/barosa-lda\"],\"description\":\"Empresa de transforma\u00e7\u00e3o e comercializa\u00e7\u00e3o de produtos alimentares congelados. BAROSA \u00ae Pescados, \\\"N\u00e3o h\u00e1 bom garfo que resista\u00ae\\\". BAROSA \u00ae FoodService \\\"O lado bom da comida!\u00ae\\\"\",\"email\":\"info@barosa.com\",\"telephone\":\"+351 262824403\",\"legalName\":\"Manuel de Sousa Barosa, Lda.\",\"foundingDate\":\"1975-05-21\",\"vatID\":\"503365190\",\"taxID\":\"503365190\",\"duns\":\"452388713\",\"numberOfEmployees\":{\"@type\":\"QuantitativeValue\",\"minValue\":\"11\",\"maxValue\":\"50\"},\"ethicsPolicy\":\"https:\\\/\\\/www.barosa.com\\\/politicaprivacidade\\\/\"}]}<\/script>\n<!-- \/ Yoast SEO Premium plugin. -->","yoast_head_json":{"title":"Pricing Table - BAROSA Congelados | Manuel de Sousa Barosa, Lda.","robots":{"index":"index","follow":"follow","max-snippet":"max-snippet:-1","max-image-preview":"max-image-preview:large","max-video-preview":"max-video-preview:-1"},"canonical":"https:\/\/www.barosa.com\/de\/pricing-table\/","og_locale":"de_DE","og_type":"article","og_title":"Pricing Table","og_url":"https:\/\/www.barosa.com\/de\/pricing-table\/","og_site_name":"BAROSA Congelados | Manuel de Sousa Barosa, Lda.","article_publisher":"http:\/\/www.facebook.com\/barosa\/","article_modified_time":"2017-08-07T09:41:09+00:00","og_image":[{"width":1200,"height":675,"url":"https:\/\/www.barosa.com\/wp-content\/uploads\/2024\/02\/BAROSA-Logo-1200-x-675.jpg","type":"image\/jpeg"}],"twitter_card":"summary_large_image","twitter_site":"@barosa_lda","twitter_misc":{"Gesch\u00e4tzte Lesezeit":"4\u00a0Minuten"},"schema":{"@context":"https:\/\/schema.org","@graph":[{"@type":"WebPage","@id":"https:\/\/www.barosa.com\/pricing-table\/","url":"https:\/\/www.barosa.com\/pricing-table\/","name":"Pricing Table - BAROSA Congelados | Manuel de Sousa Barosa, Lda.","isPartOf":{"@id":"https:\/\/www.barosa.com\/#website"},"datePublished":"2017-06-22T06:53:54+00:00","dateModified":"2017-08-07T09:41:09+00:00","breadcrumb":{"@id":"https:\/\/www.barosa.com\/pricing-table\/#breadcrumb"},"inLanguage":"de","potentialAction":[{"@type":"ReadAction","target":["https:\/\/www.barosa.com\/pricing-table\/"]}]},{"@type":"BreadcrumbList","@id":"https:\/\/www.barosa.com\/pricing-table\/#breadcrumb","itemListElement":[{"@type":"ListItem","position":1,"name":"In\u00edcio","item":"https:\/\/www.barosa.com\/"},{"@type":"ListItem","position":2,"name":"Pricing Table"}]},{"@type":"WebSite","@id":"https:\/\/www.barosa.com\/#website","url":"https:\/\/www.barosa.com\/","name":"BAROSA Congelados | Manuel de Sousa Barosa, Lda.","description":"Ein Unternehmen, das Tiefk\u00fchlkostprodukte verarbeitet und verkauft. BAROSA \u00ae Fisch, \"Keine gute Gabel kann widerstehen\u00ae\". BAROSA \u00ae FoodService \"Die gute Seite des Essens\u00ae\". Fisch Krustentiere Schalentiere Kopff\u00fc\u00dfer Muscheln B\u00e4ckerei Geb\u00e4ck Pizzas Desserts","publisher":{"@id":"https:\/\/www.barosa.com\/#organization"},"alternateName":"BAROSA\u00ae","potentialAction":[{"@type":"SearchAction","target":{"@type":"EntryPoint","urlTemplate":"https:\/\/www.barosa.com\/?s={search_term_string}"},"query-input":{"@type":"PropertyValueSpecification","valueRequired":true,"valueName":"search_term_string"}}],"inLanguage":"de"},{"@type":"Organization","@id":"https:\/\/www.barosa.com\/#organization","name":"Manuel de Sousa Barosa, Lda.","alternateName":"BAROSA","url":"https:\/\/www.barosa.com\/","logo":{"@type":"ImageObject","inLanguage":"de","@id":"https:\/\/www.barosa.com\/#\/schema\/logo\/image\/","url":"https:\/\/www.barosa.com\/wp-content\/uploads\/2025\/03\/BAROSA-Logo-696x696-1.jpg","contentUrl":"https:\/\/www.barosa.com\/wp-content\/uploads\/2025\/03\/BAROSA-Logo-696x696-1.jpg","width":696,"height":696,"caption":"Manuel de Sousa Barosa, Lda."},"image":{"@id":"https:\/\/www.barosa.com\/#\/schema\/logo\/image\/"},"sameAs":["http:\/\/www.facebook.com\/barosa\/","https:\/\/x.com\/barosa_lda","https:\/\/www.instagram.com\/barosa_lda\/","https:\/\/pt.linkedin.com\/company\/barosa-lda"],"description":"Ein Unternehmen, das Tiefk\u00fchlkostprodukte verarbeitet und verkauft. BAROSA \u00ae Fisch, \"Keine gute Gabel kann widerstehen\u00ae\". BAROSA \u00ae FoodService \"Die gute Seite des Essens!\u00ae\"","email":"info@barosa.com","telephone":"+351 262824403","legalName":"Manuel de Sousa Barosa, Lda.","foundingDate":"1975-05-21","vatID":"503365190","taxID":"503365190","duns":"452388713","numberOfEmployees":{"@type":"QuantitativeValue","minValue":"11","maxValue":"50"},"ethicsPolicy":"https:\/\/www.barosa.com\/politicaprivacidade\/"}]}},"_links":{"self":[{"href":"https:\/\/www.barosa.com\/de\/wp-json\/wp\/v2\/pages\/295","targetHints":{"allow":["GET"]}}],"collection":[{"href":"https:\/\/www.barosa.com\/de\/wp-json\/wp\/v2\/pages"}],"about":[{"href":"https:\/\/www.barosa.com\/de\/wp-json\/wp\/v2\/types\/page"}],"author":[{"embeddable":true,"href":"https:\/\/www.barosa.com\/de\/wp-json\/wp\/v2\/users\/1"}],"replies":[{"embeddable":true,"href":"https:\/\/www.barosa.com\/de\/wp-json\/wp\/v2\/comments?post=295"}],"version-history":[{"count":0,"href":"https:\/\/www.barosa.com\/de\/wp-json\/wp\/v2\/pages\/295\/revisions"}],"wp:attachment":[{"href":"https:\/\/www.barosa.com\/de\/wp-json\/wp\/v2\/media?parent=295"}],"curies":[{"name":"wp","href":"https:\/\/api.w.org\/{rel}","templated":true}]}}