{"id":1738,"date":"2017-08-05T02:56:27","date_gmt":"2017-08-05T02:56:27","guid":{"rendered":"https:\/\/digitextus.pt\/barosa\/?page_id=1738"},"modified":"2017-08-07T08:39:26","modified_gmt":"2017-08-07T08:39:26","slug":"progress-bar","status":"publish","type":"page","link":"https:\/\/www.barosa.com\/de\/progress-bar\/","title":{"rendered":"Progress Bar"},"content":{"rendered":"<div class=\"wpb-content-wrapper\"><section class=\"vc_section vc_custom_1502094821164\"><div class=\"container\"><div class=\"vc_row wpb_row vc_row-fluid\"><div class=\"wpb_column vc_column_container vc_col-sm-4\"><div class=\"vc_column-inner\"><div class=\"wpb_wrapper\"><section class=\"vc_cta3-container\"><div class=\"vc_general vc_do_cta3 vc_cta3 vc_cta3-style-classic vc_cta3-shape-square vc_cta3-align-left vc_cta3-color-classic vc_cta3-icon-size-md vc_custom_1502094289525\"><div class=\"vc_cta3_content-container\"><div class=\"vc_cta3-content\"><header class=\"vc_cta3-content-header\"><h2 style=\"font-size: 20px;line-height: 24px;\" class=\"vc_custom_heading\" >Control Colors<\/h2><\/header><p>Each progress bar can have a different filled \/ unfilled color and text color.<\/p>\n<\/div><\/div><\/div><\/section><\/div><\/div><\/div><div class=\"wpb_column vc_column_container vc_col-sm-8\"><div class=\"vc_column-inner\"><div class=\"wpb_wrapper\"><div class=\"vc_progress_bar wpb_content_element vc_custom_1502094304456  vc_progress-bar-color-bar_blue\" ><div class=\"vc_general vc_single_bar\"><small class=\"vc_label\"> Marketing Strategy <span class=\"vc_label_units\">95%<\/span><\/small><span class=\"vc_bar animated striped\" data-percentage-value=\"95\" data-value=\"95\"><\/span><\/div><\/div><div class=\"vc_progress_bar wpb_content_element vc_custom_1502094312859\" ><div class=\"vc_general vc_single_bar\"><small class=\"vc_label\" style=\"color:#171721;\"> Customers Referred Daily <span class=\"vc_label_units\">80%<\/span><\/small><span class=\"vc_bar animated striped\" data-percentage-value=\"80\" data-value=\"80\" style=\"background-color:#49afcd;\"><\/span><\/div><\/div><div class=\"vc_progress_bar wpb_content_element\" ><div class=\"vc_general vc_single_bar\"><small class=\"vc_label\" style=\"color:#171721;\">Repeat Business From Clients <span class=\"vc_label_units\">85%<\/span><\/small><span class=\"vc_bar animated striped\" data-percentage-value=\"85\" data-value=\"85\" style=\"background-color:#5bb75b;\"><\/span><\/div><\/div><\/div><\/div><\/div><\/div><\/div><\/section><section class=\"vc_section vc_custom_1502094847224\"><div class=\"container\"><div class=\"vc_row wpb_row vc_row-fluid\"><div class=\"wpb_column vc_column_container vc_col-sm-4\"><div class=\"vc_column-inner\"><div class=\"wpb_wrapper\"><section class=\"vc_cta3-container\"><div class=\"vc_general vc_do_cta3 vc_cta3 vc_cta3-style-classic vc_cta3-shape-square vc_cta3-align-left vc_cta3-color-classic vc_cta3-icon-size-md vc_custom_1502094709161\"><div class=\"vc_cta3_content-container\"><div class=\"vc_cta3-content\"><header class=\"vc_cta3-content-header\"><h2 style=\"font-size: 20px;line-height: 24px;\" class=\"vc_custom_heading\" >Animated Striped Bars<\/h2><\/header><p>Each progress bar can have a striped or solid fill, and the stripes can animate.<\/p>\n<\/div><\/div><\/div><\/section><\/div><\/div><\/div><div class=\"wpb_column vc_column_container vc_col-sm-8\"><div class=\"vc_column-inner\"><div class=\"wpb_wrapper\"><div class=\"vc_progress_bar wpb_content_element vc_custom_1502094933962  vc_progress-bar-color-bar_blue\" ><div class=\"vc_general vc_single_bar\"><small class=\"vc_label\"> Solid Progress Bar <span class=\"vc_label_units\">80%<\/span><\/small><span class=\"vc_bar\" data-percentage-value=\"80\" data-value=\"80\"><\/span><\/div><\/div><div class=\"vc_progress_bar wpb_content_element vc_custom_1502094781675  vc_progress-bar-color-bar_blue\" ><div class=\"vc_general vc_single_bar\"><small class=\"vc_label\"> Striped Progress Bar <span class=\"vc_label_units\">85%<\/span><\/small><span class=\"vc_bar striped\" data-percentage-value=\"85\" data-value=\"85\"><\/span><\/div><\/div><div class=\"vc_progress_bar wpb_content_element vc_custom_1502094794586  vc_progress-bar-color-bar_blue\" ><div class=\"vc_general vc_single_bar\"><small class=\"vc_label\">Animated Striped Progress Bar <span class=\"vc_label_units\">95%<\/span><\/small><span class=\"vc_bar animated striped\" data-percentage-value=\"95\" data-value=\"95\"><\/span><\/div><\/div><\/div><\/div><\/div><\/div><\/div><\/section><section class=\"vc_section\"><div class=\"container\"><div class=\"vc_row wpb_row vc_row-fluid\"><div class=\"wpb_column vc_column_container vc_col-sm-4\"><div class=\"vc_column-inner\"><div class=\"wpb_wrapper\"><section class=\"vc_cta3-container\"><div class=\"vc_general vc_do_cta3 vc_cta3 vc_cta3-style-classic vc_cta3-shape-square vc_cta3-align-left vc_cta3-color-classic vc_cta3-icon-size-md vc_custom_1502094873494\"><div class=\"vc_cta3_content-container\"><div class=\"vc_cta3-content\"><header class=\"vc_cta3-content-header\"><h2 style=\"font-size: 20px;line-height: 24px;\" class=\"vc_custom_heading\" >Unit Control<\/h2><\/header><p>Each progress bar can have a different unit symobl, or left empty for no unit.<\/p>\n<\/div><\/div><\/div><\/section><\/div><\/div><\/div><div class=\"wpb_column vc_column_container vc_col-sm-8\"><div class=\"vc_column-inner\"><div class=\"wpb_wrapper\"><div class=\"vc_progress_bar wpb_content_element vc_custom_1502095146546  vc_progress-bar-color-bar_green\" ><div class=\"vc_general vc_single_bar\"><small class=\"vc_label\"> Progress Bar With No Unit<\/small><span class=\"vc_bar\" data-percentage-value=\"80\" data-value=\"80\"><\/span><\/div><\/div><div class=\"vc_progress_bar wpb_content_element vc_custom_1502095156079  vc_progress-bar-color-bar_green\" ><div class=\"vc_general vc_single_bar\"><small class=\"vc_label\"> Progress Bar With Different Unit <span class=\"vc_label_units\">85%<\/span><\/small><span class=\"vc_bar\" data-percentage-value=\"85\" data-value=\"85\"><\/span><\/div><\/div><div class=\"vc_progress_bar wpb_content_element vc_custom_1502095164340  vc_progress-bar-color-bar_green\" ><div class=\"vc_general vc_single_bar\"><small class=\"vc_label\"> Progress Bar With Different Unit <span class=\"vc_label_units\">95\u00a3<\/span><\/small><span class=\"vc_bar\" data-percentage-value=\"95\" data-value=\"95\"><\/span><\/div><\/div><\/div><\/div><\/div><\/div><\/div><\/section>\n<\/div>","protected":false},"excerpt":{"rendered":"Control ColorsEach progress bar can have a different filled \/ unfilled color and text color. Marketing Strategy 95% Customers Referred Daily 80%Repeat Business From Clients 85%Animated Striped BarsEach progress bar can have a striped or solid fill, and the stripes can animate. Solid Progress Bar 80% Striped Progress Bar 85%Animated Striped Progress Bar 95%Unit ControlEach [...]","protected":false},"author":1,"featured_media":0,"parent":0,"menu_order":0,"comment_status":"closed","ping_status":"closed","template":"page-nocontainer.php","meta":{"footnotes":""},"class_list":["post-1738","page","type-page","status-publish","hentry"],"yoast_head":"<!-- This site is optimized with the Yoast SEO Premium plugin v27.3 (Yoast SEO v27.3) - https:\/\/yoast.com\/product\/yoast-seo-premium-wordpress\/ -->\n<title>Progress Bar - BAROSA Congelados | Manuel de Sousa Barosa, Lda.<\/title>\n<meta name=\"robots\" content=\"index, follow, max-snippet:-1, max-image-preview:large, max-video-preview:-1\" \/>\n<link rel=\"canonical\" href=\"https:\/\/www.barosa.com\/de\/progress-bar\/\" \/>\n<meta property=\"og:locale\" content=\"de_DE\" \/>\n<meta property=\"og:type\" content=\"article\" \/>\n<meta property=\"og:title\" content=\"Progress Bar\" \/>\n<meta property=\"og:url\" content=\"https:\/\/www.barosa.com\/de\/progress-bar\/\" \/>\n<meta property=\"og:site_name\" content=\"BAROSA Congelados | Manuel de Sousa Barosa, Lda.\" \/>\n<meta property=\"article:publisher\" content=\"http:\/\/www.facebook.com\/barosa\/\" \/>\n<meta property=\"article:modified_time\" content=\"2017-08-07T08:39:26+00:00\" \/>\n<meta property=\"og:image\" content=\"https:\/\/www.barosa.com\/wp-content\/uploads\/2024\/02\/BAROSA-Logo-1200-x-675.jpg\" \/>\n\t<meta property=\"og:image:width\" content=\"1200\" \/>\n\t<meta property=\"og:image:height\" content=\"675\" \/>\n\t<meta property=\"og:image:type\" content=\"image\/jpeg\" \/>\n<meta name=\"twitter:card\" content=\"summary_large_image\" \/>\n<meta name=\"twitter:site\" content=\"@barosa_lda\" \/>\n<meta name=\"twitter:label1\" content=\"Gesch\u00e4tzte Lesezeit\" \/>\n\t<meta name=\"twitter:data1\" content=\"2\u00a0Minuten\" \/>\n<script type=\"application\/ld+json\" class=\"yoast-schema-graph\">{\"@context\":\"https:\\\/\\\/schema.org\",\"@graph\":[{\"@type\":\"WebPage\",\"@id\":\"https:\\\/\\\/www.barosa.com\\\/progress-bar\\\/\",\"url\":\"https:\\\/\\\/www.barosa.com\\\/progress-bar\\\/\",\"name\":\"Progress Bar - BAROSA Congelados | Manuel de Sousa Barosa, Lda.\",\"isPartOf\":{\"@id\":\"https:\\\/\\\/www.barosa.com\\\/#website\"},\"datePublished\":\"2017-08-05T02:56:27+00:00\",\"dateModified\":\"2017-08-07T08:39:26+00:00\",\"breadcrumb\":{\"@id\":\"https:\\\/\\\/www.barosa.com\\\/progress-bar\\\/#breadcrumb\"},\"inLanguage\":\"de\",\"potentialAction\":[{\"@type\":\"ReadAction\",\"target\":[\"https:\\\/\\\/www.barosa.com\\\/progress-bar\\\/\"]}]},{\"@type\":\"BreadcrumbList\",\"@id\":\"https:\\\/\\\/www.barosa.com\\\/progress-bar\\\/#breadcrumb\",\"itemListElement\":[{\"@type\":\"ListItem\",\"position\":1,\"name\":\"In\u00edcio\",\"item\":\"https:\\\/\\\/www.barosa.com\\\/\"},{\"@type\":\"ListItem\",\"position\":2,\"name\":\"Progress Bar\"}]},{\"@type\":\"WebSite\",\"@id\":\"https:\\\/\\\/www.barosa.com\\\/#website\",\"url\":\"https:\\\/\\\/www.barosa.com\\\/\",\"name\":\"BAROSA Congelados | Manuel de Sousa Barosa, Lda.\",\"description\":\"Empresa de transforma\u00e7\u00e3o e comercializa\u00e7\u00e3o de produtos alimentares congelados. BAROSA \u00ae Pescados, &quot;N\u00e3o h\u00e1 bom garfo que resista\u00ae&quot;. BAROSA \u00ae FoodService &quot;O lado bom da comida\u00ae&quot;. Pescados Crust\u00e1ceos Mariscos Cefal\u00f3podes Bivalves Padaria Pastelaria Pizzas Sobremesas\",\"publisher\":{\"@id\":\"https:\\\/\\\/www.barosa.com\\\/#organization\"},\"alternateName\":\"BAROSA\u00ae\",\"potentialAction\":[{\"@type\":\"SearchAction\",\"target\":{\"@type\":\"EntryPoint\",\"urlTemplate\":\"https:\\\/\\\/www.barosa.com\\\/?s={search_term_string}\"},\"query-input\":{\"@type\":\"PropertyValueSpecification\",\"valueRequired\":true,\"valueName\":\"search_term_string\"}}],\"inLanguage\":\"de\"},{\"@type\":\"Organization\",\"@id\":\"https:\\\/\\\/www.barosa.com\\\/#organization\",\"name\":\"Manuel de Sousa Barosa, Lda.\",\"alternateName\":\"BAROSA\",\"url\":\"https:\\\/\\\/www.barosa.com\\\/\",\"logo\":{\"@type\":\"ImageObject\",\"inLanguage\":\"de\",\"@id\":\"https:\\\/\\\/www.barosa.com\\\/#\\\/schema\\\/logo\\\/image\\\/\",\"url\":\"https:\\\/\\\/www.barosa.com\\\/wp-content\\\/uploads\\\/2025\\\/03\\\/BAROSA-Logo-696x696-1.jpg\",\"contentUrl\":\"https:\\\/\\\/www.barosa.com\\\/wp-content\\\/uploads\\\/2025\\\/03\\\/BAROSA-Logo-696x696-1.jpg\",\"width\":696,\"height\":696,\"caption\":\"Manuel de Sousa Barosa, Lda.\"},\"image\":{\"@id\":\"https:\\\/\\\/www.barosa.com\\\/#\\\/schema\\\/logo\\\/image\\\/\"},\"sameAs\":[\"http:\\\/\\\/www.facebook.com\\\/barosa\\\/\",\"https:\\\/\\\/x.com\\\/barosa_lda\",\"https:\\\/\\\/www.instagram.com\\\/barosa_lda\\\/\",\"https:\\\/\\\/pt.linkedin.com\\\/company\\\/barosa-lda\"],\"description\":\"Empresa de transforma\u00e7\u00e3o e comercializa\u00e7\u00e3o de produtos alimentares congelados. BAROSA \u00ae Pescados, \\\"N\u00e3o h\u00e1 bom garfo que resista\u00ae\\\". BAROSA \u00ae FoodService \\\"O lado bom da comida!\u00ae\\\"\",\"email\":\"info@barosa.com\",\"telephone\":\"+351 262824403\",\"legalName\":\"Manuel de Sousa Barosa, Lda.\",\"foundingDate\":\"1975-05-21\",\"vatID\":\"503365190\",\"taxID\":\"503365190\",\"duns\":\"452388713\",\"numberOfEmployees\":{\"@type\":\"QuantitativeValue\",\"minValue\":\"11\",\"maxValue\":\"50\"},\"ethicsPolicy\":\"https:\\\/\\\/www.barosa.com\\\/politicaprivacidade\\\/\"}]}<\/script>\n<!-- \/ Yoast SEO Premium plugin. -->","yoast_head_json":{"title":"Progress Bar - BAROSA Congelados | Manuel de Sousa Barosa, Lda.","robots":{"index":"index","follow":"follow","max-snippet":"max-snippet:-1","max-image-preview":"max-image-preview:large","max-video-preview":"max-video-preview:-1"},"canonical":"https:\/\/www.barosa.com\/de\/progress-bar\/","og_locale":"de_DE","og_type":"article","og_title":"Progress Bar","og_url":"https:\/\/www.barosa.com\/de\/progress-bar\/","og_site_name":"BAROSA Congelados | Manuel de Sousa Barosa, Lda.","article_publisher":"http:\/\/www.facebook.com\/barosa\/","article_modified_time":"2017-08-07T08:39:26+00:00","og_image":[{"width":1200,"height":675,"url":"https:\/\/www.barosa.com\/wp-content\/uploads\/2024\/02\/BAROSA-Logo-1200-x-675.jpg","type":"image\/jpeg"}],"twitter_card":"summary_large_image","twitter_site":"@barosa_lda","twitter_misc":{"Gesch\u00e4tzte Lesezeit":"2\u00a0Minuten"},"schema":{"@context":"https:\/\/schema.org","@graph":[{"@type":"WebPage","@id":"https:\/\/www.barosa.com\/progress-bar\/","url":"https:\/\/www.barosa.com\/progress-bar\/","name":"Progress Bar - BAROSA Congelados | Manuel de Sousa Barosa, Lda.","isPartOf":{"@id":"https:\/\/www.barosa.com\/#website"},"datePublished":"2017-08-05T02:56:27+00:00","dateModified":"2017-08-07T08:39:26+00:00","breadcrumb":{"@id":"https:\/\/www.barosa.com\/progress-bar\/#breadcrumb"},"inLanguage":"de","potentialAction":[{"@type":"ReadAction","target":["https:\/\/www.barosa.com\/progress-bar\/"]}]},{"@type":"BreadcrumbList","@id":"https:\/\/www.barosa.com\/progress-bar\/#breadcrumb","itemListElement":[{"@type":"ListItem","position":1,"name":"In\u00edcio","item":"https:\/\/www.barosa.com\/"},{"@type":"ListItem","position":2,"name":"Progress Bar"}]},{"@type":"WebSite","@id":"https:\/\/www.barosa.com\/#website","url":"https:\/\/www.barosa.com\/","name":"BAROSA Congelados | Manuel de Sousa Barosa, Lda.","description":"Ein Unternehmen, das Tiefk\u00fchlkostprodukte verarbeitet und verkauft. BAROSA \u00ae Fisch, \"Keine gute Gabel kann widerstehen\u00ae\". BAROSA \u00ae FoodService \"Die gute Seite des Essens\u00ae\". Fisch Krustentiere Schalentiere Kopff\u00fc\u00dfer Muscheln B\u00e4ckerei Geb\u00e4ck Pizzas Desserts","publisher":{"@id":"https:\/\/www.barosa.com\/#organization"},"alternateName":"BAROSA\u00ae","potentialAction":[{"@type":"SearchAction","target":{"@type":"EntryPoint","urlTemplate":"https:\/\/www.barosa.com\/?s={search_term_string}"},"query-input":{"@type":"PropertyValueSpecification","valueRequired":true,"valueName":"search_term_string"}}],"inLanguage":"de"},{"@type":"Organization","@id":"https:\/\/www.barosa.com\/#organization","name":"Manuel de Sousa Barosa, Lda.","alternateName":"BAROSA","url":"https:\/\/www.barosa.com\/","logo":{"@type":"ImageObject","inLanguage":"de","@id":"https:\/\/www.barosa.com\/#\/schema\/logo\/image\/","url":"https:\/\/www.barosa.com\/wp-content\/uploads\/2025\/03\/BAROSA-Logo-696x696-1.jpg","contentUrl":"https:\/\/www.barosa.com\/wp-content\/uploads\/2025\/03\/BAROSA-Logo-696x696-1.jpg","width":696,"height":696,"caption":"Manuel de Sousa Barosa, Lda."},"image":{"@id":"https:\/\/www.barosa.com\/#\/schema\/logo\/image\/"},"sameAs":["http:\/\/www.facebook.com\/barosa\/","https:\/\/x.com\/barosa_lda","https:\/\/www.instagram.com\/barosa_lda\/","https:\/\/pt.linkedin.com\/company\/barosa-lda"],"description":"Ein Unternehmen, das Tiefk\u00fchlkostprodukte verarbeitet und verkauft. BAROSA \u00ae Fisch, \"Keine gute Gabel kann widerstehen\u00ae\". BAROSA \u00ae FoodService \"Die gute Seite des Essens!\u00ae\"","email":"info@barosa.com","telephone":"+351 262824403","legalName":"Manuel de Sousa Barosa, Lda.","foundingDate":"1975-05-21","vatID":"503365190","taxID":"503365190","duns":"452388713","numberOfEmployees":{"@type":"QuantitativeValue","minValue":"11","maxValue":"50"},"ethicsPolicy":"https:\/\/www.barosa.com\/politicaprivacidade\/"}]}},"_links":{"self":[{"href":"https:\/\/www.barosa.com\/de\/wp-json\/wp\/v2\/pages\/1738","targetHints":{"allow":["GET"]}}],"collection":[{"href":"https:\/\/www.barosa.com\/de\/wp-json\/wp\/v2\/pages"}],"about":[{"href":"https:\/\/www.barosa.com\/de\/wp-json\/wp\/v2\/types\/page"}],"author":[{"embeddable":true,"href":"https:\/\/www.barosa.com\/de\/wp-json\/wp\/v2\/users\/1"}],"replies":[{"embeddable":true,"href":"https:\/\/www.barosa.com\/de\/wp-json\/wp\/v2\/comments?post=1738"}],"version-history":[{"count":0,"href":"https:\/\/www.barosa.com\/de\/wp-json\/wp\/v2\/pages\/1738\/revisions"}],"wp:attachment":[{"href":"https:\/\/www.barosa.com\/de\/wp-json\/wp\/v2\/media?parent=1738"}],"curies":[{"name":"wp","href":"https:\/\/api.w.org\/{rel}","templated":true}]}}