{"id":1297,"date":"2017-07-17T02:36:14","date_gmt":"2017-07-17T02:36:14","guid":{"rendered":"https:\/\/digitextus.pt\/barosa\/?page_id=1297"},"modified":"2017-09-08T08:55:05","modified_gmt":"2017-09-08T08:55:05","slug":"blog-page-05","status":"publish","type":"page","link":"https:\/\/www.barosa.com\/de\/blog-page-05\/","title":{"rendered":"Blog Page 05"},"content":{"rendered":"<div class=\"wpb-content-wrapper\"><section data-vc-parallax=\"1.5\" class=\"vc_section bt-titlebar-section vc_custom_1504860730104 vc_section-has-fill vc_general vc_parallax vc_parallax-content-moving\"><div class=\"container\"><div class=\"vc_row wpb_row vc_row-fluid\"><div class=\"wpb_column vc_column_container vc_col-sm-12\"><div class=\"vc_column-inner\"><div class=\"wpb_wrapper\">\t\t\t<div class=\"bt-text-uppercase bt-element bt-page-breadcrumb-element text-center  vc_custom_1503977106044\"  >\r\n\t\t\t\t<a href=\"https:\/\/www.barosa.com\/de\/\">Startseite<\/a> - <span class=\"current\">Seite<\/span>\t\t\t<\/div>\r\n\t\t<h2 style=\"font-size: 60px;color: #ffffff;line-height: 70px;text-align: center;\" class=\"vc_custom_heading bt-text-uppercase\" >Blog Page 05<\/h2><\/div><\/div><\/div><\/div><\/div><\/section><section class=\"vc_section vc_custom_1500018070331\"><div class=\"container\"><div class=\"vc_row wpb_row vc_row-fluid vc_custom_1500017691726\"><div class=\"wpb_column vc_column_container vc_col-sm-12 vc_col-lg-4 vc_col-md-4\"><div class=\"vc_column-inner\"><div class=\"wpb_wrapper\"><div  class=\"wpb_widgetised_column wpb_content_element bt-sidebar bt-left-sidebar\">\n\t\t<div class=\"wpb_wrapper\">\n\t\t\t\n\t\t\t<div id=\"woocommerce_product_search-3\" class=\"widget woocommerce widget_product_search\"><h4 class=\"wg-title\">Suche<\/h4><form role=\"search\" method=\"get\" class=\"woocommerce-product-search\" action=\"https:\/\/www.barosa.com\/de\/\" data-trp-original-action=\"https:\/\/www.barosa.com\/de\/\">\n\t<label class=\"screen-reader-text\" for=\"woocommerce-product-search-field-0\" data-no-translation=\"\" data-trp-gettext=\"\">Suche nach:<\/label>\n\t<input type=\"search\" id=\"woocommerce-product-search-field-0\" class=\"search-field\" placeholder=\"Produkte suchen\u00a0\u2026\" value=\"\" name=\"s\" data-no-translation-placeholder=\"\" \/>\n\t<button type=\"submit\" value=\"Suchen\" class=\"\" data-no-translation=\"\" data-trp-gettext=\"\" data-no-translation-value=\"\">Suchen<\/button>\n\t<input type=\"hidden\" name=\"post_type\" value=\"product\" \/>\n<input type=\"hidden\" name=\"trp-form-language\" value=\"de\"\/><\/form>\n<\/div><div id=\"categories-3\" class=\"widget widget_categories\"><h4 class=\"wg-title\">Categorias<\/h4>\n\t\t\t<ul>\n\t\t\t\t\t<li class=\"cat-item cat-item-472\"><a href=\"https:\/\/www.barosa.com\/de\/preco\/baixa-validade\/\">Baixa Validade<\/a> (1)\n<\/li>\n\t<li class=\"cat-item cat-item-66\"><a href=\"https:\/\/www.barosa.com\/de\/preco\/novidades\/\">Novidades<\/a> (4)\n<\/li>\n\t<li class=\"cat-item cat-item-65\"><a href=\"https:\/\/www.barosa.com\/de\/preco\/promocoes\/\">Werbeaktionen<\/a> (3)\n<\/li>\n\t<li class=\"cat-item cat-item-1\"><a href=\"https:\/\/www.barosa.com\/de\/preco\/uncategorized\/\">Uncategorized<\/a> (4)\n<\/li>\n\t\t\t<\/ul>\n\n\t\t\t<\/div>\n\t\t<\/div>\n\t<\/div>\n<\/div><\/div><\/div><div class=\"wpb_column vc_column_container vc_col-sm-12 vc_col-lg-8 vc_col-md-8\"><div class=\"vc_column-inner\"><div class=\"wpb_wrapper\">\t\t\t<div class=\"bt-element bt-blog-grid-element bt-grid-fixed default\"  >\r\n\t\t\t\t<div class=\"row\">\r\n\t\t\t\t\t\t\t\t\t\t\t<div style=\"padding-left: 15px; padding-right: 15px; margin-bottom: 30px;\" class=\"col-lg-6 col-md-6 col-sm-6 col-xs-12\">\r\n\t\t\t\t\t\t\t<div class=\"bt-item\">\r\n\t<div class=\"bt-media standard\">\r\n\t\t<img loading=\"lazy\" decoding=\"async\" width=\"250\" height=\"250\" src=\"https:\/\/www.barosa.com\/wp-content\/uploads\/2019\/01\/Vieiras-Novidade.jpg\" class=\"attachment-full\" alt=\"Jakobsmuscheln Neu\" title=\"Jakobsmuscheln Neu\" srcset=\"https:\/\/www.barosa.com\/wp-content\/uploads\/2019\/01\/Vieiras-Novidade.jpg 250w, https:\/\/www.barosa.com\/wp-content\/uploads\/2019\/01\/Vieiras-Novidade-150x150.jpg 150w, https:\/\/www.barosa.com\/wp-content\/uploads\/2019\/01\/Vieiras-Novidade-12x12.jpg 12w, https:\/\/www.barosa.com\/wp-content\/uploads\/2019\/01\/Vieiras-Novidade-100x100.jpg 100w\" sizes=\"auto, (max-width: 250px) 100vw, 250px\" \/>\t\t<div class=\"bt-term\"><\/div>\r\n\t<\/div>\r\n\t<div class=\"bt-content\">\r\n\t\t<h3 class=\"bt-title\"><a href=\"https:\/\/www.barosa.com\/de\/nov1\/\">Jakobsmuscheln aus Peru<\/a><\/h3>\r\n\t\t<ul class=\"bt-meta\">\r\n\t\t\t<li>By <strong>adminbarosa<\/strong><\/li>\r\n\t\t\t<li>on <strong>Jan. 02, 2019<\/strong><\/li>\r\n\t\t<\/ul>\r\n\t\t<div class=\"bt-excerpt\">Vieiras do Per\u00fa Meia Concha As nossa vieiras s\u00e3o um convite \u00e0 indulg\u00eancia: apetitosas, saborosas e com uma textura que.<\/div><a class=\"bt-readmore\" href=\"https:\/\/www.barosa.com\/de\/nov1\/\">Read More<\/a>\t<\/div>\r\n<\/div>\t\t\t\t\t\t<\/div>\r\n\t\t\t\t\t\t\t\t\t\t\t<div style=\"padding-left: 15px; padding-right: 15px; margin-bottom: 30px;\" class=\"col-lg-6 col-md-6 col-sm-6 col-xs-12\">\r\n\t\t\t\t\t\t\t<div class=\"bt-item\">\r\n\t<div class=\"bt-media standard\">\r\n\t\t<img loading=\"lazy\" decoding=\"async\" width=\"250\" height=\"250\" src=\"https:\/\/www.barosa.com\/wp-content\/uploads\/2022\/07\/Hamburguer-Frango-Promo.jpg\" class=\"attachment-full\" alt=\"H\u00fchnchen Burger Promo\" title=\"H\u00fchnchen Burger Promo\" srcset=\"https:\/\/www.barosa.com\/wp-content\/uploads\/2022\/07\/Hamburguer-Frango-Promo.jpg 250w, https:\/\/www.barosa.com\/wp-content\/uploads\/2022\/07\/Hamburguer-Frango-Promo-150x150.jpg 150w, https:\/\/www.barosa.com\/wp-content\/uploads\/2022\/07\/Hamburguer-Frango-Promo-12x12.jpg 12w, https:\/\/www.barosa.com\/wp-content\/uploads\/2022\/07\/Hamburguer-Frango-Promo-100x100.jpg 100w\" sizes=\"auto, (max-width: 250px) 100vw, 250px\" \/>\t\t<div class=\"bt-term\"><\/div>\r\n\t<\/div>\r\n\t<div class=\"bt-content\">\r\n\t\t<h3 class=\"bt-title\"><a href=\"https:\/\/www.barosa.com\/de\/promo1\/\">H\u00e4hnchen-Burger<\/a><\/h3>\r\n\t\t<ul class=\"bt-meta\">\r\n\t\t\t<li>By <strong>adminbarosa<\/strong><\/li>\r\n\t\t\t<li>on <strong>Jan. 01, 2019<\/strong><\/li>\r\n\t\t<\/ul>\r\n\t\t<div class=\"bt-excerpt\">Hamb\u00farguer de Frango Ir para o produto, clique aqui. BAROSA FoodService &#8220;O lado bom da comida!&#8221;<\/div><a class=\"bt-readmore\" href=\"https:\/\/www.barosa.com\/de\/promo1\/\">Read More<\/a>\t<\/div>\r\n<\/div>\t\t\t\t\t\t<\/div>\r\n\t\t\t\t\t\t\t\t\t\t\t<div style=\"padding-left: 15px; padding-right: 15px; margin-bottom: 30px;\" class=\"col-lg-6 col-md-6 col-sm-6 col-xs-12\">\r\n\t\t\t\t\t\t\t<div class=\"bt-item\">\r\n\t<div class=\"bt-media standard\">\r\n\t\t<img loading=\"lazy\" decoding=\"async\" width=\"250\" height=\"250\" src=\"https:\/\/www.barosa.com\/wp-content\/uploads\/2022\/07\/Corvina-Prata-Promo.jpg\" class=\"attachment-full\" alt=\"Silberne Corvina Promo\" title=\"Silberne Corvina Promo\" srcset=\"https:\/\/www.barosa.com\/wp-content\/uploads\/2022\/07\/Corvina-Prata-Promo.jpg 250w, https:\/\/www.barosa.com\/wp-content\/uploads\/2022\/07\/Corvina-Prata-Promo-150x150.jpg 150w, https:\/\/www.barosa.com\/wp-content\/uploads\/2022\/07\/Corvina-Prata-Promo-12x12.jpg 12w, https:\/\/www.barosa.com\/wp-content\/uploads\/2022\/07\/Corvina-Prata-Promo-100x100.jpg 100w\" sizes=\"auto, (max-width: 250px) 100vw, 250px\" \/>\t\t<div class=\"bt-term\"><\/div>\r\n\t<\/div>\r\n\t<div class=\"bt-content\">\r\n\t\t<h3 class=\"bt-title\"><a href=\"https:\/\/www.barosa.com\/de\/promo2\/\">Silberner Krokodilfisch<\/a><\/h3>\r\n\t\t<ul class=\"bt-meta\">\r\n\t\t\t<li>By <strong>adminbarosa<\/strong><\/li>\r\n\t\t\t<li>on <strong>Jan. 03, 2019<\/strong><\/li>\r\n\t\t<\/ul>\r\n\t\t<div class=\"bt-excerpt\">Integer posuere erat a ante venenatis dapibus posuere velit aliquetpraesent commodo cursus magna.<\/div><a class=\"bt-readmore\" href=\"https:\/\/www.barosa.com\/de\/promo2\/\">Read More<\/a>\t<\/div>\r\n<\/div>\t\t\t\t\t\t<\/div>\r\n\t\t\t\t\t\t\t\t\t\t\t<div style=\"padding-left: 15px; padding-right: 15px; margin-bottom: 30px;\" class=\"col-lg-6 col-md-6 col-sm-6 col-xs-12\">\r\n\t\t\t\t\t\t\t<div class=\"bt-item\">\r\n\t<div class=\"bt-media standard\">\r\n\t\t<img loading=\"lazy\" decoding=\"async\" width=\"250\" height=\"250\" src=\"https:\/\/www.barosa.com\/wp-content\/uploads\/2023\/07\/Massas-Dr-Oetker-2023-Novidade.jpg\" class=\"attachment-full\" alt=\"Dr. Oetker Nudeln 2023 Neu\" title=\"Dr. Oetker Nudeln 2023 Neu\" srcset=\"https:\/\/www.barosa.com\/wp-content\/uploads\/2023\/07\/Massas-Dr-Oetker-2023-Novidade.jpg 250w, https:\/\/www.barosa.com\/wp-content\/uploads\/2023\/07\/Massas-Dr-Oetker-2023-Novidade-150x150.jpg 150w, https:\/\/www.barosa.com\/wp-content\/uploads\/2023\/07\/Massas-Dr-Oetker-2023-Novidade-12x12.jpg 12w, https:\/\/www.barosa.com\/wp-content\/uploads\/2023\/07\/Massas-Dr-Oetker-2023-Novidade-100x100.jpg 100w\" sizes=\"auto, (max-width: 250px) 100vw, 250px\" \/>\t\t<div class=\"bt-term\"><\/div>\r\n\t<\/div>\r\n\t<div class=\"bt-content\">\r\n\t\t<h3 class=\"bt-title\"><a href=\"https:\/\/www.barosa.com\/de\/nov3\/\">Pasta in 3 Minuten fertig<\/a><\/h3>\r\n\t\t<ul class=\"bt-meta\">\r\n\t\t\t<li>By <strong>adminbarosa<\/strong><\/li>\r\n\t\t\t<li>on <strong>Jan. 06, 2019<\/strong><\/li>\r\n\t\t<\/ul>\r\n\t\t<div class=\"bt-excerpt\">Integer posuere erat a ante venenatis dapibus posuere velit aliquetpraesent commodo cursus magna.<\/div><a class=\"bt-readmore\" href=\"https:\/\/www.barosa.com\/de\/nov3\/\">Read More<\/a>\t<\/div>\r\n<\/div>\t\t\t\t\t\t<\/div>\r\n\t\t\t\t\t\t\t\t\t\t\t<div style=\"padding-left: 15px; padding-right: 15px; margin-bottom: 30px;\" class=\"col-lg-6 col-md-6 col-sm-6 col-xs-12\">\r\n\t\t\t\t\t\t\t<div class=\"bt-item\">\r\n\t<div class=\"bt-media standard\">\r\n\t\t<img loading=\"lazy\" decoding=\"async\" width=\"250\" height=\"250\" src=\"https:\/\/www.barosa.com\/wp-content\/uploads\/2024\/12\/Bolo-do-Caco-Novidades.jpg\" class=\"attachment-full\" alt=\"Bolo do Caco Neu\" title=\"Bolo do Caco Neu\" srcset=\"https:\/\/www.barosa.com\/wp-content\/uploads\/2024\/12\/Bolo-do-Caco-Novidades.jpg 250w, https:\/\/www.barosa.com\/wp-content\/uploads\/2024\/12\/Bolo-do-Caco-Novidades-150x150.jpg 150w, https:\/\/www.barosa.com\/wp-content\/uploads\/2024\/12\/Bolo-do-Caco-Novidades-12x12.jpg 12w, https:\/\/www.barosa.com\/wp-content\/uploads\/2024\/12\/Bolo-do-Caco-Novidades-100x100.jpg 100w\" sizes=\"auto, (max-width: 250px) 100vw, 250px\" \/>\t\t<div class=\"bt-term\"><\/div>\r\n\t<\/div>\r\n\t<div class=\"bt-content\">\r\n\t\t<h3 class=\"bt-title\"><a href=\"https:\/\/www.barosa.com\/de\/novidade-2\/\">Cacos Kuchen<\/a><\/h3>\r\n\t\t<ul class=\"bt-meta\">\r\n\t\t\t<li>By <strong>Jorge Barosa<\/strong><\/li>\r\n\t\t\t<li>on <strong>Jan. 04, 2019<\/strong><\/li>\r\n\t\t<\/ul>\r\n\t\t<div class=\"bt-excerpt\">\u00c9 uma receita portuguesa, da Ilha da Madeira, de um p\u00e3o de frigideira feito com batata-doce e farinha de trigo,.<\/div><a class=\"bt-readmore\" href=\"https:\/\/www.barosa.com\/de\/novidade-2\/\">Read More<\/a>\t<\/div>\r\n<\/div>\t\t\t\t\t\t<\/div>\r\n\t\t\t\t\t\t\t\t\t<\/div>\r\n\t\t\t\t\t\t\t\t\t<nav class=\"bt-pagination\" role=\"navigation\">\r\n\t\t\t\t\t\t\t\t\t\t\t<\/nav>\r\n\t\t\t\t\t\t\t<\/div>\r\n\t\t<\/div><\/div><\/div><\/div><\/div><\/section>\n<\/div>","protected":false},"excerpt":{"rendered":"\u00c9 uma receita portuguesa, da Ilha da Madeira, de um p\u00e3o de frigideira feito com batata-doce e farinha de trigo, \u00e9 \u00f3timo como entrada, acompanhamento, um num mix de prato principal. BOLO DO CACO 100 Grs \"ORIGINAL\" BOLO DO CACO 90 Grs \"ORIGINAL\" BOLO DO CACO TINTA DE CHOCO 90 Grs BOLO DO CACO A\u00c7AFR\u00c3O [...]","protected":false},"author":1,"featured_media":0,"parent":0,"menu_order":0,"comment_status":"closed","ping_status":"closed","template":"page-nocontainer.php","meta":{"footnotes":""},"class_list":["post-1297","page","type-page","status-publish","hentry"],"yoast_head":"<!-- This site is optimized with the Yoast SEO Premium plugin v27.2 (Yoast SEO v27.3) - https:\/\/yoast.com\/product\/yoast-seo-premium-wordpress\/ -->\n<title>Blog Page 05 - BAROSA Congelados | Manuel de Sousa Barosa, Lda.<\/title>\n<meta name=\"robots\" content=\"index, follow, max-snippet:-1, max-image-preview:large, max-video-preview:-1\" \/>\n<link rel=\"canonical\" href=\"https:\/\/www.barosa.com\/de\/blog-page-05\/\" \/>\n<meta property=\"og:locale\" content=\"de_DE\" \/>\n<meta property=\"og:type\" content=\"article\" \/>\n<meta property=\"og:title\" content=\"Blog Page 05\" \/>\n<meta property=\"og:url\" content=\"https:\/\/www.barosa.com\/de\/blog-page-05\/\" \/>\n<meta property=\"og:site_name\" content=\"BAROSA Congelados | Manuel de Sousa Barosa, Lda.\" \/>\n<meta property=\"article:publisher\" content=\"http:\/\/www.facebook.com\/barosa\/\" \/>\n<meta property=\"article:modified_time\" content=\"2017-09-08T08:55:05+00:00\" \/>\n<meta property=\"og:image\" content=\"https:\/\/www.barosa.com\/wp-content\/uploads\/2024\/02\/BAROSA-Logo-1200-x-675.jpg\" \/>\n\t<meta property=\"og:image:width\" content=\"1200\" \/>\n\t<meta property=\"og:image:height\" content=\"675\" \/>\n\t<meta property=\"og:image:type\" content=\"image\/jpeg\" \/>\n<meta name=\"twitter:card\" content=\"summary_large_image\" \/>\n<meta name=\"twitter:site\" content=\"@barosa_lda\" \/>\n<meta name=\"twitter:label1\" content=\"Gesch\u00e4tzte Lesezeit\" \/>\n\t<meta name=\"twitter:data1\" content=\"1\u00a0Minute\" \/>\n<script type=\"application\/ld+json\" class=\"yoast-schema-graph\">{\"@context\":\"https:\\\/\\\/schema.org\",\"@graph\":[{\"@type\":\"WebPage\",\"@id\":\"https:\\\/\\\/www.barosa.com\\\/blog-page-05\\\/\",\"url\":\"https:\\\/\\\/www.barosa.com\\\/blog-page-05\\\/\",\"name\":\"Blog Page 05 - BAROSA Congelados | Manuel de Sousa Barosa, Lda.\",\"isPartOf\":{\"@id\":\"https:\\\/\\\/www.barosa.com\\\/#website\"},\"datePublished\":\"2017-07-17T02:36:14+00:00\",\"dateModified\":\"2017-09-08T08:55:05+00:00\",\"breadcrumb\":{\"@id\":\"https:\\\/\\\/www.barosa.com\\\/blog-page-05\\\/#breadcrumb\"},\"inLanguage\":\"de\",\"potentialAction\":[{\"@type\":\"ReadAction\",\"target\":[\"https:\\\/\\\/www.barosa.com\\\/blog-page-05\\\/\"]}]},{\"@type\":\"BreadcrumbList\",\"@id\":\"https:\\\/\\\/www.barosa.com\\\/blog-page-05\\\/#breadcrumb\",\"itemListElement\":[{\"@type\":\"ListItem\",\"position\":1,\"name\":\"In\u00edcio\",\"item\":\"https:\\\/\\\/www.barosa.com\\\/\"},{\"@type\":\"ListItem\",\"position\":2,\"name\":\"Blog Page 05\"}]},{\"@type\":\"WebSite\",\"@id\":\"https:\\\/\\\/www.barosa.com\\\/#website\",\"url\":\"https:\\\/\\\/www.barosa.com\\\/\",\"name\":\"BAROSA Congelados | Manuel de Sousa Barosa, Lda.\",\"description\":\"Empresa de transforma\u00e7\u00e3o e comercializa\u00e7\u00e3o de produtos alimentares congelados. BAROSA \u00ae Pescados, &quot;N\u00e3o h\u00e1 bom garfo que resista\u00ae&quot;. BAROSA \u00ae FoodService &quot;O lado bom da comida\u00ae&quot;. Pescados Crust\u00e1ceos Mariscos Cefal\u00f3podes Bivalves Padaria Pastelaria Pizzas Sobremesas\",\"publisher\":{\"@id\":\"https:\\\/\\\/www.barosa.com\\\/#organization\"},\"alternateName\":\"BAROSA\u00ae\",\"potentialAction\":[{\"@type\":\"SearchAction\",\"target\":{\"@type\":\"EntryPoint\",\"urlTemplate\":\"https:\\\/\\\/www.barosa.com\\\/?s={search_term_string}\"},\"query-input\":{\"@type\":\"PropertyValueSpecification\",\"valueRequired\":true,\"valueName\":\"search_term_string\"}}],\"inLanguage\":\"de\"},{\"@type\":\"Organization\",\"@id\":\"https:\\\/\\\/www.barosa.com\\\/#organization\",\"name\":\"Manuel de Sousa Barosa, Lda.\",\"alternateName\":\"BAROSA\",\"url\":\"https:\\\/\\\/www.barosa.com\\\/\",\"logo\":{\"@type\":\"ImageObject\",\"inLanguage\":\"de\",\"@id\":\"https:\\\/\\\/www.barosa.com\\\/#\\\/schema\\\/logo\\\/image\\\/\",\"url\":\"https:\\\/\\\/www.barosa.com\\\/wp-content\\\/uploads\\\/2025\\\/03\\\/BAROSA-Logo-696x696-1.jpg\",\"contentUrl\":\"https:\\\/\\\/www.barosa.com\\\/wp-content\\\/uploads\\\/2025\\\/03\\\/BAROSA-Logo-696x696-1.jpg\",\"width\":696,\"height\":696,\"caption\":\"Manuel de Sousa Barosa, Lda.\"},\"image\":{\"@id\":\"https:\\\/\\\/www.barosa.com\\\/#\\\/schema\\\/logo\\\/image\\\/\"},\"sameAs\":[\"http:\\\/\\\/www.facebook.com\\\/barosa\\\/\",\"https:\\\/\\\/x.com\\\/barosa_lda\",\"https:\\\/\\\/www.instagram.com\\\/barosa_lda\\\/\",\"https:\\\/\\\/pt.linkedin.com\\\/company\\\/barosa-lda\"],\"description\":\"Empresa de transforma\u00e7\u00e3o e comercializa\u00e7\u00e3o de produtos alimentares congelados. BAROSA \u00ae Pescados, \\\"N\u00e3o h\u00e1 bom garfo que resista\u00ae\\\". BAROSA \u00ae FoodService \\\"O lado bom da comida!\u00ae\\\"\",\"email\":\"info@barosa.com\",\"telephone\":\"+351 262824403\",\"legalName\":\"Manuel de Sousa Barosa, Lda.\",\"foundingDate\":\"1975-05-21\",\"vatID\":\"503365190\",\"taxID\":\"503365190\",\"duns\":\"452388713\",\"numberOfEmployees\":{\"@type\":\"QuantitativeValue\",\"minValue\":\"11\",\"maxValue\":\"50\"},\"ethicsPolicy\":\"https:\\\/\\\/www.barosa.com\\\/politicaprivacidade\\\/\"}]}<\/script>\n<!-- \/ Yoast SEO Premium plugin. -->","yoast_head_json":{"title":"Blog Page 05 - BAROSA Congelados | Manuel de Sousa Barosa, Lda.","robots":{"index":"index","follow":"follow","max-snippet":"max-snippet:-1","max-image-preview":"max-image-preview:large","max-video-preview":"max-video-preview:-1"},"canonical":"https:\/\/www.barosa.com\/de\/blog-page-05\/","og_locale":"de_DE","og_type":"article","og_title":"Blog Page 05","og_url":"https:\/\/www.barosa.com\/de\/blog-page-05\/","og_site_name":"BAROSA Congelados | Manuel de Sousa Barosa, Lda.","article_publisher":"http:\/\/www.facebook.com\/barosa\/","article_modified_time":"2017-09-08T08:55:05+00:00","og_image":[{"width":1200,"height":675,"url":"https:\/\/www.barosa.com\/wp-content\/uploads\/2024\/02\/BAROSA-Logo-1200-x-675.jpg","type":"image\/jpeg"}],"twitter_card":"summary_large_image","twitter_site":"@barosa_lda","twitter_misc":{"Gesch\u00e4tzte Lesezeit":"1\u00a0Minute"},"schema":{"@context":"https:\/\/schema.org","@graph":[{"@type":"WebPage","@id":"https:\/\/www.barosa.com\/blog-page-05\/","url":"https:\/\/www.barosa.com\/blog-page-05\/","name":"Blog Page 05 - BAROSA Congelados | Manuel de Sousa Barosa, Lda.","isPartOf":{"@id":"https:\/\/www.barosa.com\/#website"},"datePublished":"2017-07-17T02:36:14+00:00","dateModified":"2017-09-08T08:55:05+00:00","breadcrumb":{"@id":"https:\/\/www.barosa.com\/blog-page-05\/#breadcrumb"},"inLanguage":"de","potentialAction":[{"@type":"ReadAction","target":["https:\/\/www.barosa.com\/blog-page-05\/"]}]},{"@type":"BreadcrumbList","@id":"https:\/\/www.barosa.com\/blog-page-05\/#breadcrumb","itemListElement":[{"@type":"ListItem","position":1,"name":"In\u00edcio","item":"https:\/\/www.barosa.com\/"},{"@type":"ListItem","position":2,"name":"Blog Page 05"}]},{"@type":"WebSite","@id":"https:\/\/www.barosa.com\/#website","url":"https:\/\/www.barosa.com\/","name":"BAROSA Congelados | Manuel de Sousa Barosa, Lda.","description":"Ein Unternehmen, das Tiefk\u00fchlkostprodukte verarbeitet und verkauft. BAROSA \u00ae Fisch, \"Keine gute Gabel kann widerstehen\u00ae\". BAROSA \u00ae FoodService \"Die gute Seite des Essens\u00ae\". Fisch Krustentiere Schalentiere Kopff\u00fc\u00dfer Muscheln B\u00e4ckerei Geb\u00e4ck Pizzas Desserts","publisher":{"@id":"https:\/\/www.barosa.com\/#organization"},"alternateName":"BAROSA\u00ae","potentialAction":[{"@type":"SearchAction","target":{"@type":"EntryPoint","urlTemplate":"https:\/\/www.barosa.com\/?s={search_term_string}"},"query-input":{"@type":"PropertyValueSpecification","valueRequired":true,"valueName":"search_term_string"}}],"inLanguage":"de"},{"@type":"Organization","@id":"https:\/\/www.barosa.com\/#organization","name":"Manuel de Sousa Barosa, Lda.","alternateName":"BAROSA","url":"https:\/\/www.barosa.com\/","logo":{"@type":"ImageObject","inLanguage":"de","@id":"https:\/\/www.barosa.com\/#\/schema\/logo\/image\/","url":"https:\/\/www.barosa.com\/wp-content\/uploads\/2025\/03\/BAROSA-Logo-696x696-1.jpg","contentUrl":"https:\/\/www.barosa.com\/wp-content\/uploads\/2025\/03\/BAROSA-Logo-696x696-1.jpg","width":696,"height":696,"caption":"Manuel de Sousa Barosa, Lda."},"image":{"@id":"https:\/\/www.barosa.com\/#\/schema\/logo\/image\/"},"sameAs":["http:\/\/www.facebook.com\/barosa\/","https:\/\/x.com\/barosa_lda","https:\/\/www.instagram.com\/barosa_lda\/","https:\/\/pt.linkedin.com\/company\/barosa-lda"],"description":"Ein Unternehmen, das Tiefk\u00fchlkostprodukte verarbeitet und verkauft. BAROSA \u00ae Fisch, \"Keine gute Gabel kann widerstehen\u00ae\". BAROSA \u00ae FoodService \"Die gute Seite des Essens!\u00ae\"","email":"info@barosa.com","telephone":"+351 262824403","legalName":"Manuel de Sousa Barosa, Lda.","foundingDate":"1975-05-21","vatID":"503365190","taxID":"503365190","duns":"452388713","numberOfEmployees":{"@type":"QuantitativeValue","minValue":"11","maxValue":"50"},"ethicsPolicy":"https:\/\/www.barosa.com\/politicaprivacidade\/"}]}},"_links":{"self":[{"href":"https:\/\/www.barosa.com\/de\/wp-json\/wp\/v2\/pages\/1297","targetHints":{"allow":["GET"]}}],"collection":[{"href":"https:\/\/www.barosa.com\/de\/wp-json\/wp\/v2\/pages"}],"about":[{"href":"https:\/\/www.barosa.com\/de\/wp-json\/wp\/v2\/types\/page"}],"author":[{"embeddable":true,"href":"https:\/\/www.barosa.com\/de\/wp-json\/wp\/v2\/users\/1"}],"replies":[{"embeddable":true,"href":"https:\/\/www.barosa.com\/de\/wp-json\/wp\/v2\/comments?post=1297"}],"version-history":[{"count":0,"href":"https:\/\/www.barosa.com\/de\/wp-json\/wp\/v2\/pages\/1297\/revisions"}],"wp:attachment":[{"href":"https:\/\/www.barosa.com\/de\/wp-json\/wp\/v2\/media?parent=1297"}],"curies":[{"name":"wp","href":"https:\/\/api.w.org\/{rel}","templated":true}]}}